{"id":52128,"date":"2024-11-02T12:57:54","date_gmt":"2024-11-02T12:57:54","guid":{"rendered":"https:\/\/everx.com\/shop-2\/sin categor\u00eda\/epiq-cvx-ex2348\/"},"modified":"2024-11-02T12:57:54","modified_gmt":"2024-11-02T12:57:54","slug":"epiq-cvx-ex2348","status":"publish","type":"product","link":"https:\/\/everx.com\/es\/product\/epiq-cvx-ex2348\/","title":{"rendered":"EPIQ CVx &#8211; EX2348"},"content":{"rendered":"<p><span style=\"color: #cb2026;\"><strong>Este producto ya est\u00e1 vendido. Av\u00edsanos si buscas un producto similar. <\/strong><\/span><\/p>\n<p>Philips EPIQ CVx con xMatrix, ec\u00f3grafo card\u00edaco avanzado<\/p>\n<p>S. N\u00ba &#8211; US819B1063<\/p>\n<p>Fabricado: Agosto 2019<\/p>\n<p>Versi\u00f3n 6.0<\/p>\n<p>Localizaci\u00f3n: Australia (EX2348)<\/p>\n<p>Software Ver: 6.0.0.566<\/p>\n<p>Opciones instaladas: Cardiolog\u00eda Adultos, Tarjeta de Intervenci\u00f3n, xMatrix Performance, Avanzado<\/p>\n<p>UI Card\u00edaca, Modo M Anat\u00f3mico, Doppler Autom\u00e1tico, Exploraci\u00f3n Autom\u00e1tica, Duraci\u00f3n de la Bater\u00eda, Tarjeta de Contraste,<\/p>\n<p>HighQ, MaxVue, Multi Modality Query Retrieve, Netlink Dicom, Omnisphere Connectivity, SmartExam, Stress Protocol, TDI, Ultrasound Query Retrieve, Cardia TrueVue, DNL CV, Live 3D, Needle Visualization, Physio SW, xPlane, 3DQ,<\/p>\n<p>Sonda: S9-2<\/p>\n","protected":false},"excerpt":{"rendered":"<p>Este producto ya est\u00e1 vendido. Av\u00edsanos si buscas un producto similar. Philips EPIQ CVx con xMatrix, ec\u00f3grafo card\u00edaco avanzado S. N\u00ba &#8211; US819B1063 Fabricado: Agosto 2019 Versi\u00f3n 6.0 Localizaci\u00f3n: Australia (EX2348) Software Ver: 6.0.0.566 Opciones instaladas: Cardiolog\u00eda Adultos, Tarjeta de Intervenci\u00f3n, xMatrix Performance, Avanzado UI Card\u00edaca, Modo M Anat\u00f3mico, Doppler Autom\u00e1tico, Exploraci\u00f3n Autom\u00e1tica, Duraci\u00f3n de [&hellip;]<\/p>\n","protected":false},"featured_media":32752,"comment_status":"open","ping_status":"closed","template":"","meta":{"_acf_changed":false},"product_brand":[],"product_cat":[158],"product_tag":[237,521,486],"class_list":{"0":"post-52128","1":"product","2":"type-product","3":"status-publish","4":"has-post-thumbnail","6":"product_cat-ecografia","7":"product_tag-australia-es","8":"product_tag-philips-es","9":"product_tag-vendido","11":"first","12":"outofstock","13":"shipping-taxable","14":"purchasable","15":"product-type-simple"},"acf":[],"jetpack_sharing_enabled":true,"_links":{"self":[{"href":"https:\/\/everx.com\/es\/wp-json\/wp\/v2\/product\/52128","targetHints":{"allow":["GET"]}}],"collection":[{"href":"https:\/\/everx.com\/es\/wp-json\/wp\/v2\/product"}],"about":[{"href":"https:\/\/everx.com\/es\/wp-json\/wp\/v2\/types\/product"}],"replies":[{"embeddable":true,"href":"https:\/\/everx.com\/es\/wp-json\/wp\/v2\/comments?post=52128"}],"wp:featuredmedia":[{"embeddable":true,"href":"https:\/\/everx.com\/es\/wp-json\/wp\/v2\/media\/32752"}],"wp:attachment":[{"href":"https:\/\/everx.com\/es\/wp-json\/wp\/v2\/media?parent=52128"}],"wp:term":[{"taxonomy":"product_brand","embeddable":true,"href":"https:\/\/everx.com\/es\/wp-json\/wp\/v2\/product_brand?post=52128"},{"taxonomy":"product_cat","embeddable":true,"href":"https:\/\/everx.com\/es\/wp-json\/wp\/v2\/product_cat?post=52128"},{"taxonomy":"product_tag","embeddable":true,"href":"https:\/\/everx.com\/es\/wp-json\/wp\/v2\/product_tag?post=52128"}],"curies":[{"name":"wp","href":"https:\/\/api.w.org\/{rel}","templated":true}]}}