{"id":52035,"date":"2024-11-02T12:57:19","date_gmt":"2024-11-02T12:57:19","guid":{"rendered":"https:\/\/everx.com\/shop-2\/sin%20categor\u00eda\/ge-voluson-e6-bt-135-ex3067\/"},"modified":"2025-08-13T06:50:46","modified_gmt":"2025-08-13T06:50:46","slug":"ge-voluson-e6-bt-135-ex3067","status":"publish","type":"product","link":"https:\/\/everx.com\/es\/product\/ge-voluson-e6-bt-135-ex3067\/","title":{"rendered":"GE Voluson E6 BT 13,5 EX3067"},"content":{"rendered":"<p><span style=\"color: #cb2026;\">Este producto se ha vendido. Ponte en contacto con nosotros si buscas algo similar.   <\/span><\/p>\n<p>GE Voluson E6 BT 13,5<\/p>\n<p>Fabricaci\u00f3n: Julio 2015<\/p>\n<p>Localizaci\u00f3n: Australia (EX3067)<\/p>\n<p>N\u00famero de serie: D63943<\/p>\n<p>Versi\u00f3n del software: EC250<\/p>\n<p>Opciones instaladas: Avanzado 4D, SonoIT, HDlive, STIC, SonoVCAD Coraz\u00f3n, SonoBiometr\u00eda, Activaci\u00f3n BT<\/p>\n<p>Elecci\u00f3n de sondas: C1-5-D, RAB4-8-D<\/p>\n\n<p><\/p>\n","protected":false},"excerpt":{"rendered":"<p>Este producto se ha vendido. Ponte en contacto con nosotros si buscas algo similar. GE Voluson E6 BT 13,5 Fabricaci\u00f3n: Julio 2015 Localizaci\u00f3n: Australia (EX3067) N\u00famero de serie: D63943 Versi\u00f3n del software: EC250 Opciones instaladas: Avanzado 4D, SonoIT, HDlive, STIC, SonoVCAD Coraz\u00f3n, SonoBiometr\u00eda, Activaci\u00f3n BT Elecci\u00f3n de sondas: C1-5-D, RAB4-8-D<\/p>\n","protected":false},"featured_media":23497,"comment_status":"open","ping_status":"closed","template":"","meta":{"_acf_changed":false},"product_brand":[],"product_cat":[158],"product_tag":[237,239,486],"class_list":{"0":"post-52035","1":"product","2":"type-product","3":"status-publish","4":"has-post-thumbnail","6":"product_cat-ecografia","7":"product_tag-australia-es","8":"product_tag-ge-es","9":"product_tag-vendido","11":"first","12":"outofstock","13":"shipping-taxable","14":"purchasable","15":"product-type-simple"},"acf":[],"jetpack_sharing_enabled":true,"_links":{"self":[{"href":"https:\/\/everx.com\/es\/wp-json\/wp\/v2\/product\/52035","targetHints":{"allow":["GET"]}}],"collection":[{"href":"https:\/\/everx.com\/es\/wp-json\/wp\/v2\/product"}],"about":[{"href":"https:\/\/everx.com\/es\/wp-json\/wp\/v2\/types\/product"}],"replies":[{"embeddable":true,"href":"https:\/\/everx.com\/es\/wp-json\/wp\/v2\/comments?post=52035"}],"wp:featuredmedia":[{"embeddable":true,"href":"https:\/\/everx.com\/es\/wp-json\/wp\/v2\/media\/23497"}],"wp:attachment":[{"href":"https:\/\/everx.com\/es\/wp-json\/wp\/v2\/media?parent=52035"}],"wp:term":[{"taxonomy":"product_brand","embeddable":true,"href":"https:\/\/everx.com\/es\/wp-json\/wp\/v2\/product_brand?post=52035"},{"taxonomy":"product_cat","embeddable":true,"href":"https:\/\/everx.com\/es\/wp-json\/wp\/v2\/product_cat?post=52035"},{"taxonomy":"product_tag","embeddable":true,"href":"https:\/\/everx.com\/es\/wp-json\/wp\/v2\/product_tag?post=52035"}],"curies":[{"name":"wp","href":"https:\/\/api.w.org\/{rel}","templated":true}]}}