{"id":51953,"date":"2024-11-02T12:58:00","date_gmt":"2024-11-02T12:58:00","guid":{"rendered":"https:\/\/everx.com\/shop-2\/sin categor\u00eda\/toshiba-aquilion-lightning-16-nex30\/"},"modified":"2024-11-02T12:58:00","modified_gmt":"2024-11-02T12:58:00","slug":"toshiba-aquilion-lightning-16-nex30","status":"publish","type":"product","link":"https:\/\/everx.com\/es\/product\/toshiba-aquilion-lightning-16-nex30\/","title":{"rendered":"Toshiba Aquilion Lightning 16 &#8211; NEX30"},"content":{"rendered":"<p><span style=\"color: #cb2026;\"><strong>Este sistema ya se ha vendido. Av\u00edsanos si buscas un producto similar. <\/strong><\/span><\/p>\n<p>Esc\u00e1ner TC usado Toshiba Aquilion Lightning 16 cortes CON TUBO 2021<\/p>\n<p><span style=\"color: #ce5028;\">Este sistema es s\u00f3lo para piezas.<\/span><\/p>\n<p><span style=\"color: #ce5028;\">El p\u00f3rtico y la mesa han sido cortados en trozos y desguazados.<\/span><\/p>\n<p><span style=\"color: #ce5028;\">Saca todas las piezas buenas y las placas de circuito impreso de forma segura.<\/span><\/p>\n<p>Fabricado: 2015<\/p>\n<p>Ubicaci\u00f3n actual : Jap\u00f3n (NEX30)<\/p>\n<p>Tipo de tubo: CXB 200F Fabricado: Febrero 2021<\/p>\n<p>\u00daltima modificaci\u00f3n del tubo de rayos X: 10 de marzo de 2021<\/p>\n<p>Recuento actual de Exp: 3558<\/p>\n","protected":false},"excerpt":{"rendered":"<p>Este sistema ya se ha vendido. Av\u00edsanos si buscas un producto similar. Esc\u00e1ner TC usado Toshiba Aquilion Lightning 16 cortes CON TUBO 2021 Este sistema es s\u00f3lo para piezas. El p\u00f3rtico y la mesa han sido cortados en trozos y desguazados. Saca todas las piezas buenas y las placas de circuito impreso de forma segura. [&hellip;]<\/p>\n","protected":false},"featured_media":30583,"comment_status":"open","ping_status":"closed","template":"","meta":{"_acf_changed":false},"product_brand":[],"product_cat":[156],"product_tag":[508,519,486],"class_list":{"0":"post-51953","1":"product","2":"type-product","3":"status-publish","4":"has-post-thumbnail","6":"product_cat-ct-es","7":"product_tag-japon","8":"product_tag-toshiba-es","9":"product_tag-vendido","10":"pa_sku-nex30-es","12":"first","13":"outofstock","14":"shipping-taxable","15":"purchasable","16":"product-type-simple"},"acf":[],"jetpack_sharing_enabled":true,"_links":{"self":[{"href":"https:\/\/everx.com\/es\/wp-json\/wp\/v2\/product\/51953","targetHints":{"allow":["GET"]}}],"collection":[{"href":"https:\/\/everx.com\/es\/wp-json\/wp\/v2\/product"}],"about":[{"href":"https:\/\/everx.com\/es\/wp-json\/wp\/v2\/types\/product"}],"replies":[{"embeddable":true,"href":"https:\/\/everx.com\/es\/wp-json\/wp\/v2\/comments?post=51953"}],"wp:featuredmedia":[{"embeddable":true,"href":"https:\/\/everx.com\/es\/wp-json\/wp\/v2\/media\/30583"}],"wp:attachment":[{"href":"https:\/\/everx.com\/es\/wp-json\/wp\/v2\/media?parent=51953"}],"wp:term":[{"taxonomy":"product_brand","embeddable":true,"href":"https:\/\/everx.com\/es\/wp-json\/wp\/v2\/product_brand?post=51953"},{"taxonomy":"product_cat","embeddable":true,"href":"https:\/\/everx.com\/es\/wp-json\/wp\/v2\/product_cat?post=51953"},{"taxonomy":"product_tag","embeddable":true,"href":"https:\/\/everx.com\/es\/wp-json\/wp\/v2\/product_tag?post=51953"}],"curies":[{"name":"wp","href":"https:\/\/api.w.org\/{rel}","templated":true}]}}