{"id":51949,"date":"2024-11-02T12:57:57","date_gmt":"2024-11-02T12:57:57","guid":{"rendered":"https:\/\/everx.com\/shop-2\/sin categor\u00eda\/definicion-somatom-as-64-nex53\/"},"modified":"2024-11-02T12:57:57","modified_gmt":"2024-11-02T12:57:57","slug":"definicion-somatom-as-64-nex53","status":"publish","type":"product","link":"https:\/\/everx.com\/es\/product\/definicion-somatom-as-64-nex53\/","title":{"rendered":"Definici\u00f3n Somatom AS 64 &#8211; NEX53"},"content":{"rendered":"<p><span style=\"color: #cb2026;\">Este producto se ha vendido. Ponte en contacto con nosotros si buscas algo similar.   <\/span><\/p>\n<p>Tom\u00f3grafo Siemens Somatom Definition AS de 64 cortes<\/p>\n<p>S. N\u00ba 65379<\/p>\n<p>Fabricado: 2011<\/p>\n<p>Ubicaci\u00f3n actual : EEUU (NEX53)<\/p>\n<p>Tipo de tubo: Straton MX P<\/p>\n<p>\u00daltimo cambio de tubo: 28 de junio de 2018<\/p>\n<p>Segs. de exploraci\u00f3n del tubo 648,325<\/p>\n<p>Opciones instaladas: GET_WORKLIST, CAP3D_FILTER_SSD, CAP3D_FILTER_MIP, CAP3D_MAIN, CAP3D_VOIMODE, CARDIO_PRO, CARDIO_RETRO, BOLU_TRACK, CARE_DOSE, SYNGO_GENERAL_LICENSE, CAP3D_FILTER_VRT, CAP3D_EDITOR, MPPS_SUPPORT, CTAPP_MAIN, UHR, CTAPP_FILTER_VRT, CTAPP_FILTER_MIP, CARDIO_BESTPHASE_FINDING, CTAPP_CVF_PHASEVIEWER, DEFINITION_AS, SLICE_64, CARE_DOSE_ADJUST, CARE_DOSE_PROFILE, CARE_DOSE_DASHBOARD, VOLTAGE_70KV, CARE_DOSE_AUTOKV, SCAN_TILTEDSPIRAL, MR_Support_i<\/p>\n","protected":false},"excerpt":{"rendered":"<p>Este producto se ha vendido. Ponte en contacto con nosotros si buscas algo similar. Tom\u00f3grafo Siemens Somatom Definition AS de 64 cortes S. N\u00ba 65379 Fabricado: 2011 Ubicaci\u00f3n actual : EEUU (NEX53) Tipo de tubo: Straton MX P \u00daltimo cambio de tubo: 28 de junio de 2018 Segs. de exploraci\u00f3n del tubo 648,325 Opciones instaladas: [&hellip;]<\/p>\n","protected":false},"featured_media":31429,"comment_status":"open","ping_status":"closed","template":"","meta":{"_acf_changed":false},"product_brand":[],"product_cat":[156],"product_tag":[496,523,486],"class_list":{"0":"post-51949","1":"product","2":"type-product","3":"status-publish","4":"has-post-thumbnail","6":"product_cat-ct-es","7":"product_tag-ee-uu","8":"product_tag-siemens-es","9":"product_tag-vendido","10":"pa_sku-nex53-es","12":"first","13":"outofstock","14":"shipping-taxable","15":"purchasable","16":"product-type-simple"},"acf":[],"jetpack_sharing_enabled":true,"_links":{"self":[{"href":"https:\/\/everx.com\/es\/wp-json\/wp\/v2\/product\/51949","targetHints":{"allow":["GET"]}}],"collection":[{"href":"https:\/\/everx.com\/es\/wp-json\/wp\/v2\/product"}],"about":[{"href":"https:\/\/everx.com\/es\/wp-json\/wp\/v2\/types\/product"}],"replies":[{"embeddable":true,"href":"https:\/\/everx.com\/es\/wp-json\/wp\/v2\/comments?post=51949"}],"wp:featuredmedia":[{"embeddable":true,"href":"https:\/\/everx.com\/es\/wp-json\/wp\/v2\/media\/31429"}],"wp:attachment":[{"href":"https:\/\/everx.com\/es\/wp-json\/wp\/v2\/media?parent=51949"}],"wp:term":[{"taxonomy":"product_brand","embeddable":true,"href":"https:\/\/everx.com\/es\/wp-json\/wp\/v2\/product_brand?post=51949"},{"taxonomy":"product_cat","embeddable":true,"href":"https:\/\/everx.com\/es\/wp-json\/wp\/v2\/product_cat?post=51949"},{"taxonomy":"product_tag","embeddable":true,"href":"https:\/\/everx.com\/es\/wp-json\/wp\/v2\/product_tag?post=51949"}],"curies":[{"name":"wp","href":"https:\/\/api.w.org\/{rel}","templated":true}]}}