{"id":51895,"date":"2024-11-02T12:57:01","date_gmt":"2024-11-02T02:57:01","guid":{"rendered":"https:\/\/everx.com\/shop-2\/sin categor\u00eda\/ge-15t-optima-mr450w-gem-ex3563\/"},"modified":"2024-11-02T12:57:01","modified_gmt":"2024-11-02T12:57:01","slug":"ge-15t-optima-mr450w-gem-ex3563","status":"publish","type":"product","link":"https:\/\/everx.com\/es\/product\/ge-15t-optima-mr450w-gem-ex3563\/","title":{"rendered":"GE 1,5T Optima MR450w GEM EX3563"},"content":{"rendered":"<p>GE 1,5T Optima MR450w GEM<\/p>\n<p>Instalado: 2012<\/p>\n<p>Localizaci\u00f3n: EEUU (EX3563)<\/p>\n<p>N\u00famero de serie: HM0308<\/p>\n<p>N\u00ba de canales Rx: 32 <\/p>\n<p>Tipo de gradiente: XGD 8920<\/p>\n<p>Opciones: ARC, Asset, Medici\u00f3n del volumen de flujo sangu\u00edneo, Supuraci\u00f3n sangu\u00ednea, BRAVO, Breast2, DW EPI, E3DTOF, DWI mejorada, Ecoplaner, Fastcine, Eco de gradiente r\u00e1pido, Fiesta 2D, 2D Fat sat Fiesta, Fiesta 3D, Fiesta-C, Flair3D, Flair EPI, 3DFRFSE, Eco de giro r\u00e1pido y Flair, FSE_XL, ARM con fluorosonda, Tiempo de vuelo, Brain Stat AIF, Cine, Cine IR, C\u00f3smico, Cubo T2, Eco 3D dual, Realce retardado, Realce retardado 3D, Lava, LAVA-DE, LAVA- XV, 2D MERGE, 3D MERGE, Multi-eco fgre, Multifase (retardos variables), Navegador, Imagen vascular de contraste de fase, Coraz\u00f3n 3D, Lista de Modalidades, IDEAL, iDrive, iDrive pro, Mejora del Flujo Delta, Mejora del Flujo de Entrada 2D, Mejora de la Velocidad 3D, Mejora del Flujo de Entrada 3D IR, LAVA, Actualizaci\u00f3n de la Sonda 2000, Prensa de Sonda, PROPELLER, PROPELLER DW, PROPELLER T1 Flair, PROPELLER T2, PROPELLER T2 Flair, ESPECIAL, Espectroscopia, PROBE, SSFSE, SSFSE MRCP, Angiograf\u00eda ponderada en estrella T2, Tensor de difusi\u00f3n, Localizador de tres planos, QuickSTEP, iDrive Pro Plus, Smart Prep, SPECIAL, Fibre TRAK, TRICKS, VIBRANT-DE, Protecci\u00f3n IP, IDEAL IQ, Gradiente de rendimiento extremo, Imagen de fase, T\u00e9cnica, Navegador Bady. Sangre negra SSFSE, PS MDE, Focus, Silent Propeller, DW prep,Chemical shift, MDE plus, Cube DIR, Auto Navigator Tracker,DWI sint\u00e9tico, Flex, Hypersense, HyperCube, Registro integrado, Ready view, Ready view Body view, Ready view Brain view, Volume API <\/p>\n<p>Equipada con todas las bobinas est\u00e1ndar.<\/p>\n","protected":false},"excerpt":{"rendered":"<p>GE 1,5T Optima MR450w GEM Instalado: 2012 Localizaci\u00f3n: EEUU (EX3563) N\u00famero de serie: HM0308 N\u00ba de canales Rx: 32 Tipo de gradiente: XGD 8920 Opciones: ARC, Asset, Medici\u00f3n del volumen de flujo sangu\u00edneo, Supuraci\u00f3n sangu\u00ednea, BRAVO, Breast2, DW EPI, E3DTOF, DWI mejorada, Ecoplaner, Fastcine, Eco de gradiente r\u00e1pido, Fiesta 2D, 2D Fat sat Fiesta, Fiesta [&hellip;]<\/p>\n","protected":false},"featured_media":26187,"comment_status":"open","ping_status":"closed","template":"","meta":{"_acf_changed":false},"product_brand":[],"product_cat":[155],"product_tag":[1056,496,239],"class_list":{"0":"post-51895","1":"product","2":"type-product","3":"status-publish","4":"has-post-thumbnail","6":"product_cat-mri-es","7":"product_tag-reservada","8":"product_tag-ee-uu","9":"product_tag-ge-es","10":"pa_sku-ex3563-es","12":"first","13":"onbackorder","14":"shipping-taxable","15":"purchasable","16":"product-type-simple"},"acf":[],"jetpack_sharing_enabled":true,"_links":{"self":[{"href":"https:\/\/everx.com\/es\/wp-json\/wp\/v2\/product\/51895","targetHints":{"allow":["GET"]}}],"collection":[{"href":"https:\/\/everx.com\/es\/wp-json\/wp\/v2\/product"}],"about":[{"href":"https:\/\/everx.com\/es\/wp-json\/wp\/v2\/types\/product"}],"replies":[{"embeddable":true,"href":"https:\/\/everx.com\/es\/wp-json\/wp\/v2\/comments?post=51895"}],"wp:featuredmedia":[{"embeddable":true,"href":"https:\/\/everx.com\/es\/wp-json\/wp\/v2\/media\/26187"}],"wp:attachment":[{"href":"https:\/\/everx.com\/es\/wp-json\/wp\/v2\/media?parent=51895"}],"wp:term":[{"taxonomy":"product_brand","embeddable":true,"href":"https:\/\/everx.com\/es\/wp-json\/wp\/v2\/product_brand?post=51895"},{"taxonomy":"product_cat","embeddable":true,"href":"https:\/\/everx.com\/es\/wp-json\/wp\/v2\/product_cat?post=51895"},{"taxonomy":"product_tag","embeddable":true,"href":"https:\/\/everx.com\/es\/wp-json\/wp\/v2\/product_tag?post=51895"}],"curies":[{"name":"wp","href":"https:\/\/api.w.org\/{rel}","templated":true}]}}