{"id":51655,"date":"2024-11-02T12:57:35","date_gmt":"2024-11-02T12:57:35","guid":{"rendered":"https:\/\/everx.com\/product\/sin categor\u00eda\/hitachi-vento-0-zt-%d0%b5%d0%b901\/"},"modified":"2024-11-02T12:57:35","modified_gmt":"2024-11-02T12:57:35","slug":"hitachi-vento-0-zt-%d0%b5%d0%b901","status":"publish","type":"product","link":"https:\/\/everx.com\/es\/product\/hitachi-vento-0-zt-%d0%b5%d0%b901\/","title":{"rendered":"Hitachi Vento 0.ZT &#8211; \u0415\u041901"},"content":{"rendered":"<p><strong><span style=\"color: #cb2026;\">Este sistema ya se ha vendido. Av\u00edsanos si buscas un producto similar. <\/span><\/strong><\/p>\n<p>Esc\u00e1ner de resonancia magn\u00e9tica Hitachi Vento 0.3T usado<\/p>\n<p>Todav\u00eda instalado y funcionando<\/p>\n<p>A\u00f1o de fabricaci\u00f3n 2012 \/ 2013<\/p>\n<p>Ubicaci\u00f3n actual: Jap\u00f3n (EXJ01)<\/p>\n<p>Bobinas &#8211; 6 bobinas<br \/>\nBobina de cabeza<br \/>\nBobina de rodilla<br \/>\nBobina de articulaci\u00f3n de cuello (mediana)<br \/>\nBobina de articulaci\u00f3n peque\u00f1a<br \/>\nCuerpo flexible mediano<br \/>\nCuerpo flexible grande<\/p>\n","protected":false},"excerpt":{"rendered":"<p>Este sistema ya se ha vendido. Av\u00edsanos si buscas un producto similar. Esc\u00e1ner de resonancia magn\u00e9tica Hitachi Vento 0.3T usado Todav\u00eda instalado y funcionando A\u00f1o de fabricaci\u00f3n 2012 \/ 2013 Ubicaci\u00f3n actual: Jap\u00f3n (EXJ01) Bobinas &#8211; 6 bobinas Bobina de cabeza Bobina de rodilla Bobina de articulaci\u00f3n de cuello (mediana) Bobina de articulaci\u00f3n peque\u00f1a Cuerpo [&hellip;]<\/p>\n","protected":false},"featured_media":37238,"comment_status":"open","ping_status":"closed","template":"","meta":{"_acf_changed":false},"product_brand":[],"product_cat":[174],"product_tag":[525,508,486],"class_list":{"0":"post-51655","1":"product","2":"type-product","3":"status-publish","4":"has-post-thumbnail","6":"product_cat-molecular-imaging-es","7":"product_tag-hitachi-es","8":"product_tag-japon","9":"product_tag-vendido","11":"first","12":"outofstock","13":"shipping-taxable","14":"purchasable","15":"product-type-simple"},"acf":[],"jetpack_sharing_enabled":true,"_links":{"self":[{"href":"https:\/\/everx.com\/es\/wp-json\/wp\/v2\/product\/51655","targetHints":{"allow":["GET"]}}],"collection":[{"href":"https:\/\/everx.com\/es\/wp-json\/wp\/v2\/product"}],"about":[{"href":"https:\/\/everx.com\/es\/wp-json\/wp\/v2\/types\/product"}],"replies":[{"embeddable":true,"href":"https:\/\/everx.com\/es\/wp-json\/wp\/v2\/comments?post=51655"}],"wp:featuredmedia":[{"embeddable":true,"href":"https:\/\/everx.com\/es\/wp-json\/wp\/v2\/media\/37238"}],"wp:attachment":[{"href":"https:\/\/everx.com\/es\/wp-json\/wp\/v2\/media?parent=51655"}],"wp:term":[{"taxonomy":"product_brand","embeddable":true,"href":"https:\/\/everx.com\/es\/wp-json\/wp\/v2\/product_brand?post=51655"},{"taxonomy":"product_cat","embeddable":true,"href":"https:\/\/everx.com\/es\/wp-json\/wp\/v2\/product_cat?post=51655"},{"taxonomy":"product_tag","embeddable":true,"href":"https:\/\/everx.com\/es\/wp-json\/wp\/v2\/product_tag?post=51655"}],"curies":[{"name":"wp","href":"https:\/\/api.w.org\/{rel}","templated":true}]}}