{"id":51633,"date":"2024-11-02T12:56:47","date_gmt":"2024-11-02T02:56:47","guid":{"rendered":"https:\/\/everx.com\/shop-2\/sin categor\u00eda\/siemens-symbia-t-nex198\/"},"modified":"2024-11-02T12:56:47","modified_gmt":"2024-11-02T12:56:47","slug":"siemens-symbia-t-nex198","status":"publish","type":"product","link":"https:\/\/everx.com\/es\/product\/siemens-symbia-t-nex198\/","title":{"rendered":"Siemens Symbia T NEX198"},"content":{"rendered":"<p>C\u00e1mara Siemens Symbia T SPECT<\/p>\n<p>Fabricada en: 2015<\/p>\n<p>Ubicaci\u00f3n: EE. UU. (NEX198)<\/p>\n<p>Versi\u00f3n de software: VB10E<\/p>\n<p>Tipo de tubo: DURA 352-MV<\/p>\n<p>Fabricada en: 2015<\/p>\n<p>Segundos de escaneo del tubo: 58.407<\/p>\n","protected":false},"excerpt":{"rendered":"<p>C\u00e1mara Siemens Symbia T SPECT Fabricada en: 2015 Ubicaci\u00f3n: EE. UU. (NEX198) Versi\u00f3n de software: VB10E Tipo de tubo: DURA 352-MV Fabricada en: 2015 Segundos de escaneo del tubo: 58.407<\/p>\n","protected":false},"featured_media":28229,"comment_status":"open","ping_status":"closed","template":"","meta":{"_acf_changed":false},"product_brand":[],"product_cat":[174],"product_tag":[238,496,523],"class_list":{"0":"post-51633","1":"product","2":"type-product","3":"status-publish","4":"has-post-thumbnail","6":"product_cat-molecular-imaging-es","7":"product_tag-available-es","8":"product_tag-ee-uu","9":"product_tag-siemens-es","11":"first","12":"instock","13":"shipping-taxable","14":"purchasable","15":"product-type-simple"},"acf":[],"jetpack_sharing_enabled":true,"_links":{"self":[{"href":"https:\/\/everx.com\/es\/wp-json\/wp\/v2\/product\/51633","targetHints":{"allow":["GET"]}}],"collection":[{"href":"https:\/\/everx.com\/es\/wp-json\/wp\/v2\/product"}],"about":[{"href":"https:\/\/everx.com\/es\/wp-json\/wp\/v2\/types\/product"}],"replies":[{"embeddable":true,"href":"https:\/\/everx.com\/es\/wp-json\/wp\/v2\/comments?post=51633"}],"wp:featuredmedia":[{"embeddable":true,"href":"https:\/\/everx.com\/es\/wp-json\/wp\/v2\/media\/28229"}],"wp:attachment":[{"href":"https:\/\/everx.com\/es\/wp-json\/wp\/v2\/media?parent=51633"}],"wp:term":[{"taxonomy":"product_brand","embeddable":true,"href":"https:\/\/everx.com\/es\/wp-json\/wp\/v2\/product_brand?post=51633"},{"taxonomy":"product_cat","embeddable":true,"href":"https:\/\/everx.com\/es\/wp-json\/wp\/v2\/product_cat?post=51633"},{"taxonomy":"product_tag","embeddable":true,"href":"https:\/\/everx.com\/es\/wp-json\/wp\/v2\/product_tag?post=51633"}],"curies":[{"name":"wp","href":"https:\/\/api.w.org\/{rel}","templated":true}]}}