{"id":51548,"date":"2024-11-02T12:56:48","date_gmt":"2024-11-02T12:56:48","guid":{"rendered":"https:\/\/everx.com\/product\/philips-allura-xper-fd20-ex3790\/"},"modified":"2024-11-02T12:56:48","modified_gmt":"2024-11-02T12:56:48","slug":"philips-allura-xper-fd20-ex3790","status":"publish","type":"product","link":"https:\/\/everx.com\/es\/product\/philips-allura-xper-fd20-ex3790\/","title":{"rendered":"Philips Allura Xper FD20 EX3790"},"content":{"rendered":"<p>C\u00e1tala de techo Philips Allura Xper FD20<\/p>\n<p>Fabricado: 2010<\/p>\n<p>Ubicaci\u00f3n: Australia (EX3790)<\/p>\n<p>Versi\u00f3n del software: 8.3.1.1<\/p>\n<p>Tipo de tubo: MRC 200<\/p>\n<p>Tubo Fabricado: Junio de 2010 (Tubo original)<\/p>\n","protected":false},"excerpt":{"rendered":"<p>C\u00e1tala de techo Philips Allura Xper FD20 Fabricado: 2010 Ubicaci\u00f3n: Australia (EX3790) Versi\u00f3n del software: 8.3.1.1 Tipo de tubo: MRC 200 Tubo Fabricado: Junio de 2010 (Tubo original)<\/p>\n","protected":false},"featured_media":28145,"comment_status":"open","ping_status":"closed","template":"","meta":{"_acf_changed":false},"product_brand":[],"product_cat":[177],"product_tag":[237,521,486],"class_list":{"0":"post-51548","1":"product","2":"type-product","3":"status-publish","4":"has-post-thumbnail","6":"product_cat-cath-angio-lab-es","7":"product_tag-australia-es","8":"product_tag-philips-es","9":"product_tag-vendido","10":"pa_sku-ex3790-es","12":"first","13":"outofstock","14":"shipping-taxable","15":"purchasable","16":"product-type-simple"},"acf":[],"jetpack_sharing_enabled":true,"_links":{"self":[{"href":"https:\/\/everx.com\/es\/wp-json\/wp\/v2\/product\/51548","targetHints":{"allow":["GET"]}}],"collection":[{"href":"https:\/\/everx.com\/es\/wp-json\/wp\/v2\/product"}],"about":[{"href":"https:\/\/everx.com\/es\/wp-json\/wp\/v2\/types\/product"}],"replies":[{"embeddable":true,"href":"https:\/\/everx.com\/es\/wp-json\/wp\/v2\/comments?post=51548"}],"wp:featuredmedia":[{"embeddable":true,"href":"https:\/\/everx.com\/es\/wp-json\/wp\/v2\/media\/28145"}],"wp:attachment":[{"href":"https:\/\/everx.com\/es\/wp-json\/wp\/v2\/media?parent=51548"}],"wp:term":[{"taxonomy":"product_brand","embeddable":true,"href":"https:\/\/everx.com\/es\/wp-json\/wp\/v2\/product_brand?post=51548"},{"taxonomy":"product_cat","embeddable":true,"href":"https:\/\/everx.com\/es\/wp-json\/wp\/v2\/product_cat?post=51548"},{"taxonomy":"product_tag","embeddable":true,"href":"https:\/\/everx.com\/es\/wp-json\/wp\/v2\/product_tag?post=51548"}],"curies":[{"name":"wp","href":"https:\/\/api.w.org\/{rel}","templated":true}]}}