{"id":51463,"date":"2024-11-02T12:57:40","date_gmt":"2024-11-02T12:57:40","guid":{"rendered":"https:\/\/everx.com\/product\/fujifilm-capsula-xl-ii-ex2494\/"},"modified":"2024-11-02T12:57:40","modified_gmt":"2024-11-02T12:57:40","slug":"fujifilm-capsula-xl-ii-ex2494","status":"publish","type":"product","link":"https:\/\/everx.com\/es\/product\/fujifilm-capsula-xl-ii-ex2494\/","title":{"rendered":"Fujifilm C\u00e1psula XL-II &#8211; EX2494"},"content":{"rendered":"<p><span style=\"color: #cb2026;\"><strong>Este sistema ya se ha vendido. Av\u00edsanos si buscas un producto similar. <\/strong><\/span><\/p>\n<ul>\n<li>Compacto y de alta eficiencia<\/li>\n<li>Unidad todo en uno para todas las necesidades de diagn\u00f3stico por im\u00e1genes<\/li>\n<li>Operaciones f\u00e1ciles monitoreadas en pantalla<\/li>\n<li>Visualizaci\u00f3n y procesamiento de im\u00e1genes \u2014 Consola CR<\/li>\n<li>Con tecnolog\u00eda Image Intelligence\u2122<\/li>\n<li>Ubicaci\u00f3n: Australia (EX2494)<\/li>\n<\/ul>\n","protected":false},"excerpt":{"rendered":"<p>Este sistema ya se ha vendido. Av\u00edsanos si buscas un producto similar. Compacto y de alta eficiencia Unidad todo en uno para todas las necesidades de diagn\u00f3stico por im\u00e1genes Operaciones f\u00e1ciles monitoreadas en pantalla Visualizaci\u00f3n y procesamiento de im\u00e1genes \u2014 Consola CR Con tecnolog\u00eda Image Intelligence\u2122 Ubicaci\u00f3n: Australia (EX2494)<\/p>\n","protected":false},"featured_media":37059,"comment_status":"open","ping_status":"closed","template":"","meta":{"_acf_changed":false},"product_brand":[],"product_cat":[170],"product_tag":[237,530,486],"class_list":{"0":"post-51463","1":"product","2":"type-product","3":"status-publish","4":"has-post-thumbnail","6":"product_cat-cr-dr-es","7":"product_tag-australia-es","8":"product_tag-fuji-es","9":"product_tag-vendido","11":"first","12":"outofstock","13":"shipping-taxable","14":"purchasable","15":"product-type-simple"},"acf":[],"jetpack_sharing_enabled":true,"_links":{"self":[{"href":"https:\/\/everx.com\/es\/wp-json\/wp\/v2\/product\/51463","targetHints":{"allow":["GET"]}}],"collection":[{"href":"https:\/\/everx.com\/es\/wp-json\/wp\/v2\/product"}],"about":[{"href":"https:\/\/everx.com\/es\/wp-json\/wp\/v2\/types\/product"}],"replies":[{"embeddable":true,"href":"https:\/\/everx.com\/es\/wp-json\/wp\/v2\/comments?post=51463"}],"wp:featuredmedia":[{"embeddable":true,"href":"https:\/\/everx.com\/es\/wp-json\/wp\/v2\/media\/37059"}],"wp:attachment":[{"href":"https:\/\/everx.com\/es\/wp-json\/wp\/v2\/media?parent=51463"}],"wp:term":[{"taxonomy":"product_brand","embeddable":true,"href":"https:\/\/everx.com\/es\/wp-json\/wp\/v2\/product_brand?post=51463"},{"taxonomy":"product_cat","embeddable":true,"href":"https:\/\/everx.com\/es\/wp-json\/wp\/v2\/product_cat?post=51463"},{"taxonomy":"product_tag","embeddable":true,"href":"https:\/\/everx.com\/es\/wp-json\/wp\/v2\/product_tag?post=51463"}],"curies":[{"name":"wp","href":"https:\/\/api.w.org\/{rel}","templated":true}]}}