{"id":51457,"date":"2024-11-02T11:53:45","date_gmt":"2024-11-02T11:53:45","guid":{"rendered":"https:\/\/everx.com\/product\/ge-infinia-hawkeye-iv-ex3434\/"},"modified":"2024-11-02T11:53:45","modified_gmt":"2024-11-02T11:53:45","slug":"ge-infinia-hawkeye-iv-ex3434","status":"publish","type":"product","link":"https:\/\/everx.com\/es\/product\/ge-infinia-hawkeye-iv-ex3434\/","title":{"rendered":"GE Infinia Hawkeye IV EX3434"},"content":{"rendered":"<p><strong><span style=\"color: #ff0000;\">Este sistema se ha vendido. Ponte en contacto con nosotros si buscas algo similar.   <\/span><\/strong><\/p>\n<p>C\u00e1mara Gamma GE Infinia Hawkeye IV<\/p>\n<p>Fabricado: Abril 2008 Actual<\/p>\n<p>Ubicaci\u00f3n : Australia (EX3434)<\/p>\n<p>Colimadores: LEHR, MEGP<\/p>\n<p>Desinstalado en la \u00faltima semana de agosto y disponible inmediatamente.<\/p>\n","protected":false},"excerpt":{"rendered":"<p>Este sistema se ha vendido. Ponte en contacto con nosotros si buscas algo similar. C\u00e1mara Gamma GE Infinia Hawkeye IV Fabricado: Abril 2008 Actual Ubicaci\u00f3n : Australia (EX3434) Colimadores: LEHR, MEGP Desinstalado en la \u00faltima semana de agosto y disponible inmediatamente.<\/p>\n","protected":false},"featured_media":28498,"comment_status":"open","ping_status":"closed","template":"","meta":{"_acf_changed":false},"product_brand":[],"product_cat":[174],"product_tag":[237,239,486],"class_list":{"0":"post-51457","1":"product","2":"type-product","3":"status-publish","4":"has-post-thumbnail","6":"product_cat-molecular-imaging-es","7":"product_tag-australia-es","8":"product_tag-ge-es","9":"product_tag-vendido","11":"first","12":"outofstock","13":"shipping-taxable","14":"product-type-simple"},"acf":[],"jetpack_sharing_enabled":true,"_links":{"self":[{"href":"https:\/\/everx.com\/es\/wp-json\/wp\/v2\/product\/51457","targetHints":{"allow":["GET"]}}],"collection":[{"href":"https:\/\/everx.com\/es\/wp-json\/wp\/v2\/product"}],"about":[{"href":"https:\/\/everx.com\/es\/wp-json\/wp\/v2\/types\/product"}],"replies":[{"embeddable":true,"href":"https:\/\/everx.com\/es\/wp-json\/wp\/v2\/comments?post=51457"}],"wp:featuredmedia":[{"embeddable":true,"href":"https:\/\/everx.com\/es\/wp-json\/wp\/v2\/media\/28498"}],"wp:attachment":[{"href":"https:\/\/everx.com\/es\/wp-json\/wp\/v2\/media?parent=51457"}],"wp:term":[{"taxonomy":"product_brand","embeddable":true,"href":"https:\/\/everx.com\/es\/wp-json\/wp\/v2\/product_brand?post=51457"},{"taxonomy":"product_cat","embeddable":true,"href":"https:\/\/everx.com\/es\/wp-json\/wp\/v2\/product_cat?post=51457"},{"taxonomy":"product_tag","embeddable":true,"href":"https:\/\/everx.com\/es\/wp-json\/wp\/v2\/product_tag?post=51457"}],"curies":[{"name":"wp","href":"https:\/\/api.w.org\/{rel}","templated":true}]}}