{"id":51455,"date":"2024-11-02T12:56:45","date_gmt":"2024-11-02T12:56:45","guid":{"rendered":"https:\/\/everx.com\/product\/siemens-espree-15t-ex3896\/"},"modified":"2024-11-02T12:56:45","modified_gmt":"2024-11-02T12:56:45","slug":"siemens-espree-15t-ex3896","status":"publish","type":"product","link":"https:\/\/everx.com\/es\/product\/siemens-espree-15t-ex3896\/","title":{"rendered":"Siemens Espree 1,5T EX3896"},"content":{"rendered":"<p>RM Siemens Espree 1,5T<\/p>\n<p>Fabricado: Mayo 2009<\/p>\n<p>Localizaci\u00f3n: Australia (EX3896)<\/p>\n<p>N\u00ba de Rx Ch: 8<\/p>\n<p>Programa inform\u00e1tico: NUMARIS\/4<\/p>\n<p>Versi\u00f3n del software: Syngo MR B19<\/p>\n<p>Cambio de Cabeza Fr\u00eda: Diciembre 2019<\/p>\n<p>Gradientes: Motor Espree Z 33\/100<\/p>\n<p>Bobinas: 4Ch_FlexLarge, 4Ch_FlexSmall, 8Ch_FootAnkle, 8Ch_Wrist, BodyMatrix, HeadMatrix, HR_Knee, Loop_4, NeckMatrix, ShoulderArray, SpineMatrix<\/p>\n<p>Opciones: Suite de aplicaciones Tim, Suite Neuro, Suite Corporal, Suite Angio, Suite Card\u00edaca, Suite Orto, Suite Onco, Suite Pedi\u00e1trica, Suite Mama, Licencia general de Syngo, Modo matriz, Licencia de uso 3D, 3D MPR, 3D MIP, 3D SSD, Visor Argus, Lista de trabajo, MDDW, PhoenixZIP, syngo Asistencia remota, Correcci\u00f3n de distorsi\u00f3n 3D en l\u00ednea, Software de filtro de imagen, MPPS, Correcci\u00f3n de distorsi\u00f3n 3D, MAGNETOM Espree, Fusi\u00f3n de im\u00e1genes autom\u00e1tica, Composici\u00f3n, Difusi\u00f3n en l\u00ednea, CISS y DESS, Fusi\u00f3n de im\u00e1genes b\u00e1sica, Fusi\u00f3n de im\u00e1genes LM, Composici\u00f3n en l\u00ednea, BLADE, I-class, MapIt Protocolos optimizados para EC<br \/>\n<span style=\"color: #cb2026;\">Sistema disponible en la 2\u00aa semana de enero.  <\/span><\/p>\n","protected":false},"excerpt":{"rendered":"<p>RM Siemens Espree 1,5T Fabricado: Mayo 2009 Localizaci\u00f3n: Australia (EX3896) N\u00ba de Rx Ch: 8 Programa inform\u00e1tico: NUMARIS\/4 Versi\u00f3n del software: Syngo MR B19 Cambio de Cabeza Fr\u00eda: Diciembre 2019 Gradientes: Motor Espree Z 33\/100 Bobinas: 4Ch_FlexLarge, 4Ch_FlexSmall, 8Ch_FootAnkle, 8Ch_Wrist, BodyMatrix, HeadMatrix, HR_Knee, Loop_4, NeckMatrix, ShoulderArray, SpineMatrix Opciones: Suite de aplicaciones Tim, Suite Neuro, Suite [&hellip;]<\/p>\n","protected":false},"featured_media":28700,"comment_status":"open","ping_status":"closed","template":"","meta":{"_acf_changed":false},"product_brand":[],"product_cat":[155],"product_tag":[1056,237,523],"class_list":{"0":"post-51455","1":"product","2":"type-product","3":"status-publish","4":"has-post-thumbnail","6":"product_cat-mri-es","7":"product_tag-reservada","8":"product_tag-australia-es","9":"product_tag-siemens-es","10":"pa_sku-ex3896-es","12":"first","13":"onbackorder","14":"shipping-taxable","15":"purchasable","16":"product-type-simple"},"acf":[],"jetpack_sharing_enabled":true,"_links":{"self":[{"href":"https:\/\/everx.com\/es\/wp-json\/wp\/v2\/product\/51455","targetHints":{"allow":["GET"]}}],"collection":[{"href":"https:\/\/everx.com\/es\/wp-json\/wp\/v2\/product"}],"about":[{"href":"https:\/\/everx.com\/es\/wp-json\/wp\/v2\/types\/product"}],"replies":[{"embeddable":true,"href":"https:\/\/everx.com\/es\/wp-json\/wp\/v2\/comments?post=51455"}],"wp:featuredmedia":[{"embeddable":true,"href":"https:\/\/everx.com\/es\/wp-json\/wp\/v2\/media\/28700"}],"wp:attachment":[{"href":"https:\/\/everx.com\/es\/wp-json\/wp\/v2\/media?parent=51455"}],"wp:term":[{"taxonomy":"product_brand","embeddable":true,"href":"https:\/\/everx.com\/es\/wp-json\/wp\/v2\/product_brand?post=51455"},{"taxonomy":"product_cat","embeddable":true,"href":"https:\/\/everx.com\/es\/wp-json\/wp\/v2\/product_cat?post=51455"},{"taxonomy":"product_tag","embeddable":true,"href":"https:\/\/everx.com\/es\/wp-json\/wp\/v2\/product_tag?post=51455"}],"curies":[{"name":"wp","href":"https:\/\/api.w.org\/{rel}","templated":true}]}}