{"id":51419,"date":"2024-11-02T12:57:21","date_gmt":"2024-11-02T12:57:21","guid":{"rendered":"https:\/\/everx.com\/product\/toshiba-aquilion-cxl-128-ex2979\/"},"modified":"2024-11-02T12:57:21","modified_gmt":"2024-11-02T12:57:21","slug":"toshiba-aquilion-cxl-128-ex2979","status":"publish","type":"product","link":"https:\/\/everx.com\/es\/product\/toshiba-aquilion-cxl-128-ex2979\/","title":{"rendered":"Toshiba Aquilion CXL 128 EX2979"},"content":{"rendered":"<p><span style=\"color: #cb2026;\">Este producto se ha vendido. Ponte en contacto con nosotros si buscas algo similar.   <\/span><\/p>\n<p>Esc\u00e1ner TC Toshiba Aquilion CXL 128 cortes<\/p>\n<p>Fabricado: Octubre 2011<\/p>\n<p>Localizaci\u00f3n: Australia (EX2979)<\/p>\n<p>S. No. QCA11X2058 <\/p>\n<p>Recuento actual de exposiciones : 362.018 (661.318 &#8211; 299.300)<\/p>\n<p>\u00daltimo cambio de tubo: 14 de septiembre de 2018<\/p>\n<p>Tipo de tubo: MCS-7078D (agosto de 2018)<\/p>\n<p>Opciones instaladas: ALATO_3DVIEWER, ALATO_MULTISLICECT, ALATO_STANDARD, DIM_EXP, DOUBLESLICE, D_PRT_BW, D_PRT_COLOR, EHCT_SCP, EHCT_SCU, IMG500K, MULTIVIEW, MWM_SCU, OVER64HEL, PRINT_SCU, REALEC, REAL_PREP, REAL_VIEW, REGISTTOOL, SCAN64ROW, STRG_SCU, TIFF, TSB_DVD, WINPRT<\/p>\n","protected":false},"excerpt":{"rendered":"<p>Este producto se ha vendido. Ponte en contacto con nosotros si buscas algo similar. Esc\u00e1ner TC Toshiba Aquilion CXL 128 cortes Fabricado: Octubre 2011 Localizaci\u00f3n: Australia (EX2979) S. No. QCA11X2058 Recuento actual de exposiciones : 362.018 (661.318 &#8211; 299.300) \u00daltimo cambio de tubo: 14 de septiembre de 2018 Tipo de tubo: MCS-7078D (agosto de 2018) [&hellip;]<\/p>\n","protected":false},"featured_media":23230,"comment_status":"open","ping_status":"closed","template":"","meta":{"_acf_changed":false},"product_brand":[],"product_cat":[156],"product_tag":[237,519,486],"class_list":{"0":"post-51419","1":"product","2":"type-product","3":"status-publish","4":"has-post-thumbnail","6":"product_cat-ct-es","7":"product_tag-australia-es","8":"product_tag-toshiba-es","9":"product_tag-vendido","10":"pa_sku-ex2979-es","12":"first","13":"outofstock","14":"shipping-taxable","15":"purchasable","16":"product-type-simple"},"acf":[],"jetpack_sharing_enabled":true,"_links":{"self":[{"href":"https:\/\/everx.com\/es\/wp-json\/wp\/v2\/product\/51419","targetHints":{"allow":["GET"]}}],"collection":[{"href":"https:\/\/everx.com\/es\/wp-json\/wp\/v2\/product"}],"about":[{"href":"https:\/\/everx.com\/es\/wp-json\/wp\/v2\/types\/product"}],"replies":[{"embeddable":true,"href":"https:\/\/everx.com\/es\/wp-json\/wp\/v2\/comments?post=51419"}],"wp:featuredmedia":[{"embeddable":true,"href":"https:\/\/everx.com\/es\/wp-json\/wp\/v2\/media\/23230"}],"wp:attachment":[{"href":"https:\/\/everx.com\/es\/wp-json\/wp\/v2\/media?parent=51419"}],"wp:term":[{"taxonomy":"product_brand","embeddable":true,"href":"https:\/\/everx.com\/es\/wp-json\/wp\/v2\/product_brand?post=51419"},{"taxonomy":"product_cat","embeddable":true,"href":"https:\/\/everx.com\/es\/wp-json\/wp\/v2\/product_cat?post=51419"},{"taxonomy":"product_tag","embeddable":true,"href":"https:\/\/everx.com\/es\/wp-json\/wp\/v2\/product_tag?post=51419"}],"curies":[{"name":"wp","href":"https:\/\/api.w.org\/{rel}","templated":true}]}}