{"id":51406,"date":"2024-11-02T12:57:20","date_gmt":"2024-11-02T12:57:20","guid":{"rendered":"https:\/\/everx.com\/product\/philips-ingenuity-64-rodajas-ex3035\/"},"modified":"2024-11-02T12:57:20","modified_gmt":"2024-11-02T12:57:20","slug":"philips-ingenuity-64-rodajas-ex3035","status":"publish","type":"product","link":"https:\/\/everx.com\/es\/product\/philips-ingenuity-64-rodajas-ex3035\/","title":{"rendered":"Philips Ingenuity 64 Rodajas EX3035"},"content":{"rendered":"<p>Esc\u00e1ner de TC Philips Ingenuity de 64 cortes<\/p>\n<p>Fabricado: 2015<\/p>\n<p>Ubicaci\u00f3n: Australia (EX3035)<\/p>\n<p>Versi\u00f3n de software: 4.1.7.25030<\/p>\n<p>Tipo de tubo: MRC 880<\/p>\n<p>Tubo sustituido: tubo original de 2015<\/p>\n<p>Seg. de exploraci\u00f3n actuales: 500K<\/p>\n","protected":false},"excerpt":{"rendered":"<p>Esc\u00e1ner de TC Philips Ingenuity de 64 cortes Fabricado: 2015 Ubicaci\u00f3n: Australia (EX3035) Versi\u00f3n de software: 4.1.7.25030 Tipo de tubo: MRC 880 Tubo sustituido: tubo original de 2015 Seg. de exploraci\u00f3n actuales: 500K<\/p>\n","protected":false},"featured_media":23385,"comment_status":"open","ping_status":"closed","template":"","meta":{"_acf_changed":false},"product_brand":[],"product_cat":[156],"product_tag":[237,521,486],"class_list":{"0":"post-51406","1":"product","2":"type-product","3":"status-publish","4":"has-post-thumbnail","6":"product_cat-ct-es","7":"product_tag-australia-es","8":"product_tag-philips-es","9":"product_tag-vendido","10":"pa_sku-ex3035-es","12":"first","13":"outofstock","14":"shipping-taxable","15":"purchasable","16":"product-type-simple"},"acf":[],"jetpack_sharing_enabled":true,"_links":{"self":[{"href":"https:\/\/everx.com\/es\/wp-json\/wp\/v2\/product\/51406","targetHints":{"allow":["GET"]}}],"collection":[{"href":"https:\/\/everx.com\/es\/wp-json\/wp\/v2\/product"}],"about":[{"href":"https:\/\/everx.com\/es\/wp-json\/wp\/v2\/types\/product"}],"replies":[{"embeddable":true,"href":"https:\/\/everx.com\/es\/wp-json\/wp\/v2\/comments?post=51406"}],"wp:featuredmedia":[{"embeddable":true,"href":"https:\/\/everx.com\/es\/wp-json\/wp\/v2\/media\/23385"}],"wp:attachment":[{"href":"https:\/\/everx.com\/es\/wp-json\/wp\/v2\/media?parent=51406"}],"wp:term":[{"taxonomy":"product_brand","embeddable":true,"href":"https:\/\/everx.com\/es\/wp-json\/wp\/v2\/product_brand?post=51406"},{"taxonomy":"product_cat","embeddable":true,"href":"https:\/\/everx.com\/es\/wp-json\/wp\/v2\/product_cat?post=51406"},{"taxonomy":"product_tag","embeddable":true,"href":"https:\/\/everx.com\/es\/wp-json\/wp\/v2\/product_tag?post=51406"}],"curies":[{"name":"wp","href":"https:\/\/api.w.org\/{rel}","templated":true}]}}