{"id":51405,"date":"2024-11-02T12:57:20","date_gmt":"2024-11-02T12:57:20","guid":{"rendered":"https:\/\/everx.com\/product\/hitachi-airis-elite-03t-nex153\/"},"modified":"2024-11-02T12:57:20","modified_gmt":"2024-11-02T12:57:20","slug":"hitachi-airis-elite-03t-nex153","status":"publish","type":"product","link":"https:\/\/everx.com\/es\/product\/hitachi-airis-elite-03t-nex153\/","title":{"rendered":"Hitachi Airis Elite 0,3T NEX153"},"content":{"rendered":"<p><span style=\"color: #cb2026;\">Esta m\u00e1quina se ha vendido. Ponte en contacto con nosotros si buscas algo similar. <\/span><\/p>\n<p>Hitach Airis Elite 0,3T<\/p>\n<p>Fabricado: 2007<\/p>\n<p>Localizaci\u00f3n: Jap\u00f3n (NEX153)<\/p>\n<p>Versi\u00f3n del software: V5.1H<\/p>\n<p>Bobinas: MR-QHC-101 (bobina de cabeza), MR-QKC-101 (bobina de rodilla), MR-JCR-102 (bobina de articulaci\u00f3n M), MR-CSC-101 (bobina vascular de cabeza\/cuello), MR-QFC-102N (bobina corporal M)<\/p>\n","protected":false},"excerpt":{"rendered":"<p>Esta m\u00e1quina se ha vendido. Ponte en contacto con nosotros si buscas algo similar. Hitach Airis Elite 0,3T Fabricado: 2007 Localizaci\u00f3n: Jap\u00f3n (NEX153) Versi\u00f3n del software: V5.1H Bobinas: MR-QHC-101 (bobina de cabeza), MR-QKC-101 (bobina de rodilla), MR-JCR-102 (bobina de articulaci\u00f3n M), MR-CSC-101 (bobina vascular de cabeza\/cuello), MR-QFC-102N (bobina corporal M)<\/p>\n","protected":false},"featured_media":23280,"comment_status":"open","ping_status":"closed","template":"","meta":{"_acf_changed":false},"product_brand":[],"product_cat":[155],"product_tag":[525,508,486],"class_list":{"0":"post-51405","1":"product","2":"type-product","3":"status-publish","4":"has-post-thumbnail","6":"product_cat-mri-es","7":"product_tag-hitachi-es","8":"product_tag-japon","9":"product_tag-vendido","11":"first","12":"outofstock","13":"shipping-taxable","14":"purchasable","15":"product-type-simple"},"acf":[],"jetpack_sharing_enabled":true,"_links":{"self":[{"href":"https:\/\/everx.com\/es\/wp-json\/wp\/v2\/product\/51405","targetHints":{"allow":["GET"]}}],"collection":[{"href":"https:\/\/everx.com\/es\/wp-json\/wp\/v2\/product"}],"about":[{"href":"https:\/\/everx.com\/es\/wp-json\/wp\/v2\/types\/product"}],"replies":[{"embeddable":true,"href":"https:\/\/everx.com\/es\/wp-json\/wp\/v2\/comments?post=51405"}],"wp:featuredmedia":[{"embeddable":true,"href":"https:\/\/everx.com\/es\/wp-json\/wp\/v2\/media\/23280"}],"wp:attachment":[{"href":"https:\/\/everx.com\/es\/wp-json\/wp\/v2\/media?parent=51405"}],"wp:term":[{"taxonomy":"product_brand","embeddable":true,"href":"https:\/\/everx.com\/es\/wp-json\/wp\/v2\/product_brand?post=51405"},{"taxonomy":"product_cat","embeddable":true,"href":"https:\/\/everx.com\/es\/wp-json\/wp\/v2\/product_cat?post=51405"},{"taxonomy":"product_tag","embeddable":true,"href":"https:\/\/everx.com\/es\/wp-json\/wp\/v2\/product_tag?post=51405"}],"curies":[{"name":"wp","href":"https:\/\/api.w.org\/{rel}","templated":true}]}}