{"id":51398,"date":"2024-11-02T12:57:20","date_gmt":"2024-11-02T12:57:20","guid":{"rendered":"https:\/\/everx.com\/product\/hologic-selenia-dimensions-mammo-con-tomo-y-tomo-biopsia-ex3061\/"},"modified":"2024-11-02T12:57:20","modified_gmt":"2024-11-02T12:57:20","slug":"hologic-selenia-dimensions-mammo-con-tomo-y-tomo-biopsia-ex3061","status":"publish","type":"product","link":"https:\/\/everx.com\/es\/product\/hologic-selenia-dimensions-mammo-con-tomo-y-tomo-biopsia-ex3061\/","title":{"rendered":"Hologic Selenia Dimensions Mammo con Tomo y Tomo Biopsia EX3061"},"content":{"rendered":"<p><span style=\"color: #cb2026;\">Este sistema ya est\u00e1 reservado. Ponte en contacto con nosotros si buscas algo similar. <\/span><\/p>\n<p>Hologic Selenia Dimensions Mammo con Tomo y Tomo Biopsia<\/p>\n<p>Fabricado: 2012<\/p>\n<p>Localizaci\u00f3n: Australia (EX3061)<\/p>\n<p>S\/w ver: 1.11.0.8<\/p>\n<p>Tubo fabricado: Junio 2022<\/p>\n<p>Detector : Febrero 2021<\/p>\n<p>Aspectos destacados sobre el sistema:<\/p>\n<ul>\n<li>3D Selenia 9000 (tope de gama en ese momento)<\/li>\n<li>Kit de biopsia<\/li>\n<li>Opci\u00f3n de Tomobiopsia (3D)<\/li>\n<li>Kit completo de remo<\/li>\n<li>Soporte Mag<\/li>\n<li>Accesorios y fantasmas<\/li>\n<li>Actualizaci\u00f3n del PC al software y hardware m\u00e1s recientes hace aproximadamente 3 a\u00f1os<\/li>\n<li>Mantenida bajo contrato de servicio integral durante toda su vida<\/li>\n<\/ul>\n","protected":false},"excerpt":{"rendered":"<p>Este sistema ya est\u00e1 reservado. Ponte en contacto con nosotros si buscas algo similar. Hologic Selenia Dimensions Mammo con Tomo y Tomo Biopsia Fabricado: 2012 Localizaci\u00f3n: Australia (EX3061) S\/w ver: 1.11.0.8 Tubo fabricado: Junio 2022 Detector : Febrero 2021 Aspectos destacados sobre el sistema: 3D Selenia 9000 (tope de gama en ese momento) Kit de [&hellip;]<\/p>\n","protected":false},"featured_media":23296,"comment_status":"open","ping_status":"closed","template":"","meta":{"_acf_changed":false},"product_brand":[],"product_cat":[176],"product_tag":[237,486],"class_list":{"0":"post-51398","1":"product","2":"type-product","3":"status-publish","4":"has-post-thumbnail","6":"product_cat-mammography-es","7":"product_tag-australia-es","8":"product_tag-vendido","10":"first","11":"outofstock","12":"shipping-taxable","13":"purchasable","14":"product-type-simple"},"acf":[],"jetpack_sharing_enabled":true,"_links":{"self":[{"href":"https:\/\/everx.com\/es\/wp-json\/wp\/v2\/product\/51398","targetHints":{"allow":["GET"]}}],"collection":[{"href":"https:\/\/everx.com\/es\/wp-json\/wp\/v2\/product"}],"about":[{"href":"https:\/\/everx.com\/es\/wp-json\/wp\/v2\/types\/product"}],"replies":[{"embeddable":true,"href":"https:\/\/everx.com\/es\/wp-json\/wp\/v2\/comments?post=51398"}],"wp:featuredmedia":[{"embeddable":true,"href":"https:\/\/everx.com\/es\/wp-json\/wp\/v2\/media\/23296"}],"wp:attachment":[{"href":"https:\/\/everx.com\/es\/wp-json\/wp\/v2\/media?parent=51398"}],"wp:term":[{"taxonomy":"product_brand","embeddable":true,"href":"https:\/\/everx.com\/es\/wp-json\/wp\/v2\/product_brand?post=51398"},{"taxonomy":"product_cat","embeddable":true,"href":"https:\/\/everx.com\/es\/wp-json\/wp\/v2\/product_cat?post=51398"},{"taxonomy":"product_tag","embeddable":true,"href":"https:\/\/everx.com\/es\/wp-json\/wp\/v2\/product_tag?post=51398"}],"curies":[{"name":"wp","href":"https:\/\/api.w.org\/{rel}","templated":true}]}}