{"id":51153,"date":"2024-11-02T12:58:07","date_gmt":"2024-11-02T12:58:07","guid":{"rendered":"https:\/\/everx.com\/product\/cx-50-ex2096\/"},"modified":"2025-08-11T05:48:16","modified_gmt":"2025-08-11T05:48:16","slug":"cx-50-ex2096","status":"publish","type":"product","link":"https:\/\/everx.com\/es\/product\/cx-50-ex2096\/","title":{"rendered":"CX 50 &#8211; EX2096"},"content":{"rendered":"<p>Philips CX 50 usado<\/p>\n<p>Fabricado: Diciembre de 2009<\/p>\n<p>Hardware de servicio: Rev A.1<\/p>\n<p>Ubicaci\u00f3n: Australia (EX2096)<\/p>\n<p>Revisi\u00f3n: 3.1.2<\/p>\n<p>Opciones instaladas: Eco Adultos, Redes DICOM, Informes Estructurados DICOM, Contraste LVO, Fisio, Estr\u00e9s, TDI<\/p>\n","protected":false},"excerpt":{"rendered":"<p>Philips CX 50 usado Fabricado: Diciembre de 2009 Hardware de servicio: Rev A.1 Ubicaci\u00f3n: Australia (EX2096) Revisi\u00f3n: 3.1.2 Opciones instaladas: Eco Adultos, Redes DICOM, Informes Estructurados DICOM, Contraste LVO, Fisio, Estr\u00e9s, TDI<\/p>\n","protected":false},"featured_media":29691,"comment_status":"open","ping_status":"closed","template":"","meta":{"_acf_changed":false},"product_brand":[],"product_cat":[158],"product_tag":[237,238,521],"class_list":{"0":"post-51153","1":"product","2":"type-product","3":"status-publish","4":"has-post-thumbnail","6":"product_cat-ecografia","7":"product_tag-australia-es","8":"product_tag-available-es","9":"product_tag-philips-es","11":"first","12":"instock","13":"shipping-taxable","14":"purchasable","15":"product-type-simple"},"acf":[],"jetpack_sharing_enabled":true,"_links":{"self":[{"href":"https:\/\/everx.com\/es\/wp-json\/wp\/v2\/product\/51153","targetHints":{"allow":["GET"]}}],"collection":[{"href":"https:\/\/everx.com\/es\/wp-json\/wp\/v2\/product"}],"about":[{"href":"https:\/\/everx.com\/es\/wp-json\/wp\/v2\/types\/product"}],"replies":[{"embeddable":true,"href":"https:\/\/everx.com\/es\/wp-json\/wp\/v2\/comments?post=51153"}],"wp:featuredmedia":[{"embeddable":true,"href":"https:\/\/everx.com\/es\/wp-json\/wp\/v2\/media\/29691"}],"wp:attachment":[{"href":"https:\/\/everx.com\/es\/wp-json\/wp\/v2\/media?parent=51153"}],"wp:term":[{"taxonomy":"product_brand","embeddable":true,"href":"https:\/\/everx.com\/es\/wp-json\/wp\/v2\/product_brand?post=51153"},{"taxonomy":"product_cat","embeddable":true,"href":"https:\/\/everx.com\/es\/wp-json\/wp\/v2\/product_cat?post=51153"},{"taxonomy":"product_tag","embeddable":true,"href":"https:\/\/everx.com\/es\/wp-json\/wp\/v2\/product_tag?post=51153"}],"curies":[{"name":"wp","href":"https:\/\/api.w.org\/{rel}","templated":true}]}}