{"id":51055,"date":"2024-11-02T12:58:07","date_gmt":"2024-11-02T12:58:07","guid":{"rendered":"https:\/\/everx.com\/product\/definicion-siemens-as-64-slice-nex10\/"},"modified":"2024-11-02T12:58:07","modified_gmt":"2024-11-02T12:58:07","slug":"definicion-siemens-as-64-slice-nex10","status":"publish","type":"product","link":"https:\/\/everx.com\/es\/product\/definicion-siemens-as-64-slice-nex10\/","title":{"rendered":"Definici\u00f3n Siemens AS -64 SLICE -NEX10"},"content":{"rendered":"<p><strong><span style=\"color: #ce5028;\">Este sistema ya se ha vendido. Av\u00edsanos si buscas un producto similar. <\/span><\/strong><\/p>\n<p>Esc\u00e1ner de TC Siemens Definition AS -64 SLICE con <u><strong><span style=\"color: #cb2026;\">Junio 2020 tubo<\/span><\/strong><\/u> Fabricado: AGOSTO 2011 Ubicaci\u00f3n actual : JAP\u00d3N(NEX10) Tipo de tubo: Straton MX P \u00daltimo cambio de tubo: Junio 2020 Tipo IRS: IRSmx3c Torre ICS: 13E Opciones instaladas: GET_WORKLIST, CAP3D_FILTER_SSD, CAP3D_FILTER_MIP,CAP3D_MAIN, CAP3D_VOIMODE, BOLUS TRACK, CARE_DOSE, SYNGO_GENERAL_LICENSE, CAP3D_FILTER_VRT, CAP3D_EDITOR, MPPS_SUPPORT, VOLUME_WORKFLOW, CTAPP_MAIN, CTAPP_FILTER_MIP, DEFINITION_AS, SLICE_64, DE_SINGLE_SOURCE_RESEARCH, CARE_DOSE_ADJUST, CARE_DOSE_ PROFILE, CARE_DOSE_DASHBOARD, CTAPP_DUALENERGY_MONO_E, VOLTAGE_70KV, CARE_DOSE_AUTOKV, RECON_ITERATIVE_STEP1, SCAN_TILTEDSPIRAL, MR_Support_i, FAST_3D_ALIGN<\/p>\n","protected":false},"excerpt":{"rendered":"<p>Este sistema ya se ha vendido. Av\u00edsanos si buscas un producto similar. Esc\u00e1ner de TC Siemens Definition AS -64 SLICE con Junio 2020 tubo Fabricado: AGOSTO 2011 Ubicaci\u00f3n actual : JAP\u00d3N(NEX10) Tipo de tubo: Straton MX P \u00daltimo cambio de tubo: Junio 2020 Tipo IRS: IRSmx3c Torre ICS: 13E Opciones instaladas: GET_WORKLIST, CAP3D_FILTER_SSD, CAP3D_FILTER_MIP,CAP3D_MAIN, CAP3D_VOIMODE, [&hellip;]<\/p>\n","protected":false},"featured_media":29738,"comment_status":"open","ping_status":"closed","template":"","meta":{"_acf_changed":false},"product_brand":[],"product_cat":[156],"product_tag":[508,523,486],"class_list":{"0":"post-51055","1":"product","2":"type-product","3":"status-publish","4":"has-post-thumbnail","6":"product_cat-ct-es","7":"product_tag-japon","8":"product_tag-siemens-es","9":"product_tag-vendido","11":"first","12":"outofstock","13":"shipping-taxable","14":"purchasable","15":"product-type-simple"},"acf":[],"jetpack_sharing_enabled":true,"_links":{"self":[{"href":"https:\/\/everx.com\/es\/wp-json\/wp\/v2\/product\/51055","targetHints":{"allow":["GET"]}}],"collection":[{"href":"https:\/\/everx.com\/es\/wp-json\/wp\/v2\/product"}],"about":[{"href":"https:\/\/everx.com\/es\/wp-json\/wp\/v2\/types\/product"}],"replies":[{"embeddable":true,"href":"https:\/\/everx.com\/es\/wp-json\/wp\/v2\/comments?post=51055"}],"wp:featuredmedia":[{"embeddable":true,"href":"https:\/\/everx.com\/es\/wp-json\/wp\/v2\/media\/29738"}],"wp:attachment":[{"href":"https:\/\/everx.com\/es\/wp-json\/wp\/v2\/media?parent=51055"}],"wp:term":[{"taxonomy":"product_brand","embeddable":true,"href":"https:\/\/everx.com\/es\/wp-json\/wp\/v2\/product_brand?post=51055"},{"taxonomy":"product_cat","embeddable":true,"href":"https:\/\/everx.com\/es\/wp-json\/wp\/v2\/product_cat?post=51055"},{"taxonomy":"product_tag","embeddable":true,"href":"https:\/\/everx.com\/es\/wp-json\/wp\/v2\/product_tag?post=51055"}],"curies":[{"name":"wp","href":"https:\/\/api.w.org\/{rel}","templated":true}]}}