{"id":50906,"date":"2024-11-02T12:58:03","date_gmt":"2024-11-02T12:58:03","guid":{"rendered":"https:\/\/everx.com\/product\/hitachi-eclos-16-rodajas-nex15\/"},"modified":"2024-11-02T12:58:03","modified_gmt":"2024-11-02T12:58:03","slug":"hitachi-eclos-16-rodajas-nex15","status":"publish","type":"product","link":"https:\/\/everx.com\/es\/product\/hitachi-eclos-16-rodajas-nex15\/","title":{"rendered":"Hitachi Eclos 16 Rodajas &#8211; NEX15"},"content":{"rendered":"<p><strong><span style=\"color: #cb2026;\">Este sistema ya se ha vendido. Av\u00edsanos si buscas un producto similar. <\/span><\/strong><\/p>\n<p>Esc\u00e1ner de TC Hitachi Eclos de 16 cortes Fabricado: Ubicaci\u00f3n actual : Jap\u00f3n Tipo de tubo: 3.5MHU Tubo sustituido: 2018<\/p>\n","protected":false},"excerpt":{"rendered":"<p>Este sistema ya se ha vendido. Av\u00edsanos si buscas un producto similar. Esc\u00e1ner de TC Hitachi Eclos de 16 cortes Fabricado: Ubicaci\u00f3n actual : Jap\u00f3n Tipo de tubo: 3.5MHU Tubo sustituido: 2018<\/p>\n","protected":false},"featured_media":30041,"comment_status":"open","ping_status":"closed","template":"","meta":{"_acf_changed":false},"product_brand":[],"product_cat":[156],"product_tag":[525,508,486],"class_list":{"0":"post-50906","1":"product","2":"type-product","3":"status-publish","4":"has-post-thumbnail","6":"product_cat-ct-es","7":"product_tag-hitachi-es","8":"product_tag-japon","9":"product_tag-vendido","11":"first","12":"outofstock","13":"shipping-taxable","14":"purchasable","15":"product-type-simple"},"acf":[],"jetpack_sharing_enabled":true,"_links":{"self":[{"href":"https:\/\/everx.com\/es\/wp-json\/wp\/v2\/product\/50906","targetHints":{"allow":["GET"]}}],"collection":[{"href":"https:\/\/everx.com\/es\/wp-json\/wp\/v2\/product"}],"about":[{"href":"https:\/\/everx.com\/es\/wp-json\/wp\/v2\/types\/product"}],"replies":[{"embeddable":true,"href":"https:\/\/everx.com\/es\/wp-json\/wp\/v2\/comments?post=50906"}],"wp:featuredmedia":[{"embeddable":true,"href":"https:\/\/everx.com\/es\/wp-json\/wp\/v2\/media\/30041"}],"wp:attachment":[{"href":"https:\/\/everx.com\/es\/wp-json\/wp\/v2\/media?parent=50906"}],"wp:term":[{"taxonomy":"product_brand","embeddable":true,"href":"https:\/\/everx.com\/es\/wp-json\/wp\/v2\/product_brand?post=50906"},{"taxonomy":"product_cat","embeddable":true,"href":"https:\/\/everx.com\/es\/wp-json\/wp\/v2\/product_cat?post=50906"},{"taxonomy":"product_tag","embeddable":true,"href":"https:\/\/everx.com\/es\/wp-json\/wp\/v2\/product_tag?post=50906"}],"curies":[{"name":"wp","href":"https:\/\/api.w.org\/{rel}","templated":true}]}}