{"id":50890,"date":"2024-11-02T12:58:02","date_gmt":"2024-11-02T12:58:02","guid":{"rendered":"https:\/\/everx.com\/product\/toshiba-aquilion-16-ex2270\/"},"modified":"2025-08-11T05:36:08","modified_gmt":"2025-08-11T05:36:08","slug":"toshiba-aquilion-16-ex2270","status":"publish","type":"product","link":"https:\/\/everx.com\/es\/product\/toshiba-aquilion-16-ex2270\/","title":{"rendered":"Toshiba Aquilion 16 &#8211; EX2270"},"content":{"rendered":"<p><strong><span style=\"color: #cb2026;\">Este sistema ya se ha vendido. Av\u00edsanos si buscas un producto similar. <\/span><\/strong><\/p>\n<p>Tom\u00f3grafo Toshiba Aquilion 16 usado<\/p>\n<p>Fabricado: Diciembre 2009<\/p>\n<p>Localizaci\u00f3n: Australia (EX2270)<\/p>\n<p>S\/W ver: V3.38ER005<\/p>\n<p>Tipo de tubo: MCS-7078D<\/p>\n<p><span style=\"color: #cb2026;\"><strong>SliceTime actual : 333.687,6<\/strong><\/span><\/p>\n<p>\u00daltimo cambio de tubo: 02 Sep 2014<\/p>\n<p>Opciones instaladas:<br \/> DIM_EXP, D_PRT_BW, D_PRT_COLOR, MULTIVISTA, PRINT_SCU, QDSCAN, REALEC, REAL_PREP, REAL_VIEW, STRG_SCU,<\/p>\n\n<p><\/p>\n","protected":false},"excerpt":{"rendered":"<p>Este sistema ya se ha vendido. Av\u00edsanos si buscas un producto similar. Tom\u00f3grafo Toshiba Aquilion 16 usado Fabricado: Diciembre 2009 Localizaci\u00f3n: Australia (EX2270) S\/W ver: V3.38ER005 Tipo de tubo: MCS-7078D SliceTime actual : 333.687,6 \u00daltimo cambio de tubo: 02 Sep 2014 Opciones instaladas: DIM_EXP, D_PRT_BW, D_PRT_COLOR, MULTIVISTA, PRINT_SCU, QDSCAN, REALEC, REAL_PREP, REAL_VIEW, STRG_SCU,<\/p>\n","protected":false},"featured_media":30274,"comment_status":"open","ping_status":"closed","template":"","meta":{"_acf_changed":false},"product_brand":[],"product_cat":[156],"product_tag":[237,519,486],"class_list":{"0":"post-50890","1":"product","2":"type-product","3":"status-publish","4":"has-post-thumbnail","6":"product_cat-ct-es","7":"product_tag-australia-es","8":"product_tag-toshiba-es","9":"product_tag-vendido","11":"first","12":"outofstock","13":"shipping-taxable","14":"purchasable","15":"product-type-simple"},"acf":[],"jetpack_sharing_enabled":true,"_links":{"self":[{"href":"https:\/\/everx.com\/es\/wp-json\/wp\/v2\/product\/50890","targetHints":{"allow":["GET"]}}],"collection":[{"href":"https:\/\/everx.com\/es\/wp-json\/wp\/v2\/product"}],"about":[{"href":"https:\/\/everx.com\/es\/wp-json\/wp\/v2\/types\/product"}],"replies":[{"embeddable":true,"href":"https:\/\/everx.com\/es\/wp-json\/wp\/v2\/comments?post=50890"}],"wp:featuredmedia":[{"embeddable":true,"href":"https:\/\/everx.com\/es\/wp-json\/wp\/v2\/media\/30274"}],"wp:attachment":[{"href":"https:\/\/everx.com\/es\/wp-json\/wp\/v2\/media?parent=50890"}],"wp:term":[{"taxonomy":"product_brand","embeddable":true,"href":"https:\/\/everx.com\/es\/wp-json\/wp\/v2\/product_brand?post=50890"},{"taxonomy":"product_cat","embeddable":true,"href":"https:\/\/everx.com\/es\/wp-json\/wp\/v2\/product_cat?post=50890"},{"taxonomy":"product_tag","embeddable":true,"href":"https:\/\/everx.com\/es\/wp-json\/wp\/v2\/product_tag?post=50890"}],"curies":[{"name":"wp","href":"https:\/\/api.w.org\/{rel}","templated":true}]}}