{"id":50889,"date":"2024-11-02T12:58:02","date_gmt":"2024-11-02T12:58:02","guid":{"rendered":"https:\/\/everx.com\/product\/ge-revolution-act-16-nex19\/"},"modified":"2024-11-02T12:58:02","modified_gmt":"2024-11-02T12:58:02","slug":"ge-revolution-act-16-nex19","status":"publish","type":"product","link":"https:\/\/everx.com\/es\/product\/ge-revolution-act-16-nex19\/","title":{"rendered":"GE Revolution ACT 16 &#8211; NEX19"},"content":{"rendered":"<p><strong><span style=\"color: #cb2026;\">Este sistema ya se ha vendido. Av\u00edsanos si buscas un producto similar. <\/span><\/strong><\/p>\n<p>Esc\u00e1ner de TC GE Revolution ACT de 16 cortes<\/p>\n<p><span style=\"color: #cb2026;\"><strong>El sistema tiene S\u00d3LO UN A\u00d1O<\/strong><\/span><\/p>\n<p>Fabricado: 2020 Ubicaci\u00f3n actual : Jap\u00f3n (NEX19) Tipo de tubo: MX_135CTX Tubo Sustituido: Octubre de 2020 Tubo mAs: 5 millones de mAs Opciones: Modulaci\u00f3n de dosis en \u00f3rganos, AutomA, Transici\u00f3n din\u00e1mica, 40KVA, Preparaci\u00f3n inteligente, Grosor de corte sub MM, Sub segundo, Serie de im\u00e1genes 3000, Exportaci\u00f3n de datos, Direct-MPR, CopyCoposer, ANRT, Recon-Axial superpuesto, SmartPlan, Ulta Kernel, VolumeViewer, AutoBone_Xpress, EnhancedRecon, ASIR, Connect Pro, Exam Split<\/p>\n","protected":false},"excerpt":{"rendered":"<p>Este sistema ya se ha vendido. Av\u00edsanos si buscas un producto similar. Esc\u00e1ner de TC GE Revolution ACT de 16 cortes El sistema tiene S\u00d3LO UN A\u00d1O Fabricado: 2020 Ubicaci\u00f3n actual : Jap\u00f3n (NEX19) Tipo de tubo: MX_135CTX Tubo Sustituido: Octubre de 2020 Tubo mAs: 5 millones de mAs Opciones: Modulaci\u00f3n de dosis en \u00f3rganos, [&hellip;]<\/p>\n","protected":false},"featured_media":30181,"comment_status":"open","ping_status":"closed","template":"","meta":{"_acf_changed":false},"product_brand":[],"product_cat":[156],"product_tag":[239,508,486],"class_list":{"0":"post-50889","1":"product","2":"type-product","3":"status-publish","4":"has-post-thumbnail","6":"product_cat-ct-es","7":"product_tag-ge-es","8":"product_tag-japon","9":"product_tag-vendido","11":"first","12":"outofstock","13":"shipping-taxable","14":"purchasable","15":"product-type-simple"},"acf":[],"jetpack_sharing_enabled":true,"_links":{"self":[{"href":"https:\/\/everx.com\/es\/wp-json\/wp\/v2\/product\/50889","targetHints":{"allow":["GET"]}}],"collection":[{"href":"https:\/\/everx.com\/es\/wp-json\/wp\/v2\/product"}],"about":[{"href":"https:\/\/everx.com\/es\/wp-json\/wp\/v2\/types\/product"}],"replies":[{"embeddable":true,"href":"https:\/\/everx.com\/es\/wp-json\/wp\/v2\/comments?post=50889"}],"wp:featuredmedia":[{"embeddable":true,"href":"https:\/\/everx.com\/es\/wp-json\/wp\/v2\/media\/30181"}],"wp:attachment":[{"href":"https:\/\/everx.com\/es\/wp-json\/wp\/v2\/media?parent=50889"}],"wp:term":[{"taxonomy":"product_brand","embeddable":true,"href":"https:\/\/everx.com\/es\/wp-json\/wp\/v2\/product_brand?post=50889"},{"taxonomy":"product_cat","embeddable":true,"href":"https:\/\/everx.com\/es\/wp-json\/wp\/v2\/product_cat?post=50889"},{"taxonomy":"product_tag","embeddable":true,"href":"https:\/\/everx.com\/es\/wp-json\/wp\/v2\/product_tag?post=50889"}],"curies":[{"name":"wp","href":"https:\/\/api.w.org\/{rel}","templated":true}]}}