{"id":50888,"date":"2024-11-02T12:58:02","date_gmt":"2024-11-02T12:58:02","guid":{"rendered":"https:\/\/everx.com\/product\/ge-brightspeed-elite-16-nex16\/"},"modified":"2024-11-02T12:58:02","modified_gmt":"2024-11-02T12:58:02","slug":"ge-brightspeed-elite-16-nex16","status":"publish","type":"product","link":"https:\/\/everx.com\/es\/product\/ge-brightspeed-elite-16-nex16\/","title":{"rendered":"GE Brightspeed Elite 16 &#8211; NEX16"},"content":{"rendered":"<p><span style=\"color: #cb2026;\"><strong>Este sistema ya se ha vendido. Av\u00edsanos si buscas un producto similar. <\/strong><\/span><\/p>\n<p>Esc\u00e1ner de TC GE Brightspeed Elite de 16 cortes Fabricado: 2006 Ubicaci\u00f3n actual : Jap\u00f3n (NEX16) Tipo de tubo: Performix Tubo sustituido: Sept 2020 Tubo mAs: 45 millones de mAs (aprox.) Opciones: Smart Prep, Direct-3D, Direct-MPR, Exportaci\u00f3n de datos, Serie de im\u00e1genes 3000, AutomA, CopyComposer, 90kVA, Inclinaci\u00f3n helicoidal, Smart Speed, Paciente-16 cortes, {pwer440, VolumeViewer, AutoBone, Connect Pro<\/p>\n","protected":false},"excerpt":{"rendered":"<p>Este sistema ya se ha vendido. Av\u00edsanos si buscas un producto similar. Esc\u00e1ner de TC GE Brightspeed Elite de 16 cortes Fabricado: 2006 Ubicaci\u00f3n actual : Jap\u00f3n (NEX16) Tipo de tubo: Performix Tubo sustituido: Sept 2020 Tubo mAs: 45 millones de mAs (aprox.) Opciones: Smart Prep, Direct-3D, Direct-MPR, Exportaci\u00f3n de datos, Serie de im\u00e1genes 3000, [&hellip;]<\/p>\n","protected":false},"featured_media":30300,"comment_status":"open","ping_status":"closed","template":"","meta":{"_acf_changed":false},"product_brand":[],"product_cat":[156],"product_tag":[239,508,486],"class_list":{"0":"post-50888","1":"product","2":"type-product","3":"status-publish","4":"has-post-thumbnail","6":"product_cat-ct-es","7":"product_tag-ge-es","8":"product_tag-japon","9":"product_tag-vendido","11":"first","12":"outofstock","13":"shipping-taxable","14":"purchasable","15":"product-type-simple"},"acf":[],"jetpack_sharing_enabled":true,"_links":{"self":[{"href":"https:\/\/everx.com\/es\/wp-json\/wp\/v2\/product\/50888","targetHints":{"allow":["GET"]}}],"collection":[{"href":"https:\/\/everx.com\/es\/wp-json\/wp\/v2\/product"}],"about":[{"href":"https:\/\/everx.com\/es\/wp-json\/wp\/v2\/types\/product"}],"replies":[{"embeddable":true,"href":"https:\/\/everx.com\/es\/wp-json\/wp\/v2\/comments?post=50888"}],"wp:featuredmedia":[{"embeddable":true,"href":"https:\/\/everx.com\/es\/wp-json\/wp\/v2\/media\/30300"}],"wp:attachment":[{"href":"https:\/\/everx.com\/es\/wp-json\/wp\/v2\/media?parent=50888"}],"wp:term":[{"taxonomy":"product_brand","embeddable":true,"href":"https:\/\/everx.com\/es\/wp-json\/wp\/v2\/product_brand?post=50888"},{"taxonomy":"product_cat","embeddable":true,"href":"https:\/\/everx.com\/es\/wp-json\/wp\/v2\/product_cat?post=50888"},{"taxonomy":"product_tag","embeddable":true,"href":"https:\/\/everx.com\/es\/wp-json\/wp\/v2\/product_tag?post=50888"}],"curies":[{"name":"wp","href":"https:\/\/api.w.org\/{rel}","templated":true}]}}