{"id":50887,"date":"2024-11-02T12:58:02","date_gmt":"2024-11-02T12:58:02","guid":{"rendered":"https:\/\/everx.com\/product\/toshiba-aquilion-cxl-128-nex18\/"},"modified":"2024-11-02T12:58:02","modified_gmt":"2024-11-02T12:58:02","slug":"toshiba-aquilion-cxl-128-nex18","status":"publish","type":"product","link":"https:\/\/everx.com\/es\/product\/toshiba-aquilion-cxl-128-nex18\/","title":{"rendered":"Toshiba Aquilion CXL 128 &#8211; NEX18"},"content":{"rendered":"<p><strong><span style=\"color: #cb2026;\">Este sistema ya se ha vendido. Av\u00edsanos si buscas un producto similar. <\/span><\/strong><\/p>\n<p>Esc\u00e1ner de TC usado Toshiba Aquilion CXL 128 CON TUBO 2020 + OPCIONES DE CARDIAC Fabricado: 2011 Ubicaci\u00f3n actual : Jap\u00f3n (NEX18) Tipo de tubo: Tubo de rayos X CXB 750D \u00daltima modificaci\u00f3n: 17 de julio de 2020<\/p>\n<p><span style=\"color: #cb2026;\"><strong>Tiempo de corte actual : 162.979,8<\/strong><\/span><\/p>\n<p>Opciones instaladas:<br \/>\nALATO_3DVIEWER, ALATO_ MULTISLICECT, ALATO_STANDARD, CARDIAC, CARDIACPATCH, CARDIACRECON, CARDIAC_PR0SPECTIVE, DIM_EXP,DOUBLE SLICE, D_PRT_BW, D_PRT_COLOR, EHCT_SCP, EHCT_SCU, IMG500K, INJECTORSYNC, MULTIVIEW, MWM_SCU,<\/p>\n","protected":false},"excerpt":{"rendered":"<p>Este sistema ya se ha vendido. Av\u00edsanos si buscas un producto similar. Esc\u00e1ner de TC usado Toshiba Aquilion CXL 128 CON TUBO 2020 + OPCIONES DE CARDIAC Fabricado: 2011 Ubicaci\u00f3n actual : Jap\u00f3n (NEX18) Tipo de tubo: Tubo de rayos X CXB 750D \u00daltima modificaci\u00f3n: 17 de julio de 2020 Tiempo de corte actual : [&hellip;]<\/p>\n","protected":false},"featured_media":30212,"comment_status":"open","ping_status":"closed","template":"","meta":{"_acf_changed":false},"product_brand":[],"product_cat":[156],"product_tag":[508,519,486],"class_list":{"0":"post-50887","1":"product","2":"type-product","3":"status-publish","4":"has-post-thumbnail","6":"product_cat-ct-es","7":"product_tag-japon","8":"product_tag-toshiba-es","9":"product_tag-vendido","11":"first","12":"outofstock","13":"shipping-taxable","14":"purchasable","15":"product-type-simple"},"acf":[],"jetpack_sharing_enabled":true,"_links":{"self":[{"href":"https:\/\/everx.com\/es\/wp-json\/wp\/v2\/product\/50887","targetHints":{"allow":["GET"]}}],"collection":[{"href":"https:\/\/everx.com\/es\/wp-json\/wp\/v2\/product"}],"about":[{"href":"https:\/\/everx.com\/es\/wp-json\/wp\/v2\/types\/product"}],"replies":[{"embeddable":true,"href":"https:\/\/everx.com\/es\/wp-json\/wp\/v2\/comments?post=50887"}],"wp:featuredmedia":[{"embeddable":true,"href":"https:\/\/everx.com\/es\/wp-json\/wp\/v2\/media\/30212"}],"wp:attachment":[{"href":"https:\/\/everx.com\/es\/wp-json\/wp\/v2\/media?parent=50887"}],"wp:term":[{"taxonomy":"product_brand","embeddable":true,"href":"https:\/\/everx.com\/es\/wp-json\/wp\/v2\/product_brand?post=50887"},{"taxonomy":"product_cat","embeddable":true,"href":"https:\/\/everx.com\/es\/wp-json\/wp\/v2\/product_cat?post=50887"},{"taxonomy":"product_tag","embeddable":true,"href":"https:\/\/everx.com\/es\/wp-json\/wp\/v2\/product_tag?post=50887"}],"curies":[{"name":"wp","href":"https:\/\/api.w.org\/{rel}","templated":true}]}}