{"id":50467,"date":"2025-06-18T03:17:13","date_gmt":"2025-06-17T17:17:13","guid":{"rendered":"https:\/\/everx.com\/product\/ge-logiq-usado\/"},"modified":"2025-08-08T06:57:58","modified_gmt":"2025-08-08T06:57:58","slug":"ge-logiq-usado","status":"publish","type":"product","link":"https:\/\/everx.com\/es\/product\/ge-logiq-usado\/","title":{"rendered":"GE Logiq usado"},"content":{"rendered":"\n<pre class=\"wp-block-preformatted\">Ec\u00f3grafo GE Logiq E9 usado<br\/><br\/>Fabricado: marzo de 2010<br\/><br\/>Ubicaci\u00f3n: Australia (EX3949) Versi\u00f3n de software: R3.1.3<br\/><br\/>Opciones instaladas: DICOM, Asistente de escaneo, LogiqView, VCI est\u00e1tico, Navegaci\u00f3n por volumen, True 3D, 4D, BT 2011<br\/><br\/>Sondas disponibles: C1-5-D<\/pre>\n\n<p><\/p>\n","protected":false},"excerpt":{"rendered":"<p>Ec\u00f3grafo GE Logiq E9 usadoFabricado: marzo de 2010Ubicaci\u00f3n: Australia (EX3949) Versi\u00f3n de software: R3.1.3Opciones instaladas: DICOM, Asistente de escaneo, LogiqView, VCI est\u00e1tico, Navegaci\u00f3n por volumen, True 3D, 4D, BT 2011Sondas disponibles: C1-5-D<\/p>\n","protected":false},"featured_media":48441,"comment_status":"open","ping_status":"closed","template":"","meta":{"_acf_changed":false},"product_brand":[],"product_cat":[158],"product_tag":[237,238,239],"class_list":{"0":"post-50467","1":"product","2":"type-product","3":"status-publish","4":"has-post-thumbnail","6":"product_cat-ecografia","7":"product_tag-australia-es","8":"product_tag-available-es","9":"product_tag-ge-es","10":"pa_sku-ex3949-es","12":"first","13":"instock","14":"shipping-taxable","15":"product-type-simple"},"acf":[],"jetpack_sharing_enabled":true,"_links":{"self":[{"href":"https:\/\/everx.com\/es\/wp-json\/wp\/v2\/product\/50467","targetHints":{"allow":["GET"]}}],"collection":[{"href":"https:\/\/everx.com\/es\/wp-json\/wp\/v2\/product"}],"about":[{"href":"https:\/\/everx.com\/es\/wp-json\/wp\/v2\/types\/product"}],"replies":[{"embeddable":true,"href":"https:\/\/everx.com\/es\/wp-json\/wp\/v2\/comments?post=50467"}],"wp:featuredmedia":[{"embeddable":true,"href":"https:\/\/everx.com\/es\/wp-json\/wp\/v2\/media\/48441"}],"wp:attachment":[{"href":"https:\/\/everx.com\/es\/wp-json\/wp\/v2\/media?parent=50467"}],"wp:term":[{"taxonomy":"product_brand","embeddable":true,"href":"https:\/\/everx.com\/es\/wp-json\/wp\/v2\/product_brand?post=50467"},{"taxonomy":"product_cat","embeddable":true,"href":"https:\/\/everx.com\/es\/wp-json\/wp\/v2\/product_cat?post=50467"},{"taxonomy":"product_tag","embeddable":true,"href":"https:\/\/everx.com\/es\/wp-json\/wp\/v2\/product_tag?post=50467"}],"curies":[{"name":"wp","href":"https:\/\/api.w.org\/{rel}","templated":true}]}}