{"id":50465,"date":"2025-06-19T02:12:11","date_gmt":"2025-06-19T02:12:11","guid":{"rendered":"https:\/\/everx.com\/product\/definicion-de-siemens-flash\/"},"modified":"2025-08-08T06:50:22","modified_gmt":"2025-08-08T06:50:22","slug":"definicion-de-siemens-flash","status":"publish","type":"product","link":"https:\/\/everx.com\/es\/product\/definicion-de-siemens-flash\/","title":{"rendered":"Definici\u00f3n de Siemens Flash"},"content":{"rendered":"\n<pre class=\"wp-block-preformatted has-roboto-font-family\">Tom\u00f3grafo Siemens Definition Flash. Fabricado: diciembre de 2014. N.\u00ba de serie del sistema: 74920.<br\/><br\/>Ubicaci\u00f3n: Australia (EX4081). Tipo de tubo: STRATON MX P.<br\/>Tubo A. Segundos de escaneo: 402 638. Tubo cambiado: 17 de septiembre de 2020 (fabricado en 2020). Tubo B. Segundos de escaneo: 77 187. Tubo cambiado: 1 de junio de 2022 (fabricado en 2021). Versi\u00f3n de software: VA48A.<br\/><br\/>Opciones instaladas: GET_WORKLIST, CAP3D_FILTER_SSD, CAP3D_FILTER_MIP, CAP3D_MAIN, CAP3D_VOIMODE, CARDIO_PRO, CARDIO_RETRO, BOLUS_TRACK, CA_SCORE, CARE_DOSE, SYNGO_GENERAL_LICENSE, CAP3D_FULTER_VRT. EDITOR CAP3D, SOPORTE MPPS, FLUJO DE TRABAJO DE VOLUMEN, CTAPP_PRINCIPAL, DUAL_MON, UHR_03, UHR, ELIMINACI\u00d3N DE HUESO CAP3D, MULTIMONITOR CAP3D, VISOR SR DICOM, FILTRO CTAPP_VRT, FILTRO CTAPP_MIP, CTAPP_FUSIONBASE, VISTA DE CLIPS DE FUSION CTAPP, DISE\u00d1O DE FUSION CTAPP, B\u00daSQUEDA DE MEJOR FASE CARDIO, RECONSTRUCCI\u00d3N DE ESCANEO DE ENERG\u00cdA DUAL, FILTRO CTAPP_SSD, CT_NEURO_DSA, VISOR DE FASES CTAPP_CVF, POTENCIA M\u00c1XIMA, REGI\u00d3N AUTOM\u00c1TICA DE ESCANEO, AJUSTE DE DOSIS DE CUIDADO, PERFIL DE DOSIS DE CUIDADO, TABLERO DE DOSIS DE CUIDADO, CTAPP_DUALENERGY_MONO_E, FLASH DE DEFINICI\u00d3N, MEDIO LATIDO CARDIO, ESPIRAL_ALTA, VOLTAJE_70KV, DOSIS_DE_CUIDADO_AUTOKV, RECON_REGI\u00d3N_DE_ESPIRAL, RECON_ITERATIVO_PASO_1, ENERG\u00cdA_DUAL_R\u00c1PIDA, Soporte_MR_i, ALINEACI\u00d3N_3D_R\u00c1PIDA<\/pre>\n\n<p><\/p>\n","protected":false},"excerpt":{"rendered":"<p>Tom\u00f3grafo Siemens Definition Flash. Fabricado: diciembre de 2014. N.\u00ba de serie del sistema: 74920.Ubicaci\u00f3n: Australia (EX4081). Tipo de tubo: STRATON MX P.Tubo A. Segundos de escaneo: 402 638. Tubo cambiado: 17 de septiembre de 2020 (fabricado en 2020). Tubo B. Segundos de escaneo: 77 187. Tubo cambiado: 1 de junio de 2022 (fabricado en 2021). [&hellip;]<\/p>\n","protected":false},"featured_media":48454,"comment_status":"open","ping_status":"closed","template":"","meta":{"_acf_changed":false},"product_brand":[],"product_cat":[156],"product_tag":[496,523,486],"class_list":{"0":"post-50465","1":"product","2":"type-product","3":"status-publish","4":"has-post-thumbnail","6":"product_cat-ct-es","7":"product_tag-ee-uu","8":"product_tag-siemens-es","9":"product_tag-vendido","10":"pa_sku-ex4081-es","12":"first","13":"outofstock","14":"shipping-taxable","15":"product-type-simple"},"acf":[],"jetpack_sharing_enabled":true,"_links":{"self":[{"href":"https:\/\/everx.com\/es\/wp-json\/wp\/v2\/product\/50465","targetHints":{"allow":["GET"]}}],"collection":[{"href":"https:\/\/everx.com\/es\/wp-json\/wp\/v2\/product"}],"about":[{"href":"https:\/\/everx.com\/es\/wp-json\/wp\/v2\/types\/product"}],"replies":[{"embeddable":true,"href":"https:\/\/everx.com\/es\/wp-json\/wp\/v2\/comments?post=50465"}],"wp:featuredmedia":[{"embeddable":true,"href":"https:\/\/everx.com\/es\/wp-json\/wp\/v2\/media\/48454"}],"wp:attachment":[{"href":"https:\/\/everx.com\/es\/wp-json\/wp\/v2\/media?parent=50465"}],"wp:term":[{"taxonomy":"product_brand","embeddable":true,"href":"https:\/\/everx.com\/es\/wp-json\/wp\/v2\/product_brand?post=50465"},{"taxonomy":"product_cat","embeddable":true,"href":"https:\/\/everx.com\/es\/wp-json\/wp\/v2\/product_cat?post=50465"},{"taxonomy":"product_tag","embeddable":true,"href":"https:\/\/everx.com\/es\/wp-json\/wp\/v2\/product_tag?post=50465"}],"curies":[{"name":"wp","href":"https:\/\/api.w.org\/{rel}","templated":true}]}}