{"id":50435,"date":"2025-08-08T02:39:34","date_gmt":"2025-08-08T02:39:34","guid":{"rendered":"https:\/\/everx.com\/product\/toshiba-vantage-elan-1-5t\/"},"modified":"2025-08-08T06:08:46","modified_gmt":"2025-08-08T06:08:46","slug":"toshiba-vantage-elan-1-5t","status":"publish","type":"product","link":"https:\/\/everx.com\/es\/product\/toshiba-vantage-elan-1-5t\/","title":{"rendered":"Toshiba Vantage Elan 1.5T"},"content":{"rendered":"\n<pre class=\"wp-block-preformatted\">Este sistema ya est\u00e1 reservado. Cont\u00e1ctanos si buscas algo similar.  <br\/><br\/>Toshiba Vantage Elan 1.5T Resonancia magn\u00e9tica <br\/><br\/>Fabricado: 2012 <br\/><br\/>Ubicaci\u00f3n: Jap\u00f3n (NEX261) Bobina: Speeder de 4 canales <\/pre>\n\n<p><\/p>\n","protected":false},"excerpt":{"rendered":"<p>Este sistema ya est\u00e1 reservado. Cont\u00e1ctanos si buscas algo similar. Toshiba Vantage Elan 1.5T Resonancia magn\u00e9tica Fabricado: 2012 Ubicaci\u00f3n: Jap\u00f3n (NEX261) Bobina: Speeder de 4 canales<\/p>\n","protected":false},"featured_media":50301,"comment_status":"open","ping_status":"closed","template":"","meta":{"_acf_changed":false},"product_brand":[],"product_cat":[155],"product_tag":[508,519,486],"class_list":{"0":"post-50435","1":"product","2":"type-product","3":"status-publish","4":"has-post-thumbnail","6":"product_cat-mri-es","7":"product_tag-japon","8":"product_tag-toshiba-es","9":"product_tag-vendido","10":"pa_sku-nex261-es","12":"first","13":"outofstock","14":"shipping-taxable","15":"product-type-simple"},"acf":[],"jetpack_sharing_enabled":true,"_links":{"self":[{"href":"https:\/\/everx.com\/es\/wp-json\/wp\/v2\/product\/50435","targetHints":{"allow":["GET"]}}],"collection":[{"href":"https:\/\/everx.com\/es\/wp-json\/wp\/v2\/product"}],"about":[{"href":"https:\/\/everx.com\/es\/wp-json\/wp\/v2\/types\/product"}],"replies":[{"embeddable":true,"href":"https:\/\/everx.com\/es\/wp-json\/wp\/v2\/comments?post=50435"}],"wp:featuredmedia":[{"embeddable":true,"href":"https:\/\/everx.com\/es\/wp-json\/wp\/v2\/media\/50301"}],"wp:attachment":[{"href":"https:\/\/everx.com\/es\/wp-json\/wp\/v2\/media?parent=50435"}],"wp:term":[{"taxonomy":"product_brand","embeddable":true,"href":"https:\/\/everx.com\/es\/wp-json\/wp\/v2\/product_brand?post=50435"},{"taxonomy":"product_cat","embeddable":true,"href":"https:\/\/everx.com\/es\/wp-json\/wp\/v2\/product_cat?post=50435"},{"taxonomy":"product_tag","embeddable":true,"href":"https:\/\/everx.com\/es\/wp-json\/wp\/v2\/product_tag?post=50435"}],"curies":[{"name":"wp","href":"https:\/\/api.w.org\/{rel}","templated":true}]}}