{"id":50202,"date":"2025-07-31T01:10:06","date_gmt":"2025-07-30T15:10:06","guid":{"rendered":"https:\/\/everx.com\/product\/philips-ict-256-slice\/"},"modified":"2025-08-07T12:58:34","modified_gmt":"2025-08-07T12:58:34","slug":"philips-ict-256-slice","status":"publish","type":"product","link":"https:\/\/everx.com\/es\/product\/philips-ict-256-slice\/","title":{"rendered":"Philips iCT 256 Slice"},"content":{"rendered":"\n<pre class=\"wp-block-preformatted\">Fabricado: 2015. Ubicaci\u00f3n: Australia (EX4150).<br\/>Tipo de c\u00e1mara: CT XS.<br\/>C\u00e1mara reemplazada: 2018.<\/pre>\n\n<p><\/p>\n","protected":false},"excerpt":{"rendered":"<p>Fabricado: 2015. Ubicaci\u00f3n: Australia (EX4150).Tipo de c\u00e1mara: CT XS.C\u00e1mara reemplazada: 2018.<\/p>\n","protected":false},"featured_media":53808,"comment_status":"open","ping_status":"closed","template":"","meta":{"_acf_changed":false},"product_brand":[],"product_cat":[156],"product_tag":[237,521,486],"class_list":{"0":"post-50202","1":"product","2":"type-product","3":"status-publish","4":"has-post-thumbnail","6":"product_cat-ct-es","7":"product_tag-australia-es","8":"product_tag-philips-es","9":"product_tag-vendido","10":"pa_sku-ex4150-es","12":"first","13":"outofstock","14":"shipping-taxable","15":"product-type-simple"},"acf":[],"jetpack_sharing_enabled":true,"_links":{"self":[{"href":"https:\/\/everx.com\/es\/wp-json\/wp\/v2\/product\/50202","targetHints":{"allow":["GET"]}}],"collection":[{"href":"https:\/\/everx.com\/es\/wp-json\/wp\/v2\/product"}],"about":[{"href":"https:\/\/everx.com\/es\/wp-json\/wp\/v2\/types\/product"}],"replies":[{"embeddable":true,"href":"https:\/\/everx.com\/es\/wp-json\/wp\/v2\/comments?post=50202"}],"wp:featuredmedia":[{"embeddable":true,"href":"https:\/\/everx.com\/es\/wp-json\/wp\/v2\/media\/53808"}],"wp:attachment":[{"href":"https:\/\/everx.com\/es\/wp-json\/wp\/v2\/media?parent=50202"}],"wp:term":[{"taxonomy":"product_brand","embeddable":true,"href":"https:\/\/everx.com\/es\/wp-json\/wp\/v2\/product_brand?post=50202"},{"taxonomy":"product_cat","embeddable":true,"href":"https:\/\/everx.com\/es\/wp-json\/wp\/v2\/product_cat?post=50202"},{"taxonomy":"product_tag","embeddable":true,"href":"https:\/\/everx.com\/es\/wp-json\/wp\/v2\/product_tag?post=50202"}],"curies":[{"name":"wp","href":"https:\/\/api.w.org\/{rel}","templated":true}]}}