{"id":50200,"date":"2025-07-31T05:42:52","date_gmt":"2025-07-31T05:42:52","guid":{"rendered":"https:\/\/everx.com\/product\/ge-lightspeed-rt-de-16-rebanadas\/"},"modified":"2025-08-07T12:52:37","modified_gmt":"2025-08-07T12:52:37","slug":"ge-lightspeed-rt-de-16-rebanadas","status":"publish","type":"product","link":"https:\/\/everx.com\/es\/product\/ge-lightspeed-rt-de-16-rebanadas\/","title":{"rendered":"GE LightSpeed RT de 16 rebanadas"},"content":{"rendered":"\n<pre class=\"wp-block-preformatted\">Fabricado: Febrero de 2008<br\/><br\/>Ubicaci\u00f3n: Jap\u00f3n (NEXUP7)<br\/><br\/>Tipo de tubo: Hercules<br\/><br\/>Tubo reemplazado: Febrero de 2023 (Fabricado: Diciembre de 2022)<br\/><br\/>Corriente del tubo en mAs: 49,4 millones de mAs (aprox.)<br\/><br\/>Segundos de escaneo del tubo: 145.458,1<br\/><br\/>Opciones de software:<br\/>Inclinaci\u00f3n helicoidal, Smart Prep, AutomA, Serie de 3000 im\u00e1genes, Paciente de 16 cortes, VolumeViewer, Direct-3D, WideView, Direct-MPR, Exportaci\u00f3n de datos, CopyComposer, Smart Speed, Slice0_625, Hi-Power, AutoBone, Connect Pro<\/pre>\n","protected":false},"excerpt":{"rendered":"<p>Fabricado: Febrero de 2008Ubicaci\u00f3n: Jap\u00f3n (NEXUP7)Tipo de tubo: HerculesTubo reemplazado: Febrero de 2023 (Fabricado: Diciembre de 2022)Corriente del tubo en mAs: 49,4 millones de mAs (aprox.)Segundos de escaneo del tubo: 145.458,1Opciones de software:Inclinaci\u00f3n helicoidal, Smart Prep, AutomA, Serie de 3000 im\u00e1genes, Paciente de 16 cortes, VolumeViewer, Direct-3D, WideView, Direct-MPR, Exportaci\u00f3n de datos, CopyComposer, Smart Speed, [&hellip;]<\/p>\n","protected":false},"featured_media":54894,"comment_status":"open","ping_status":"closed","template":"","meta":{"_acf_changed":false},"product_brand":[],"product_cat":[156],"product_tag":[238,239,508],"class_list":{"0":"post-50200","1":"product","2":"type-product","3":"status-publish","4":"has-post-thumbnail","6":"product_cat-ct-es","7":"product_tag-available-es","8":"product_tag-ge-es","9":"product_tag-japon","10":"pa_sku-nexup7-es","12":"first","13":"instock","14":"shipping-taxable","15":"product-type-simple"},"acf":[],"jetpack_sharing_enabled":true,"_links":{"self":[{"href":"https:\/\/everx.com\/es\/wp-json\/wp\/v2\/product\/50200","targetHints":{"allow":["GET"]}}],"collection":[{"href":"https:\/\/everx.com\/es\/wp-json\/wp\/v2\/product"}],"about":[{"href":"https:\/\/everx.com\/es\/wp-json\/wp\/v2\/types\/product"}],"replies":[{"embeddable":true,"href":"https:\/\/everx.com\/es\/wp-json\/wp\/v2\/comments?post=50200"}],"wp:featuredmedia":[{"embeddable":true,"href":"https:\/\/everx.com\/es\/wp-json\/wp\/v2\/media\/54894"}],"wp:attachment":[{"href":"https:\/\/everx.com\/es\/wp-json\/wp\/v2\/media?parent=50200"}],"wp:term":[{"taxonomy":"product_brand","embeddable":true,"href":"https:\/\/everx.com\/es\/wp-json\/wp\/v2\/product_brand?post=50200"},{"taxonomy":"product_cat","embeddable":true,"href":"https:\/\/everx.com\/es\/wp-json\/wp\/v2\/product_cat?post=50200"},{"taxonomy":"product_tag","embeddable":true,"href":"https:\/\/everx.com\/es\/wp-json\/wp\/v2\/product_tag?post=50200"}],"curies":[{"name":"wp","href":"https:\/\/api.w.org\/{rel}","templated":true}]}}