{"id":50186,"date":"2025-08-06T01:43:41","date_gmt":"2025-08-05T15:43:41","guid":{"rendered":"https:\/\/everx.com\/product\/hitachi-echelon-rx-1-5t\/"},"modified":"2025-08-07T12:16:51","modified_gmt":"2025-08-07T12:16:51","slug":"hitachi-echelon-rx-1-5t","status":"publish","type":"product","link":"https:\/\/everx.com\/es\/product\/hitachi-echelon-rx-1-5t\/","title":{"rendered":"Hitachi Echelon RX 1.5T"},"content":{"rendered":"\n<pre class=\"wp-block-preformatted\">Resonador magn\u00e9tico Hitachi Echelon RX 1.5T usado<br\/><br\/>Fabricado en: 2015<br\/><br\/>Ubicaci\u00f3n: Jap\u00f3n (NEX292)<br\/><br\/>N\u00famero de canales: 16<br\/><br\/>Versi\u00f3n del software: ECHELON RX V4.0C<br\/><br\/>Cabezal fr\u00edo modificado: julio de 2024<br\/><br\/>Coils: RX Rapid Long Bone Coil (MP-LBC-153), RX Rapid NVA Coil (MR-NVA-153), RX Rapid Head Coil 16 (MR-RHC-153), Rapid Shoulder Coil (MR-RSC-153), RX Rapid MP Coil 140 (MR-MPC-153), RX Rapid Body Coil 8 (MR-RBC-153), RX Rapid Extremity Coil (MR-MKC-153)<\/pre>\n\n<p><\/p>\n","protected":false},"excerpt":{"rendered":"<p>Resonador magn\u00e9tico Hitachi Echelon RX 1.5T usadoFabricado en: 2015Ubicaci\u00f3n: Jap\u00f3n (NEX292)N\u00famero de canales: 16Versi\u00f3n del software: ECHELON RX V4.0CCabezal fr\u00edo modificado: julio de 2024Coils: RX Rapid Long Bone Coil (MP-LBC-153), RX Rapid NVA Coil (MR-NVA-153), RX Rapid Head Coil 16 (MR-RHC-153), Rapid Shoulder Coil (MR-RSC-153), RX Rapid MP Coil 140 (MR-MPC-153), RX Rapid Body Coil [&hellip;]<\/p>\n","protected":false},"featured_media":49681,"comment_status":"open","ping_status":"closed","template":"","meta":{"_acf_changed":false},"product_brand":[],"product_cat":[155],"product_tag":[508,486],"class_list":{"0":"post-50186","1":"product","2":"type-product","3":"status-publish","4":"has-post-thumbnail","6":"product_cat-mri-es","7":"product_tag-japon","8":"product_tag-vendido","9":"pa_sku-nex292-es","11":"first","12":"outofstock","13":"shipping-taxable","14":"product-type-simple"},"acf":[],"jetpack_sharing_enabled":true,"_links":{"self":[{"href":"https:\/\/everx.com\/es\/wp-json\/wp\/v2\/product\/50186","targetHints":{"allow":["GET"]}}],"collection":[{"href":"https:\/\/everx.com\/es\/wp-json\/wp\/v2\/product"}],"about":[{"href":"https:\/\/everx.com\/es\/wp-json\/wp\/v2\/types\/product"}],"replies":[{"embeddable":true,"href":"https:\/\/everx.com\/es\/wp-json\/wp\/v2\/comments?post=50186"}],"wp:featuredmedia":[{"embeddable":true,"href":"https:\/\/everx.com\/es\/wp-json\/wp\/v2\/media\/49681"}],"wp:attachment":[{"href":"https:\/\/everx.com\/es\/wp-json\/wp\/v2\/media?parent=50186"}],"wp:term":[{"taxonomy":"product_brand","embeddable":true,"href":"https:\/\/everx.com\/es\/wp-json\/wp\/v2\/product_brand?post=50186"},{"taxonomy":"product_cat","embeddable":true,"href":"https:\/\/everx.com\/es\/wp-json\/wp\/v2\/product_cat?post=50186"},{"taxonomy":"product_tag","embeddable":true,"href":"https:\/\/everx.com\/es\/wp-json\/wp\/v2\/product_tag?post=50186"}],"curies":[{"name":"wp","href":"https:\/\/api.w.org\/{rel}","templated":true}]}}