{"id":50182,"date":"2025-08-06T02:13:42","date_gmt":"2025-08-06T02:13:42","guid":{"rendered":"https:\/\/everx.com\/product\/toshiba-alexion-16-rodajas\/"},"modified":"2025-08-07T12:07:51","modified_gmt":"2025-08-07T12:07:51","slug":"toshiba-alexion-16-rodajas","status":"publish","type":"product","link":"https:\/\/everx.com\/es\/product\/toshiba-alexion-16-rodajas\/","title":{"rendered":"Toshiba Alexion 16 Rodajas"},"content":{"rendered":"\n<p class=\"has-contrast-color has-text-color has-link-color wp-elements-f3711edd83ffb4d95409fcfca0a628f9\">Tomograf\u00eda computarizada Toshiba Alexion de 16 cortes usada (TSX-034A)<\/p>\n\n<p>Fabricado: enero de 2015<\/p>\n\n<p>Ubicaci\u00f3n: Australia (EX4306)<\/p>\n\n<p>Versi\u00f3n de software: V6.0\/Base V11.6<\/p>\n\n<p>Tipo de tubo: CXB-400C<\/p>\n\n<p>Tubo instalado: 01\/08\/2015 (fabricado: diciembre de 2014)<\/p>\n\n<p>N\u00famero actual de exposiciones al tubo: 736.209<\/p>\n\n<p>Opciones instaladas: ALATO_3DVIEWER, ALATO_DENTAL, ALATO_MULTISLICECT, ALATO_STANDARD, DCM_CDR, DCM_RAW, DIM_EXP, D_PRT_BW, D_PRT_COLOR, MULTIVIEW, MWM_SCU, PRINT_SCU, REALEC, REAL_PREP, REAL_VIEW, STRG_SCU, TIFF, TSB_DVD, WINPRT<\/p>\n\n<p class=\"has-danger-color has-text-color has-link-color wp-elements-b838d9095cf85d9da1046925ab000ef3\"><\/p>\n","protected":false},"excerpt":{"rendered":"<p>Tomograf\u00eda computarizada Toshiba Alexion de 16 cortes usada (TSX-034A) Fabricado: enero de 2015 Ubicaci\u00f3n: Australia (EX4306) Versi\u00f3n de software: V6.0\/Base V11.6 Tipo de tubo: CXB-400C Tubo instalado: 01\/08\/2015 (fabricado: diciembre de 2014) N\u00famero actual de exposiciones al tubo: 736.209 Opciones instaladas: ALATO_3DVIEWER, ALATO_DENTAL, ALATO_MULTISLICECT, ALATO_STANDARD, DCM_CDR, DCM_RAW, DIM_EXP, D_PRT_BW, D_PRT_COLOR, MULTIVIEW, MWM_SCU, PRINT_SCU, REALEC, REAL_PREP, [&hellip;]<\/p>\n","protected":false},"featured_media":49657,"comment_status":"open","ping_status":"closed","template":"","meta":{"_acf_changed":false},"product_brand":[],"product_cat":[156],"product_tag":[237,519,486],"class_list":{"0":"post-50182","1":"product","2":"type-product","3":"status-publish","4":"has-post-thumbnail","6":"product_cat-ct-es","7":"product_tag-australia-es","8":"product_tag-toshiba-es","9":"product_tag-vendido","10":"pa_sku-ex4063-es","12":"first","13":"outofstock","14":"shipping-taxable","15":"product-type-simple"},"acf":[],"jetpack_sharing_enabled":true,"_links":{"self":[{"href":"https:\/\/everx.com\/es\/wp-json\/wp\/v2\/product\/50182","targetHints":{"allow":["GET"]}}],"collection":[{"href":"https:\/\/everx.com\/es\/wp-json\/wp\/v2\/product"}],"about":[{"href":"https:\/\/everx.com\/es\/wp-json\/wp\/v2\/types\/product"}],"replies":[{"embeddable":true,"href":"https:\/\/everx.com\/es\/wp-json\/wp\/v2\/comments?post=50182"}],"wp:featuredmedia":[{"embeddable":true,"href":"https:\/\/everx.com\/es\/wp-json\/wp\/v2\/media\/49657"}],"wp:attachment":[{"href":"https:\/\/everx.com\/es\/wp-json\/wp\/v2\/media?parent=50182"}],"wp:term":[{"taxonomy":"product_brand","embeddable":true,"href":"https:\/\/everx.com\/es\/wp-json\/wp\/v2\/product_brand?post=50182"},{"taxonomy":"product_cat","embeddable":true,"href":"https:\/\/everx.com\/es\/wp-json\/wp\/v2\/product_cat?post=50182"},{"taxonomy":"product_tag","embeddable":true,"href":"https:\/\/everx.com\/es\/wp-json\/wp\/v2\/product_tag?post=50182"}],"curies":[{"name":"wp","href":"https:\/\/api.w.org\/{rel}","templated":true}]}}