{"id":50167,"date":"2025-08-06T06:26:07","date_gmt":"2025-08-05T20:26:07","guid":{"rendered":"https:\/\/everx.com\/product\/g-evo-en-la-carretera-uno\/"},"modified":"2025-08-07T10:31:40","modified_gmt":"2025-08-07T10:31:40","slug":"g-evo-en-la-carretera-uno","status":"publish","type":"product","link":"https:\/\/everx.com\/es\/product\/g-evo-en-la-carretera-uno\/","title":{"rendered":"G EVO en la carretera uno"},"content":{"rendered":"\n<p>Ultrasonido GE Voluson e BT14 usado &#8211; Excelente estado<\/p>\n\n<p>Fabricaci\u00f3n: septiembre de 2014<br\/><br\/>Ubicaci\u00f3n: Australia (EX4197)<\/p>\n\n<p>Versi\u00f3n del software: CC200<\/p>\n\n<p>Opciones instaladas: DICOM 3, 4D B\u00e1sico, 3D 4D Avanzado, Sonda RIC, SonoNT, Activaci\u00f3n Bluetooth<br\/><br\/>Opciones de sondas: RAB2-6-RS, RIC5-9W-RS<\/p>\n\n<p><\/p>\n","protected":false},"excerpt":{"rendered":"<p>Ultrasonido GE Voluson e BT14 usado &#8211; Excelente estado Fabricaci\u00f3n: septiembre de 2014 Ubicaci\u00f3n: Australia (EX4197) Versi\u00f3n del software: CC200 Opciones instaladas: DICOM 3, 4D B\u00e1sico, 3D 4D Avanzado, Sonda RIC, SonoNT, Activaci\u00f3n Bluetooth Opciones de sondas: RAB2-6-RS, RIC5-9W-RS<\/p>\n","protected":false},"featured_media":49846,"comment_status":"open","ping_status":"closed","template":"","meta":{"_acf_changed":false},"product_brand":[],"product_cat":[158],"product_tag":[237,238],"class_list":{"0":"post-50167","1":"product","2":"type-product","3":"status-publish","4":"has-post-thumbnail","6":"product_cat-ecografia","7":"product_tag-australia-es","8":"product_tag-available-es","9":"pa_sku-ex4197-es","11":"first","12":"instock","13":"shipping-taxable","14":"product-type-simple"},"acf":[],"jetpack_sharing_enabled":true,"_links":{"self":[{"href":"https:\/\/everx.com\/es\/wp-json\/wp\/v2\/product\/50167","targetHints":{"allow":["GET"]}}],"collection":[{"href":"https:\/\/everx.com\/es\/wp-json\/wp\/v2\/product"}],"about":[{"href":"https:\/\/everx.com\/es\/wp-json\/wp\/v2\/types\/product"}],"replies":[{"embeddable":true,"href":"https:\/\/everx.com\/es\/wp-json\/wp\/v2\/comments?post=50167"}],"wp:featuredmedia":[{"embeddable":true,"href":"https:\/\/everx.com\/es\/wp-json\/wp\/v2\/media\/49846"}],"wp:attachment":[{"href":"https:\/\/everx.com\/es\/wp-json\/wp\/v2\/media?parent=50167"}],"wp:term":[{"taxonomy":"product_brand","embeddable":true,"href":"https:\/\/everx.com\/es\/wp-json\/wp\/v2\/product_brand?post=50167"},{"taxonomy":"product_cat","embeddable":true,"href":"https:\/\/everx.com\/es\/wp-json\/wp\/v2\/product_cat?post=50167"},{"taxonomy":"product_tag","embeddable":true,"href":"https:\/\/everx.com\/es\/wp-json\/wp\/v2\/product_tag?post=50167"}],"curies":[{"name":"wp","href":"https:\/\/api.w.org\/{rel}","templated":true}]}}