{"id":46057,"date":"2024-11-02T12:58:08","date_gmt":"2024-11-02T12:58:08","guid":{"rendered":"https:\/\/everx.com\/product\/siemens-sensation-64-ex2155\/"},"modified":"2024-11-02T12:58:08","modified_gmt":"2024-11-02T12:58:08","slug":"siemens-sensation-64-ex2155","status":"publish","type":"product","link":"https:\/\/everx.com\/es\/product\/siemens-sensation-64-ex2155\/","title":{"rendered":"Siemens Sensation 64 -EX2155"},"content":{"rendered":"<p><span style=\"color: #cb2026;\">Este sistema ya se ha vendido. Av\u00edsanos si buscas un producto similar. <\/span><\/p>\n<p>Tom\u00f3grafo Siemens Sensation 64 <strong><span style=\"color: #cb2026;\">con Care Dose &amp; Cardiac<\/span><\/strong> Fabricado: Diciembre de 2007 Ubicaci\u00f3n actual : AUSTRALIA (EX2155) Tipo de tubo: Straton Z \u00daltimo cambio de tubo: 21 de diciembre de 2017 Segundos de exploraci\u00f3n del tubo: 142.569 Opciones instaladas: GET_WORKLIST, CAP3D_FILTER_SSD, CAP3D_FILTER_MIP,CAP3D_MAIN, CAP3D_VOIMODE, BOLUS TRACK, CARE_DOSE, SYNGO_GENERAL_LICENSE, CAP3D_FILTER_VRT, CAP3D_EDITOR, HIGH_SPEED, PERFUSI\u00d3N, TUBO_DE_POTENCIA, ESFUERZO_C\u00c1RDICO_037, SOPORTE_MPPS, FLUJO_DE_TRABAJO_VOLUMEN, SENSACI\u00d3N_64, CAP3D_ELIMINACI\u00d3N_\u00d3SEA, VISUALIZADOR_SR DICOM, PASO_ITERATIVO_RECOM_1,SOPORTE_RM_i,<\/p>\n","protected":false},"excerpt":{"rendered":"<p>Este sistema ya se ha vendido. Av\u00edsanos si buscas un producto similar. Tom\u00f3grafo Siemens Sensation 64 con Care Dose &amp; Cardiac Fabricado: Diciembre de 2007 Ubicaci\u00f3n actual : AUSTRALIA (EX2155) Tipo de tubo: Straton Z \u00daltimo cambio de tubo: 21 de diciembre de 2017 Segundos de exploraci\u00f3n del tubo: 142.569 Opciones instaladas: GET_WORKLIST, CAP3D_FILTER_SSD, CAP3D_FILTER_MIP,CAP3D_MAIN, [&hellip;]<\/p>\n","protected":false},"featured_media":29539,"comment_status":"open","ping_status":"closed","template":"","meta":{"_acf_changed":false},"product_brand":[],"product_cat":[156],"product_tag":[237,523,486],"class_list":{"0":"post-46057","1":"product","2":"type-product","3":"status-publish","4":"has-post-thumbnail","6":"product_cat-ct-es","7":"product_tag-australia-es","8":"product_tag-siemens-es","9":"product_tag-vendido","11":"first","12":"outofstock","13":"shipping-taxable","14":"purchasable","15":"product-type-simple"},"acf":[],"jetpack_sharing_enabled":true,"_links":{"self":[{"href":"https:\/\/everx.com\/es\/wp-json\/wp\/v2\/product\/46057","targetHints":{"allow":["GET"]}}],"collection":[{"href":"https:\/\/everx.com\/es\/wp-json\/wp\/v2\/product"}],"about":[{"href":"https:\/\/everx.com\/es\/wp-json\/wp\/v2\/types\/product"}],"replies":[{"embeddable":true,"href":"https:\/\/everx.com\/es\/wp-json\/wp\/v2\/comments?post=46057"}],"wp:featuredmedia":[{"embeddable":true,"href":"https:\/\/everx.com\/es\/wp-json\/wp\/v2\/media\/29539"}],"wp:attachment":[{"href":"https:\/\/everx.com\/es\/wp-json\/wp\/v2\/media?parent=46057"}],"wp:term":[{"taxonomy":"product_brand","embeddable":true,"href":"https:\/\/everx.com\/es\/wp-json\/wp\/v2\/product_brand?post=46057"},{"taxonomy":"product_cat","embeddable":true,"href":"https:\/\/everx.com\/es\/wp-json\/wp\/v2\/product_cat?post=46057"},{"taxonomy":"product_tag","embeddable":true,"href":"https:\/\/everx.com\/es\/wp-json\/wp\/v2\/product_tag?post=46057"}],"curies":[{"name":"wp","href":"https:\/\/api.w.org\/{rel}","templated":true}]}}