{"id":46001,"date":"2024-11-02T12:58:11","date_gmt":"2024-11-02T12:58:11","guid":{"rendered":"https:\/\/everx.com\/product\/ge-vct-64-rodajas-exu12404571\/"},"modified":"2024-11-02T12:58:11","modified_gmt":"2024-11-02T12:58:11","slug":"ge-vct-64-rodajas-exu12404571","status":"publish","type":"product","link":"https:\/\/everx.com\/es\/product\/ge-vct-64-rodajas-exu12404571\/","title":{"rendered":"GE VCT 64 Rodajas &#8211; EXU12404571"},"content":{"rendered":"<p><strong><span style=\"color: #cb2026;\">Este sistema ya se ha vendido. Av\u00edsanos si buscas un producto similar. <\/span><\/strong><\/p>\n<p>Esc\u00e1ner de TC GE VCT de 64 cortes Fabricado: 2006 Ubicaci\u00f3n actual : EE.UU. (EXU12404571) Tipo de tubo: Tubo H\u00e9rcules Fecha de instalaci\u00f3n: Enero de 2018 Tubo mAs: 43 millones de mAs, Opciones: VCT-85KW-Power, CopyComposer, DataExport, Direct-MPR, Connect Pro, Exam Split, 3000 Image series, AutomA, Smart Prep, Paciente-64-cortes, NeuroFilter, Eje Z din\u00e1mico, Tracking, AutoFilter-and-Transfer, HelicalShuttle, ASIR, CardIQSnapShot-Cine, VolumeViewer, VCT-Hi-Power, SmartPrep, SmartScore-Pro, CardIQ SnapShot, EKG Viewer<\/p>\n","protected":false},"excerpt":{"rendered":"<p>Este sistema ya se ha vendido. Av\u00edsanos si buscas un producto similar. Esc\u00e1ner de TC GE VCT de 64 cortes Fabricado: 2006 Ubicaci\u00f3n actual : EE.UU. (EXU12404571) Tipo de tubo: Tubo H\u00e9rcules Fecha de instalaci\u00f3n: Enero de 2018 Tubo mAs: 43 millones de mAs, Opciones: VCT-85KW-Power, CopyComposer, DataExport, Direct-MPR, Connect Pro, Exam Split, 3000 Image [&hellip;]<\/p>\n","protected":false},"featured_media":29114,"comment_status":"open","ping_status":"closed","template":"","meta":{"_acf_changed":false},"product_brand":[],"product_cat":[156],"product_tag":[496,239,486],"class_list":{"0":"post-46001","1":"product","2":"type-product","3":"status-publish","4":"has-post-thumbnail","6":"product_cat-ct-es","7":"product_tag-ee-uu","8":"product_tag-ge-es","9":"product_tag-vendido","11":"first","12":"outofstock","13":"shipping-taxable","14":"purchasable","15":"product-type-simple"},"acf":[],"jetpack_sharing_enabled":true,"_links":{"self":[{"href":"https:\/\/everx.com\/es\/wp-json\/wp\/v2\/product\/46001","targetHints":{"allow":["GET"]}}],"collection":[{"href":"https:\/\/everx.com\/es\/wp-json\/wp\/v2\/product"}],"about":[{"href":"https:\/\/everx.com\/es\/wp-json\/wp\/v2\/types\/product"}],"replies":[{"embeddable":true,"href":"https:\/\/everx.com\/es\/wp-json\/wp\/v2\/comments?post=46001"}],"wp:featuredmedia":[{"embeddable":true,"href":"https:\/\/everx.com\/es\/wp-json\/wp\/v2\/media\/29114"}],"wp:attachment":[{"href":"https:\/\/everx.com\/es\/wp-json\/wp\/v2\/media?parent=46001"}],"wp:term":[{"taxonomy":"product_brand","embeddable":true,"href":"https:\/\/everx.com\/es\/wp-json\/wp\/v2\/product_brand?post=46001"},{"taxonomy":"product_cat","embeddable":true,"href":"https:\/\/everx.com\/es\/wp-json\/wp\/v2\/product_cat?post=46001"},{"taxonomy":"product_tag","embeddable":true,"href":"https:\/\/everx.com\/es\/wp-json\/wp\/v2\/product_tag?post=46001"}],"curies":[{"name":"wp","href":"https:\/\/api.w.org\/{rel}","templated":true}]}}