{"id":45998,"date":"2024-11-02T12:58:09","date_gmt":"2024-11-02T12:58:09","guid":{"rendered":"https:\/\/everx.com\/product\/toshiba-asteion-s4-nex7\/"},"modified":"2024-11-02T12:58:09","modified_gmt":"2024-11-02T12:58:09","slug":"toshiba-asteion-s4-nex7","status":"publish","type":"product","link":"https:\/\/everx.com\/es\/product\/toshiba-asteion-s4-nex7\/","title":{"rendered":"Toshiba Asteion S4 &#8211; NEX7"},"content":{"rendered":"<p><strong><span style=\"color: #cb2026;\">Este sistema ya se ha vendido. Av\u00edsanos si buscas un producto similar. <\/span><\/strong><\/p>\n<p>Toshiba Asteion S4 de segunda mano con tubo Excelente Fabricado: Enero de 2007 Ubicaci\u00f3n: Jap\u00f3n (NEX7) Tipo de tubo: CXB 400C \u00daltimo tubo cambiado: Marzo de 2018 Recuento actual de exp: 12.849 Opciones instaladas: ALATO_3DVIEWER, ALATO_MULTISLICECT, ALATO_STANDARD, DIM_EXP, D_PRT_BW, D_PRT_COLOR, MULTIVIEW, MWM_SCU, PRINT_SCU, REALEC, REAL_PREP, REAL_VIEW,STRG_SCU, TIFF,<\/p>\n","protected":false},"excerpt":{"rendered":"<p>Este sistema ya se ha vendido. Av\u00edsanos si buscas un producto similar. Toshiba Asteion S4 de segunda mano con tubo Excelente Fabricado: Enero de 2007 Ubicaci\u00f3n: Jap\u00f3n (NEX7) Tipo de tubo: CXB 400C \u00daltimo tubo cambiado: Marzo de 2018 Recuento actual de exp: 12.849 Opciones instaladas: ALATO_3DVIEWER, ALATO_MULTISLICECT, ALATO_STANDARD, DIM_EXP, D_PRT_BW, D_PRT_COLOR, MULTIVIEW, MWM_SCU, PRINT_SCU, [&hellip;]<\/p>\n","protected":false},"featured_media":29426,"comment_status":"open","ping_status":"closed","template":"","meta":{"_acf_changed":false},"product_brand":[],"product_cat":[156],"product_tag":[508,519,486],"class_list":{"0":"post-45998","1":"product","2":"type-product","3":"status-publish","4":"has-post-thumbnail","6":"product_cat-ct-es","7":"product_tag-japon","8":"product_tag-toshiba-es","9":"product_tag-vendido","11":"first","12":"outofstock","13":"shipping-taxable","14":"purchasable","15":"product-type-simple"},"acf":[],"jetpack_sharing_enabled":true,"_links":{"self":[{"href":"https:\/\/everx.com\/es\/wp-json\/wp\/v2\/product\/45998","targetHints":{"allow":["GET"]}}],"collection":[{"href":"https:\/\/everx.com\/es\/wp-json\/wp\/v2\/product"}],"about":[{"href":"https:\/\/everx.com\/es\/wp-json\/wp\/v2\/types\/product"}],"replies":[{"embeddable":true,"href":"https:\/\/everx.com\/es\/wp-json\/wp\/v2\/comments?post=45998"}],"wp:featuredmedia":[{"embeddable":true,"href":"https:\/\/everx.com\/es\/wp-json\/wp\/v2\/media\/29426"}],"wp:attachment":[{"href":"https:\/\/everx.com\/es\/wp-json\/wp\/v2\/media?parent=45998"}],"wp:term":[{"taxonomy":"product_brand","embeddable":true,"href":"https:\/\/everx.com\/es\/wp-json\/wp\/v2\/product_brand?post=45998"},{"taxonomy":"product_cat","embeddable":true,"href":"https:\/\/everx.com\/es\/wp-json\/wp\/v2\/product_cat?post=45998"},{"taxonomy":"product_tag","embeddable":true,"href":"https:\/\/everx.com\/es\/wp-json\/wp\/v2\/product_tag?post=45998"}],"curies":[{"name":"wp","href":"https:\/\/api.w.org\/{rel}","templated":true}]}}