{"id":45976,"date":"2024-11-02T12:58:10","date_gmt":"2024-11-02T12:58:10","guid":{"rendered":"https:\/\/everx.com\/product\/sinfonia-15t-nex4\/"},"modified":"2024-11-02T12:58:10","modified_gmt":"2024-11-02T12:58:10","slug":"sinfonia-15t-nex4","status":"publish","type":"product","link":"https:\/\/everx.com\/es\/product\/sinfonia-15t-nex4\/","title":{"rendered":"Sinfon\u00eda 1,5T &#8211; NEX4"},"content":{"rendered":"<p>Im\u00e1n Siemens Symphony 1.5T MRI Fabricado: Diciembre de 2003 Ubicaci\u00f3n actual : Jap\u00f3n (NEX4) Bobinas: 6CH Cuerpo_A. 6Ch Body_P, Body Array, Flex Large, Spin Array, Body Array, Flex Small, 8Ch Head, Breast Array, Breast, Neck Opciones: N11Adv3D, N11AdvTurbo, N11AdvAngio, N11CareBolus, N11PanoramTable, N11EpiPerfDiff, CAP3D_FILTER_MIP, CAP3D_FILTER_SSD, CAP3D_VOIMODE, CAP3D_MAIN, GET_WORKLIST, MRI_ARGUS_MAIN, N_RoW, N11FlowQuant, N_COrePlus, N_CORE, SpirintGradient, N_MaestroClass, N_PAT_Basic, N_2D_PACE, N_PAT_Advanced, MPPS_Support, N_Protseqinline, SYNGO_GENERAL_LICENSE, N_SWI, N_BLADE, MR_Support_i<\/p>\n","protected":false},"excerpt":{"rendered":"<p>Im\u00e1n Siemens Symphony 1.5T MRI Fabricado: Diciembre de 2003 Ubicaci\u00f3n actual : Jap\u00f3n (NEX4) Bobinas: 6CH Cuerpo_A. 6Ch Body_P, Body Array, Flex Large, Spin Array, Body Array, Flex Small, 8Ch Head, Breast Array, Breast, Neck Opciones: N11Adv3D, N11AdvTurbo, N11AdvAngio, N11CareBolus, N11PanoramTable, N11EpiPerfDiff, CAP3D_FILTER_MIP, CAP3D_FILTER_SSD, CAP3D_VOIMODE, CAP3D_MAIN, GET_WORKLIST, MRI_ARGUS_MAIN, N_RoW, N11FlowQuant, N_COrePlus, N_CORE, SpirintGradient, N_MaestroClass, N_PAT_Basic, [&hellip;]<\/p>\n","protected":false},"featured_media":29227,"comment_status":"open","ping_status":"closed","template":"","meta":{"_acf_changed":false},"product_brand":[],"product_cat":[155],"product_tag":[508,523,486],"class_list":{"0":"post-45976","1":"product","2":"type-product","3":"status-publish","4":"has-post-thumbnail","6":"product_cat-mri-es","7":"product_tag-japon","8":"product_tag-siemens-es","9":"product_tag-vendido","11":"first","12":"outofstock","13":"shipping-taxable","14":"purchasable","15":"product-type-simple"},"acf":[],"jetpack_sharing_enabled":true,"_links":{"self":[{"href":"https:\/\/everx.com\/es\/wp-json\/wp\/v2\/product\/45976","targetHints":{"allow":["GET"]}}],"collection":[{"href":"https:\/\/everx.com\/es\/wp-json\/wp\/v2\/product"}],"about":[{"href":"https:\/\/everx.com\/es\/wp-json\/wp\/v2\/types\/product"}],"replies":[{"embeddable":true,"href":"https:\/\/everx.com\/es\/wp-json\/wp\/v2\/comments?post=45976"}],"wp:featuredmedia":[{"embeddable":true,"href":"https:\/\/everx.com\/es\/wp-json\/wp\/v2\/media\/29227"}],"wp:attachment":[{"href":"https:\/\/everx.com\/es\/wp-json\/wp\/v2\/media?parent=45976"}],"wp:term":[{"taxonomy":"product_brand","embeddable":true,"href":"https:\/\/everx.com\/es\/wp-json\/wp\/v2\/product_brand?post=45976"},{"taxonomy":"product_cat","embeddable":true,"href":"https:\/\/everx.com\/es\/wp-json\/wp\/v2\/product_cat?post=45976"},{"taxonomy":"product_tag","embeddable":true,"href":"https:\/\/everx.com\/es\/wp-json\/wp\/v2\/product_tag?post=45976"}],"curies":[{"name":"wp","href":"https:\/\/api.w.org\/{rel}","templated":true}]}}