{"id":45791,"date":"2024-11-02T12:58:14","date_gmt":"2024-11-02T12:58:14","guid":{"rendered":"https:\/\/everx.com\/product\/philips-sectra-l30-microdose-digital-ex1875\/"},"modified":"2024-11-02T12:58:14","modified_gmt":"2024-11-02T12:58:14","slug":"philips-sectra-l30-microdose-digital-ex1875","status":"publish","type":"product","link":"https:\/\/everx.com\/es\/product\/philips-sectra-l30-microdose-digital-ex1875\/","title":{"rendered":"Philips Sectra L30 MicroDose Digital &#8211; EX1875"},"content":{"rendered":"<p><strong><span style=\"color: #cb2026;\">Este sistema ya se ha vendido. Av\u00edsanos si buscas un producto similar. <\/span><\/strong><\/p>\n<p>Mam\u00f3grafo digital Philips Sectra L30 MicroDose usado Fabricado: Diciembre 2011 Ubicaci\u00f3n actual : Australia (EX1875 ) Tubo Fabricado: Diciembre 2018 Excelente estado<\/p>\n","protected":false},"excerpt":{"rendered":"<p>Este sistema ya se ha vendido. Av\u00edsanos si buscas un producto similar. Mam\u00f3grafo digital Philips Sectra L30 MicroDose usado Fabricado: Diciembre 2011 Ubicaci\u00f3n actual : Australia (EX1875 ) Tubo Fabricado: Diciembre 2018 Excelente estado<\/p>\n","protected":false},"featured_media":28989,"comment_status":"open","ping_status":"closed","template":"","meta":{"_acf_changed":false},"product_brand":[],"product_cat":[176],"product_tag":[237,521,486],"class_list":{"0":"post-45791","1":"product","2":"type-product","3":"status-publish","4":"has-post-thumbnail","6":"product_cat-mammography-es","7":"product_tag-australia-es","8":"product_tag-philips-es","9":"product_tag-vendido","11":"first","12":"outofstock","13":"shipping-taxable","14":"purchasable","15":"product-type-simple"},"acf":[],"jetpack_sharing_enabled":true,"_links":{"self":[{"href":"https:\/\/everx.com\/es\/wp-json\/wp\/v2\/product\/45791","targetHints":{"allow":["GET"]}}],"collection":[{"href":"https:\/\/everx.com\/es\/wp-json\/wp\/v2\/product"}],"about":[{"href":"https:\/\/everx.com\/es\/wp-json\/wp\/v2\/types\/product"}],"replies":[{"embeddable":true,"href":"https:\/\/everx.com\/es\/wp-json\/wp\/v2\/comments?post=45791"}],"wp:featuredmedia":[{"embeddable":true,"href":"https:\/\/everx.com\/es\/wp-json\/wp\/v2\/media\/28989"}],"wp:attachment":[{"href":"https:\/\/everx.com\/es\/wp-json\/wp\/v2\/media?parent=45791"}],"wp:term":[{"taxonomy":"product_brand","embeddable":true,"href":"https:\/\/everx.com\/es\/wp-json\/wp\/v2\/product_brand?post=45791"},{"taxonomy":"product_cat","embeddable":true,"href":"https:\/\/everx.com\/es\/wp-json\/wp\/v2\/product_cat?post=45791"},{"taxonomy":"product_tag","embeddable":true,"href":"https:\/\/everx.com\/es\/wp-json\/wp\/v2\/product_tag?post=45791"}],"curies":[{"name":"wp","href":"https:\/\/api.w.org\/{rel}","templated":true}]}}