{"id":38448,"date":"2024-12-19T00:59:21","date_gmt":"2024-12-19T00:59:21","guid":{"rendered":"https:\/\/everx.com\/product\/aquilion-lightning-160-slice\/"},"modified":"2025-08-08T10:07:44","modified_gmt":"2025-08-08T10:07:44","slug":"aquilion-lightning-160-slice","status":"publish","type":"product","link":"https:\/\/everx.com\/es\/product\/aquilion-lightning-160-slice\/","title":{"rendered":"Compre un esc\u00e1ner CT Toshiba Aquilion Lightning usado"},"content":{"rendered":"\n<p>Tomograf\u00eda computarizada Toshiba Aquilion Lightning de 160 cortes usada<\/p>\n\n<p>N.\u00ba de serie 4CC1872105<\/p>\n\n<p>Fabricado: julio de 2018<\/p>\n\n<p>Ubicaci\u00f3n: Australia (EX3901)<\/p>\n\n<p>N\u00famero de exposiciones actuales: 82.929<\/p>\n\n<p>\u00daltimo cambio de tubo: 27\/12\/2018<\/p>\n\n<p>Software: Versi\u00f3n: V8.4\/ Base: V13.6<\/p>\n\n<p>Opciones instaladas:<\/p>\n\n<p>ALATO_3DVIEWER, ALATO_MULTISLICECT, ALATO_STANDARD, ANGIO_SUB, CARDIACO, CA_SCORE, REVISI\u00d3N_DIARIA, DCM_CDR, DE_GOUT, DE_MEDICI\u00d3N_HERRAMIENTA, DE_ESCANEAR, DOBLE CORTE, D_PRT_BW, D_PRT_COLOR, EHCT_SCP, EHCT_SCU, FAST_RECON, FLUROSCOPIO, MULTIVIEW, MWM_SCU, OVER64HEL, PRINT_SCU, QR_SCP, QR_SCU, REALEC, REAL_PREP, REAL_VIEW, SCAN80ROW, SP_H50, ST_H50, STRG_SCU, SUB_PROTOCOLO, TIFF, TOS_SERVICE, TSB_DVD, WINPRT.<\/p>\n\n<p><\/p>\n","protected":false},"excerpt":{"rendered":"<p>Tomograf\u00eda computarizada Toshiba Aquilion Lightning de 160 cortes usada N.\u00ba de serie 4CC1872105 Fabricado: julio de 2018 Ubicaci\u00f3n: Australia (EX3901) N\u00famero de exposiciones actuales: 82.929 \u00daltimo cambio de tubo: 27\/12\/2018 Software: Versi\u00f3n: V8.4\/ Base: V13.6 Opciones instaladas: ALATO_3DVIEWER, ALATO_MULTISLICECT, ALATO_STANDARD, ANGIO_SUB, CARDIACO, CA_SCORE, REVISI\u00d3N_DIARIA, DCM_CDR, DE_GOUT, DE_MEDICI\u00d3N_HERRAMIENTA, DE_ESCANEAR, DOBLE CORTE, D_PRT_BW, D_PRT_COLOR, EHCT_SCP, EHCT_SCU, FAST_RECON, [&hellip;]<\/p>\n","protected":false},"featured_media":38446,"comment_status":"open","ping_status":"closed","template":"","meta":{"_acf_changed":false},"product_brand":[],"product_cat":[156],"product_tag":[237,519,486],"class_list":{"0":"post-38448","1":"product","2":"type-product","3":"status-publish","4":"has-post-thumbnail","6":"product_cat-ct-es","7":"product_tag-australia-es","8":"product_tag-toshiba-es","9":"product_tag-vendido","11":"first","12":"outofstock","13":"shipping-taxable","14":"purchasable","15":"product-type-simple"},"acf":[],"jetpack_sharing_enabled":true,"_links":{"self":[{"href":"https:\/\/everx.com\/es\/wp-json\/wp\/v2\/product\/38448","targetHints":{"allow":["GET"]}}],"collection":[{"href":"https:\/\/everx.com\/es\/wp-json\/wp\/v2\/product"}],"about":[{"href":"https:\/\/everx.com\/es\/wp-json\/wp\/v2\/types\/product"}],"replies":[{"embeddable":true,"href":"https:\/\/everx.com\/es\/wp-json\/wp\/v2\/comments?post=38448"}],"wp:featuredmedia":[{"embeddable":true,"href":"https:\/\/everx.com\/es\/wp-json\/wp\/v2\/media\/38446"}],"wp:attachment":[{"href":"https:\/\/everx.com\/es\/wp-json\/wp\/v2\/media?parent=38448"}],"wp:term":[{"taxonomy":"product_brand","embeddable":true,"href":"https:\/\/everx.com\/es\/wp-json\/wp\/v2\/product_brand?post=38448"},{"taxonomy":"product_cat","embeddable":true,"href":"https:\/\/everx.com\/es\/wp-json\/wp\/v2\/product_cat?post=38448"},{"taxonomy":"product_tag","embeddable":true,"href":"https:\/\/everx.com\/es\/wp-json\/wp\/v2\/product_tag?post=38448"}],"curies":[{"name":"wp","href":"https:\/\/api.w.org\/{rel}","templated":true}]}}