{"id":38237,"date":"2024-11-02T12:58:51","date_gmt":"2024-11-02T12:58:51","guid":{"rendered":"https:\/\/everx.com\/product\/ge-infinia-hawkeye-i-gamma-camera-sku4520\/"},"modified":"2025-08-11T13:12:49","modified_gmt":"2025-08-11T13:12:49","slug":"ge-infinia-hawkeye-i-gamma-camera-sku4520","status":"publish","type":"product","link":"https:\/\/everx.com\/es\/product\/ge-infinia-hawkeye-i-gamma-camera-sku4520\/","title":{"rendered":"C\u00e1mara gamma GE Infinia Hawkeye I SKU4520"},"content":{"rendered":"<p><span style=\"color: #cb2026;\"><strong>Este sistema ya est\u00e1 vendido. Si busca un producto similar, cont\u00e1ctenos. <\/strong><\/span><\/p>\n<p>C\u00e1mara gamma GE Infinia Hawkeye I<\/p>\n<p>Fabricado: 2005<\/p>\n<p>Colimadores: LEHR, MEGP<\/p>\n<p>Everx Ref. N.\u00b0: EX618<\/p>\n","protected":false},"excerpt":{"rendered":"<p>Este sistema ya est\u00e1 vendido. Si busca un producto similar, cont\u00e1ctenos. C\u00e1mara gamma GE Infinia Hawkeye I Fabricado: 2005 Colimadores: LEHR, MEGP Everx Ref. N.\u00b0: EX618<\/p>\n","protected":false},"featured_media":31852,"comment_status":"open","ping_status":"closed","template":"","meta":{"_acf_changed":false},"product_brand":[],"product_cat":[174],"product_tag":[239,486],"class_list":{"0":"post-38237","1":"product","2":"type-product","3":"status-publish","4":"has-post-thumbnail","6":"product_cat-molecular-imaging-es","7":"product_tag-ge-es","8":"product_tag-vendido","10":"first","11":"outofstock","12":"shipping-taxable","13":"purchasable","14":"product-type-simple"},"acf":[],"jetpack_sharing_enabled":true,"_links":{"self":[{"href":"https:\/\/everx.com\/es\/wp-json\/wp\/v2\/product\/38237","targetHints":{"allow":["GET"]}}],"collection":[{"href":"https:\/\/everx.com\/es\/wp-json\/wp\/v2\/product"}],"about":[{"href":"https:\/\/everx.com\/es\/wp-json\/wp\/v2\/types\/product"}],"replies":[{"embeddable":true,"href":"https:\/\/everx.com\/es\/wp-json\/wp\/v2\/comments?post=38237"}],"wp:featuredmedia":[{"embeddable":true,"href":"https:\/\/everx.com\/es\/wp-json\/wp\/v2\/media\/31852"}],"wp:attachment":[{"href":"https:\/\/everx.com\/es\/wp-json\/wp\/v2\/media?parent=38237"}],"wp:term":[{"taxonomy":"product_brand","embeddable":true,"href":"https:\/\/everx.com\/es\/wp-json\/wp\/v2\/product_brand?post=38237"},{"taxonomy":"product_cat","embeddable":true,"href":"https:\/\/everx.com\/es\/wp-json\/wp\/v2\/product_cat?post=38237"},{"taxonomy":"product_tag","embeddable":true,"href":"https:\/\/everx.com\/es\/wp-json\/wp\/v2\/product_tag?post=38237"}],"curies":[{"name":"wp","href":"https:\/\/api.w.org\/{rel}","templated":true}]}}