{"id":38153,"date":"2024-11-02T12:58:39","date_gmt":"2024-11-02T12:58:39","guid":{"rendered":"https:\/\/everx.com\/product\/toshiba-infinix-vf-i-4555\/"},"modified":"2025-08-11T05:14:02","modified_gmt":"2025-08-11T05:14:02","slug":"toshiba-infinix-vf-i-4555","status":"publish","type":"product","link":"https:\/\/everx.com\/es\/product\/toshiba-infinix-vf-i-4555\/","title":{"rendered":"Toshiba Infinix VF-i &#8211; 4555"},"content":{"rendered":"<p><span style=\"color: #cb2026;\"><strong>Este sistema se vende actualmente. Av\u00edsanos si buscas una m\u00e1quina similar. <\/strong><\/span><\/p>\n<p>Laboratorio de angiograf\u00eda vascular Toshiba Infinix VF-i usado<\/p>\n<p>Fabricado: diciembre de 2010<\/p>\n<p>Ubicaci\u00f3n actual: Australia (EX1245)<\/p>\n<p>Tubo fabricado: junio de 2015<\/p>\n","protected":false},"excerpt":{"rendered":"<p>Este sistema se vende actualmente. Av\u00edsanos si buscas una m\u00e1quina similar. Laboratorio de angiograf\u00eda vascular Toshiba Infinix VF-i usado Fabricado: diciembre de 2010 Ubicaci\u00f3n actual: Australia (EX1245) Tubo fabricado: junio de 2015<\/p>\n","protected":false},"featured_media":33173,"comment_status":"open","ping_status":"closed","template":"","meta":{"_acf_changed":false},"product_brand":[],"product_cat":[177],"product_tag":[237,519,486],"class_list":{"0":"post-38153","1":"product","2":"type-product","3":"status-publish","4":"has-post-thumbnail","6":"product_cat-cath-angio-lab-es","7":"product_tag-australia-es","8":"product_tag-toshiba-es","9":"product_tag-vendido","10":"pa_sku-4555-es","12":"first","13":"outofstock","14":"shipping-taxable","15":"purchasable","16":"product-type-simple"},"acf":[],"jetpack_sharing_enabled":true,"_links":{"self":[{"href":"https:\/\/everx.com\/es\/wp-json\/wp\/v2\/product\/38153","targetHints":{"allow":["GET"]}}],"collection":[{"href":"https:\/\/everx.com\/es\/wp-json\/wp\/v2\/product"}],"about":[{"href":"https:\/\/everx.com\/es\/wp-json\/wp\/v2\/types\/product"}],"replies":[{"embeddable":true,"href":"https:\/\/everx.com\/es\/wp-json\/wp\/v2\/comments?post=38153"}],"wp:featuredmedia":[{"embeddable":true,"href":"https:\/\/everx.com\/es\/wp-json\/wp\/v2\/media\/33173"}],"wp:attachment":[{"href":"https:\/\/everx.com\/es\/wp-json\/wp\/v2\/media?parent=38153"}],"wp:term":[{"taxonomy":"product_brand","embeddable":true,"href":"https:\/\/everx.com\/es\/wp-json\/wp\/v2\/product_brand?post=38153"},{"taxonomy":"product_cat","embeddable":true,"href":"https:\/\/everx.com\/es\/wp-json\/wp\/v2\/product_cat?post=38153"},{"taxonomy":"product_tag","embeddable":true,"href":"https:\/\/everx.com\/es\/wp-json\/wp\/v2\/product_tag?post=38153"}],"curies":[{"name":"wp","href":"https:\/\/api.w.org\/{rel}","templated":true}]}}