{"id":38151,"date":"2024-11-02T12:58:38","date_gmt":"2024-11-02T12:58:38","guid":{"rendered":"https:\/\/everx.com\/product\/ge-innova-2100iq-4561\/"},"modified":"2025-08-11T05:03:24","modified_gmt":"2025-08-11T05:03:24","slug":"ge-innova-2100iq-4561","status":"publish","type":"product","link":"https:\/\/everx.com\/es\/product\/ge-innova-2100iq-4561\/","title":{"rendered":"GE Innova 2100IQ &#8211; 4561"},"content":{"rendered":"<p><strong><span style=\"color: #cb2026;\">Este sistema ya se ha vendido. Av\u00edsanos si buscas un producto similar. <\/span><\/strong><\/p>\n<p>Laboratorio de cateterismo card\u00edaco GE Innova 2100IQ usado<\/p>\n<p>Fabricado: 2006<\/p>\n<p>Ubicaci\u00f3n actual: Australia (EX1267)<\/p>\n<p>Tubo fabricado: 2018<\/p>\n<p>Detector fabricado: 2010<\/p>\n<p>Opciones:<\/p>\n<p>Navegador InRoom, Pantalla t\u00e1ctil InnovaCentral, Fluoro Store, Contorno del paciente, Mesa motorizada, An\u00e1lisis de estenosis, An\u00e1lisis del ventr\u00edculo izquierdo, DSA, Spin, Innova Chase, Innova 3D, Sub 3D, Innova CT, Stent Viz, InRoom SA, ECG, Fast Link, Calibraci\u00f3n aumentada<\/p>\n","protected":false},"excerpt":{"rendered":"<p>Este sistema ya se ha vendido. Av\u00edsanos si buscas un producto similar. Laboratorio de cateterismo card\u00edaco GE Innova 2100IQ usado Fabricado: 2006 Ubicaci\u00f3n actual: Australia (EX1267) Tubo fabricado: 2018 Detector fabricado: 2010 Opciones: Navegador InRoom, Pantalla t\u00e1ctil InnovaCentral, Fluoro Store, Contorno del paciente, Mesa motorizada, An\u00e1lisis de estenosis, An\u00e1lisis del ventr\u00edculo izquierdo, DSA, Spin, Innova [&hellip;]<\/p>\n","protected":false},"featured_media":33220,"comment_status":"open","ping_status":"closed","template":"","meta":{"_acf_changed":false},"product_brand":[],"product_cat":[177],"product_tag":[237,239,486],"class_list":{"0":"post-38151","1":"product","2":"type-product","3":"status-publish","4":"has-post-thumbnail","6":"product_cat-cath-angio-lab-es","7":"product_tag-australia-es","8":"product_tag-ge-es","9":"product_tag-vendido","10":"pa_sku-4561-es","12":"first","13":"outofstock","14":"shipping-taxable","15":"purchasable","16":"product-type-simple"},"acf":[],"jetpack_sharing_enabled":true,"_links":{"self":[{"href":"https:\/\/everx.com\/es\/wp-json\/wp\/v2\/product\/38151","targetHints":{"allow":["GET"]}}],"collection":[{"href":"https:\/\/everx.com\/es\/wp-json\/wp\/v2\/product"}],"about":[{"href":"https:\/\/everx.com\/es\/wp-json\/wp\/v2\/types\/product"}],"replies":[{"embeddable":true,"href":"https:\/\/everx.com\/es\/wp-json\/wp\/v2\/comments?post=38151"}],"wp:featuredmedia":[{"embeddable":true,"href":"https:\/\/everx.com\/es\/wp-json\/wp\/v2\/media\/33220"}],"wp:attachment":[{"href":"https:\/\/everx.com\/es\/wp-json\/wp\/v2\/media?parent=38151"}],"wp:term":[{"taxonomy":"product_brand","embeddable":true,"href":"https:\/\/everx.com\/es\/wp-json\/wp\/v2\/product_brand?post=38151"},{"taxonomy":"product_cat","embeddable":true,"href":"https:\/\/everx.com\/es\/wp-json\/wp\/v2\/product_cat?post=38151"},{"taxonomy":"product_tag","embeddable":true,"href":"https:\/\/everx.com\/es\/wp-json\/wp\/v2\/product_tag?post=38151"}],"curies":[{"name":"wp","href":"https:\/\/api.w.org\/{rel}","templated":true}]}}