{"id":38072,"date":"2024-11-02T12:58:25","date_gmt":"2024-11-02T12:58:25","guid":{"rendered":"https:\/\/everx.com\/product\/siemens-artis-zee-biplane-ex1697\/"},"modified":"2025-08-08T12:05:24","modified_gmt":"2025-08-08T12:05:24","slug":"siemens-artis-zee-biplane-ex1697","status":"publish","type":"product","link":"https:\/\/everx.com\/es\/product\/siemens-artis-zee-biplane-ex1697\/","title":{"rendered":"Biplano Siemens Artis ZEE &#8211; EX1697"},"content":{"rendered":"<p><span style=\"color: #cb2026;\">Este sistema ya est\u00e1 vendido. Si busca un producto similar, inf\u00f3rmenos. <\/span><\/p>\n<p>Laboratorio de cateterismo card\u00edaco biplano Siemens Artis ZEE<\/p>\n<p>Fabricado: 2010<\/p>\n<p>Tubo 1 Fabricado: 2018<\/p>\n<p>Tubo 2 Fabricado: 2018<\/p>\n<p>Opciones: CDR_ARCHIVO, ZOOM_DIGITAL, FLUORO_LOOP, DR, OBTENER_LISTA_TRABAJO, ALTA_VELOCIDAD_ACQ, CUIDADO_DFP, ALMACENAMIENTO_EXT_3, GRABACI\u00d3N_ECG, ECG_GATED_FLUORO, LVA, AUTOMAPA, PERFIL_CUIDADO, POSICI\u00d3N_CUIDADO, ALMACENAMIENTO_DICOM, ALMACENAMIENTO_DICOM, CONSULTA_DICOM_RETR, DYNAVISION, TARJETA_ACQ, DSA_ACQ, QUANT_QVA, IMPRESORA_PAPEL_PEL\u00cdCULA, PEL\u00cdCULA_VFS, DR_DYNA, 3D_ACqu_Artis, 3D_Tarjeta_Acqu_Artis, LICENCIA_GENERAL_SYNGO, IC_STENT, Soporte_MR_i, CUIDADO_MONITOR<\/p>\n","protected":false},"excerpt":{"rendered":"<p>Este sistema ya est\u00e1 vendido. Si busca un producto similar, inf\u00f3rmenos. Laboratorio de cateterismo card\u00edaco biplano Siemens Artis ZEE Fabricado: 2010 Tubo 1 Fabricado: 2018 Tubo 2 Fabricado: 2018 Opciones: CDR_ARCHIVO, ZOOM_DIGITAL, FLUORO_LOOP, DR, OBTENER_LISTA_TRABAJO, ALTA_VELOCIDAD_ACQ, CUIDADO_DFP, ALMACENAMIENTO_EXT_3, GRABACI\u00d3N_ECG, ECG_GATED_FLUORO, LVA, AUTOMAPA, PERFIL_CUIDADO, POSICI\u00d3N_CUIDADO, ALMACENAMIENTO_DICOM, ALMACENAMIENTO_DICOM, CONSULTA_DICOM_RETR, DYNAVISION, TARJETA_ACQ, DSA_ACQ, QUANT_QVA, IMPRESORA_PAPEL_PEL\u00cdCULA, PEL\u00cdCULA_VFS, DR_DYNA, 3D_ACqu_Artis, [&hellip;]<\/p>\n","protected":false},"featured_media":34559,"comment_status":"open","ping_status":"closed","template":"","meta":{"_acf_changed":false},"product_brand":[],"product_cat":[177],"product_tag":[523,486],"class_list":{"0":"post-38072","1":"product","2":"type-product","3":"status-publish","4":"has-post-thumbnail","6":"product_cat-cath-angio-lab-es","7":"product_tag-siemens-es","8":"product_tag-vendido","9":"pa_sku-1697-es","11":"first","12":"outofstock","13":"shipping-taxable","14":"purchasable","15":"product-type-simple"},"acf":[],"jetpack_sharing_enabled":true,"_links":{"self":[{"href":"https:\/\/everx.com\/es\/wp-json\/wp\/v2\/product\/38072","targetHints":{"allow":["GET"]}}],"collection":[{"href":"https:\/\/everx.com\/es\/wp-json\/wp\/v2\/product"}],"about":[{"href":"https:\/\/everx.com\/es\/wp-json\/wp\/v2\/types\/product"}],"replies":[{"embeddable":true,"href":"https:\/\/everx.com\/es\/wp-json\/wp\/v2\/comments?post=38072"}],"wp:featuredmedia":[{"embeddable":true,"href":"https:\/\/everx.com\/es\/wp-json\/wp\/v2\/media\/34559"}],"wp:attachment":[{"href":"https:\/\/everx.com\/es\/wp-json\/wp\/v2\/media?parent=38072"}],"wp:term":[{"taxonomy":"product_brand","embeddable":true,"href":"https:\/\/everx.com\/es\/wp-json\/wp\/v2\/product_brand?post=38072"},{"taxonomy":"product_cat","embeddable":true,"href":"https:\/\/everx.com\/es\/wp-json\/wp\/v2\/product_cat?post=38072"},{"taxonomy":"product_tag","embeddable":true,"href":"https:\/\/everx.com\/es\/wp-json\/wp\/v2\/product_tag?post=38072"}],"curies":[{"name":"wp","href":"https:\/\/api.w.org\/{rel}","templated":true}]}}