{"id":30342,"date":"2024-11-02T12:58:14","date_gmt":"2024-11-02T12:58:14","guid":{"rendered":"https:\/\/everx.com\/product\/ge-brightspeed-16-slice-ex1997\/"},"modified":"2025-01-20T12:16:26","modified_gmt":"2025-01-20T12:16:26","slug":"ge-brightspeed-16-slice-ex1997","status":"publish","type":"product","link":"https:\/\/everx.com\/es\/product\/ge-brightspeed-16-slice-ex1997\/","title":{"rendered":"GE Brightspeed 16 Rodajas &#8211; EX1997"},"content":{"rendered":"<p><span style=\"color: #cb2026;\">Este sistema ya se ha vendido. Av\u00edsanos si buscas una m\u00e1quina similar. <\/span><\/p>\n<p>Esc\u00e1ner de TC GE Brightspeed de 16 cortes Fabricado: 2010 Ubicaci\u00f3n actual : Australia (EX1997) DAS:cPDAS_16 Detector: Watson16 Versi\u00f3n de software: 13BW29.5_SP1-4-1.HP_PP_P16_G_GMV Tipo de tubo: Performix_Plus_(LB) Tubo sustituido: Marzo de 2020 Tubo actual mAs: 10 millones de mAs (@ Inspecci\u00f3n: 28 de julio)<\/p>\n<p><u><strong><span style=\"color: #cb2026;\">Sistema disponible a principios de septiembre<\/span><\/strong><\/u><\/p>\n<p>Opciones: Smart Prep, Smart Speed, Inclinaci\u00f3n helicoidal, AutomA, Power440, Paciente-16 cortes, Serie de im\u00e1genes 3000, Direct-3D, 90kVA, CopyComposer, Direct-MPR, Exportaci\u00f3n de datos, Connect , DentaScan, EnhancedRecon, ASIR<\/p>\n","protected":false},"excerpt":{"rendered":"<p>Este sistema ya se ha vendido. Av\u00edsanos si buscas una m\u00e1quina similar. Esc\u00e1ner de TC GE Brightspeed de 16 cortes Fabricado: 2010 Ubicaci\u00f3n actual : Australia (EX1997) DAS:cPDAS_16 Detector: Watson16 Versi\u00f3n de software: 13BW29.5_SP1-4-1.HP_PP_P16_G_GMV Tipo de tubo: Performix_Plus_(LB) Tubo sustituido: Marzo de 2020 Tubo actual mAs: 10 millones de mAs (@ Inspecci\u00f3n: 28 de julio) [&hellip;]<\/p>\n","protected":false},"featured_media":35579,"comment_status":"open","ping_status":"closed","template":"","meta":{"_acf_changed":false},"product_brand":[],"product_cat":[156],"product_tag":[237,239,486],"class_list":{"0":"post-30342","1":"product","2":"type-product","3":"status-publish","4":"has-post-thumbnail","6":"product_cat-ct-es","7":"product_tag-australia-es","8":"product_tag-ge-es","9":"product_tag-vendido","11":"first","12":"outofstock","13":"shipping-taxable","14":"purchasable","15":"product-type-simple"},"acf":[],"jetpack_sharing_enabled":true,"_links":{"self":[{"href":"https:\/\/everx.com\/es\/wp-json\/wp\/v2\/product\/30342","targetHints":{"allow":["GET"]}}],"collection":[{"href":"https:\/\/everx.com\/es\/wp-json\/wp\/v2\/product"}],"about":[{"href":"https:\/\/everx.com\/es\/wp-json\/wp\/v2\/types\/product"}],"replies":[{"embeddable":true,"href":"https:\/\/everx.com\/es\/wp-json\/wp\/v2\/comments?post=30342"}],"wp:featuredmedia":[{"embeddable":true,"href":"https:\/\/everx.com\/es\/wp-json\/wp\/v2\/media\/35579"}],"wp:attachment":[{"href":"https:\/\/everx.com\/es\/wp-json\/wp\/v2\/media?parent=30342"}],"wp:term":[{"taxonomy":"product_brand","embeddable":true,"href":"https:\/\/everx.com\/es\/wp-json\/wp\/v2\/product_brand?post=30342"},{"taxonomy":"product_cat","embeddable":true,"href":"https:\/\/everx.com\/es\/wp-json\/wp\/v2\/product_cat?post=30342"},{"taxonomy":"product_tag","embeddable":true,"href":"https:\/\/everx.com\/es\/wp-json\/wp\/v2\/product_tag?post=30342"}],"curies":[{"name":"wp","href":"https:\/\/api.w.org\/{rel}","templated":true}]}}