{"id":22407,"date":"2024-11-02T12:59:12","date_gmt":"2024-11-02T12:59:12","guid":{"rendered":"https:\/\/everx.com\/product\/ge-vct-64-rodajas-4478\/"},"modified":"2025-08-08T07:14:22","modified_gmt":"2025-08-08T07:14:22","slug":"ge-vct-64-rodajas-4478","status":"publish","type":"product","link":"https:\/\/everx.com\/es\/product\/ge-vct-64-rodajas-4478\/","title":{"rendered":"GE VCT 64 rebanadas"},"content":{"rendered":"<p><span style=\"color: #cb2026;\"><strong>Este sistema se vende actualmente. Av\u00edsanos si buscas un producto similar. <\/strong><\/span><\/p>\n<p>Esc\u00e1ner CT GE VCT de 64 cortes usado<\/p>\n<p>Ubicaci\u00f3n: Australia (EX804)<\/p>\n<p>Fabricado: noviembre de 2010<\/p>\n<p>Tipo de tubo: H\u00e9rcules<\/p>\n<p>Tubo reemplazado: diciembre de 2016<\/p>\n<p>Tubo de corriente mAs: 72 millones de mAs<\/p>\n<p>Opciones: Smart Prep, AutomA, Serie de 3000 im\u00e1genes, Connect Pro, Divisi\u00f3n de examen, MPR directo, Exportaci\u00f3n de datos, CopyComposer, Paciente de 64 cortes, VCT de 85 kW de potencia, VCT de alta potencia, Escaneo sub-0.4 segundos, NeuroFileter, Autofiltro y transferencia, CardIQ SnapShot, SmartScore Pro, Filtro de reducci\u00f3n de ruido, EKGViewer, AxialShuttle, ASIR, CardIQSnapshot-Dine, ColumeCiewer, Seguimiento din\u00e1mico del eje Z, Reconocimiento superpuesto axial, HelicalShuttle<\/p>\n","protected":false},"excerpt":{"rendered":"<p>Este sistema se vende actualmente. Av\u00edsanos si buscas un producto similar. Esc\u00e1ner CT GE VCT de 64 cortes usado Ubicaci\u00f3n: Australia (EX804) Fabricado: noviembre de 2010 Tipo de tubo: H\u00e9rcules Tubo reemplazado: diciembre de 2016 Tubo de corriente mAs: 72 millones de mAs Opciones: Smart Prep, AutomA, Serie de 3000 im\u00e1genes, Connect Pro, Divisi\u00f3n de [&hellip;]<\/p>\n","protected":false},"featured_media":26234,"comment_status":"open","ping_status":"closed","template":"","meta":{"_acf_changed":false},"product_brand":[],"product_cat":[156],"product_tag":[237,239,486],"class_list":{"0":"post-22407","1":"product","2":"type-product","3":"status-publish","4":"has-post-thumbnail","6":"product_cat-ct-es","7":"product_tag-australia-es","8":"product_tag-ge-es","9":"product_tag-vendido","10":"pa_sku-4478-es","12":"first","13":"outofstock","14":"shipping-taxable","15":"purchasable","16":"product-type-simple"},"acf":[],"jetpack_sharing_enabled":true,"_links":{"self":[{"href":"https:\/\/everx.com\/es\/wp-json\/wp\/v2\/product\/22407","targetHints":{"allow":["GET"]}}],"collection":[{"href":"https:\/\/everx.com\/es\/wp-json\/wp\/v2\/product"}],"about":[{"href":"https:\/\/everx.com\/es\/wp-json\/wp\/v2\/types\/product"}],"replies":[{"embeddable":true,"href":"https:\/\/everx.com\/es\/wp-json\/wp\/v2\/comments?post=22407"}],"wp:featuredmedia":[{"embeddable":true,"href":"https:\/\/everx.com\/es\/wp-json\/wp\/v2\/media\/26234"}],"wp:attachment":[{"href":"https:\/\/everx.com\/es\/wp-json\/wp\/v2\/media?parent=22407"}],"wp:term":[{"taxonomy":"product_brand","embeddable":true,"href":"https:\/\/everx.com\/es\/wp-json\/wp\/v2\/product_brand?post=22407"},{"taxonomy":"product_cat","embeddable":true,"href":"https:\/\/everx.com\/es\/wp-json\/wp\/v2\/product_cat?post=22407"},{"taxonomy":"product_tag","embeddable":true,"href":"https:\/\/everx.com\/es\/wp-json\/wp\/v2\/product_tag?post=22407"}],"curies":[{"name":"wp","href":"https:\/\/api.w.org\/{rel}","templated":true}]}}