{"id":22398,"date":"2024-11-02T12:59:10","date_gmt":"2024-11-02T12:59:10","guid":{"rendered":"https:\/\/everx.com\/product\/sinfonia-siemens-15t-4464\/"},"modified":"2025-08-11T05:54:59","modified_gmt":"2025-08-11T05:54:59","slug":"sinfonia-siemens-15t-4464","status":"publish","type":"product","link":"https:\/\/everx.com\/es\/product\/sinfonia-siemens-15t-4464\/","title":{"rendered":"Sinfon\u00eda Siemens 1,5T &#8211; 4464"},"content":{"rendered":"<p><span style=\"color: #cb2026;\"><strong>Este sistema se vende actualmente. Av\u00edsanos si buscas una m\u00e1quina similar. <\/strong><\/span><\/p>\n<p><strong>IRM SIEMENS Symphony1,5T  <\/strong><\/p>\n<p><strong>Fabricado: 1998<\/strong><\/p>\n<p><strong>Gradiente Tipo Quantum<\/strong><\/p>\n<p><strong>Im\u00e1n OR70<\/strong><\/p>\n<p><strong>Software NUMARIS \/ 4<\/strong><\/p>\n<p><strong>Software Ver. Syngo MR A40 <\/strong><\/p>\n<p><strong>Bobinas: Array Corporal, Array Corporal CP, Array Pecho CP, Fjex L CP, Flex S CP, Array Cabeza CP, Array Cuello CP, Array Columna CP, Flex Loop S<\/strong><\/p>\n<p><strong>Opciones: MRI_CV_MAIN, N11adv3D, N11AdvTurbo, N11AdvAngio, N11CareBolus, N11PaniramTable, N11BoldImaging, N11TGSE, UltraGradient, QuantumGradient, N11Spectroscopia, CAP3D_FILTER_MIP, CAP3D_FILTER_SSD, CAP3D_VOIMODE, CAP3D_MAIN, GET_WORKLIST, N11AdvCardiac, MRI_ARGUS_MAIN, MRI_ARGUS_VF_ANALYSIS, MR_SpecPostProc, N_PAT_Basic, N2D_PACE, N_ProtSeqinline, SYNGO_GENERAL_LICENSE<\/strong><\/p>\n","protected":false},"excerpt":{"rendered":"<p>Este sistema se vende actualmente. Av\u00edsanos si buscas una m\u00e1quina similar. IRM SIEMENS Symphony1,5T Fabricado: 1998 Gradiente Tipo Quantum Im\u00e1n OR70 Software NUMARIS \/ 4 Software Ver. Syngo MR A40 Bobinas: Array Corporal, Array Corporal CP, Array Pecho CP, Fjex L CP, Flex S CP, Array Cabeza CP, Array Cuello CP, Array Columna CP, Flex [&hellip;]<\/p>\n","protected":false},"featured_media":26524,"comment_status":"open","ping_status":"closed","template":"","meta":{"_acf_changed":false},"product_brand":[],"product_cat":[155],"product_tag":[523,486],"class_list":{"0":"post-22398","1":"product","2":"type-product","3":"status-publish","4":"has-post-thumbnail","6":"product_cat-mri-es","7":"product_tag-siemens-es","8":"product_tag-vendido","9":"pa_sku-4464-es","11":"first","12":"outofstock","13":"shipping-taxable","14":"purchasable","15":"product-type-simple"},"acf":[],"jetpack_sharing_enabled":true,"_links":{"self":[{"href":"https:\/\/everx.com\/es\/wp-json\/wp\/v2\/product\/22398","targetHints":{"allow":["GET"]}}],"collection":[{"href":"https:\/\/everx.com\/es\/wp-json\/wp\/v2\/product"}],"about":[{"href":"https:\/\/everx.com\/es\/wp-json\/wp\/v2\/types\/product"}],"replies":[{"embeddable":true,"href":"https:\/\/everx.com\/es\/wp-json\/wp\/v2\/comments?post=22398"}],"wp:featuredmedia":[{"embeddable":true,"href":"https:\/\/everx.com\/es\/wp-json\/wp\/v2\/media\/26524"}],"wp:attachment":[{"href":"https:\/\/everx.com\/es\/wp-json\/wp\/v2\/media?parent=22398"}],"wp:term":[{"taxonomy":"product_brand","embeddable":true,"href":"https:\/\/everx.com\/es\/wp-json\/wp\/v2\/product_brand?post=22398"},{"taxonomy":"product_cat","embeddable":true,"href":"https:\/\/everx.com\/es\/wp-json\/wp\/v2\/product_cat?post=22398"},{"taxonomy":"product_tag","embeddable":true,"href":"https:\/\/everx.com\/es\/wp-json\/wp\/v2\/product_tag?post=22398"}],"curies":[{"name":"wp","href":"https:\/\/api.w.org\/{rel}","templated":true}]}}