{"id":22359,"date":"2024-11-02T12:59:05","date_gmt":"2024-11-02T12:59:05","guid":{"rendered":"https:\/\/everx.com\/product\/logiq-p5-4475\/"},"modified":"2024-11-23T10:53:49","modified_gmt":"2024-11-23T10:53:49","slug":"logiq-p5-4475","status":"publish","type":"product","link":"https:\/\/everx.com\/es\/product\/logiq-p5-4475\/","title":{"rendered":"Logiq P5 &#8211; 4475"},"content":{"rendered":"<p><span style=\"color: #cb2026;\">Este sistema ya se ha vendido. Av\u00edsanos si buscas un producto similar. <\/span><\/p>\n<p>GE Logiq P5 usada Ubicaci\u00f3n: Australia (U3062) Fabricado: Oct 2010 Software Ver: R4.0.2 Opciones instaladas: B\u00e1sico, DICOM, Anat\u00f3mico M, Haz Cruzado, SRI Sonda: 5Sp, 8C<\/p>\n","protected":false},"excerpt":{"rendered":"<p>Este sistema ya se ha vendido. Av\u00edsanos si buscas un producto similar. GE Logiq P5 usada Ubicaci\u00f3n: Australia (U3062) Fabricado: Oct 2010 Software Ver: R4.0.2 Opciones instaladas: B\u00e1sico, DICOM, Anat\u00f3mico M, Haz Cruzado, SRI Sonda: 5Sp, 8C<\/p>\n","protected":false},"featured_media":28306,"comment_status":"open","ping_status":"closed","template":"","meta":{"_acf_changed":false},"product_brand":[],"product_cat":[158],"product_tag":[237,239,486],"class_list":{"0":"post-22359","1":"product","2":"type-product","3":"status-publish","4":"has-post-thumbnail","6":"product_cat-ecografia","7":"product_tag-australia-es","8":"product_tag-ge-es","9":"product_tag-vendido","11":"first","12":"outofstock","13":"shipping-taxable","14":"purchasable","15":"product-type-simple"},"acf":[],"jetpack_sharing_enabled":true,"_links":{"self":[{"href":"https:\/\/everx.com\/es\/wp-json\/wp\/v2\/product\/22359","targetHints":{"allow":["GET"]}}],"collection":[{"href":"https:\/\/everx.com\/es\/wp-json\/wp\/v2\/product"}],"about":[{"href":"https:\/\/everx.com\/es\/wp-json\/wp\/v2\/types\/product"}],"replies":[{"embeddable":true,"href":"https:\/\/everx.com\/es\/wp-json\/wp\/v2\/comments?post=22359"}],"wp:featuredmedia":[{"embeddable":true,"href":"https:\/\/everx.com\/es\/wp-json\/wp\/v2\/media\/28306"}],"wp:attachment":[{"href":"https:\/\/everx.com\/es\/wp-json\/wp\/v2\/media?parent=22359"}],"wp:term":[{"taxonomy":"product_brand","embeddable":true,"href":"https:\/\/everx.com\/es\/wp-json\/wp\/v2\/product_brand?post=22359"},{"taxonomy":"product_cat","embeddable":true,"href":"https:\/\/everx.com\/es\/wp-json\/wp\/v2\/product_cat?post=22359"},{"taxonomy":"product_tag","embeddable":true,"href":"https:\/\/everx.com\/es\/wp-json\/wp\/v2\/product_tag?post=22359"}],"curies":[{"name":"wp","href":"https:\/\/api.w.org\/{rel}","templated":true}]}}