{"id":22358,"date":"2024-11-02T12:59:04","date_gmt":"2024-11-02T12:59:04","guid":{"rendered":"https:\/\/everx.com\/product\/ge-voluson-e8-experto-4295\/"},"modified":"2024-11-23T10:53:45","modified_gmt":"2024-11-23T10:53:45","slug":"ge-voluson-e8-experto-4295","status":"publish","type":"product","link":"https:\/\/everx.com\/es\/product\/ge-voluson-e8-experto-4295\/","title":{"rendered":"GE Voluson E8 Experto 4295"},"content":{"rendered":"<p><span style=\"color: #cb2026;\"><strong>Este sistema se vende actualmente. Av\u00edsanos si buscas una m\u00e1quina similar. <\/strong><\/span><\/p>\n<p>GE Voluson E8 Expert usado Fabricado: Mayo de 2008 Ubicaci\u00f3n actual: Australia (EXA170714) S\/W VER: 7.0.3.1895 Sondas disponibles: 4C-D, RAB 4-8-D<\/p>\n","protected":false},"excerpt":{"rendered":"<p>Este sistema se vende actualmente. Av\u00edsanos si buscas una m\u00e1quina similar. GE Voluson E8 Expert usado Fabricado: Mayo de 2008 Ubicaci\u00f3n actual: Australia (EXA170714) S\/W VER: 7.0.3.1895 Sondas disponibles: 4C-D, RAB 4-8-D<\/p>\n","protected":false},"featured_media":28909,"comment_status":"open","ping_status":"closed","template":"","meta":{"_acf_changed":false},"product_brand":[],"product_cat":[158],"product_tag":[237,239,486],"class_list":{"0":"post-22358","1":"product","2":"type-product","3":"status-publish","4":"has-post-thumbnail","6":"product_cat-ecografia","7":"product_tag-australia-es","8":"product_tag-ge-es","9":"product_tag-vendido","11":"first","12":"outofstock","13":"shipping-taxable","14":"purchasable","15":"product-type-simple"},"acf":[],"jetpack_sharing_enabled":true,"_links":{"self":[{"href":"https:\/\/everx.com\/es\/wp-json\/wp\/v2\/product\/22358","targetHints":{"allow":["GET"]}}],"collection":[{"href":"https:\/\/everx.com\/es\/wp-json\/wp\/v2\/product"}],"about":[{"href":"https:\/\/everx.com\/es\/wp-json\/wp\/v2\/types\/product"}],"replies":[{"embeddable":true,"href":"https:\/\/everx.com\/es\/wp-json\/wp\/v2\/comments?post=22358"}],"wp:featuredmedia":[{"embeddable":true,"href":"https:\/\/everx.com\/es\/wp-json\/wp\/v2\/media\/28909"}],"wp:attachment":[{"href":"https:\/\/everx.com\/es\/wp-json\/wp\/v2\/media?parent=22358"}],"wp:term":[{"taxonomy":"product_brand","embeddable":true,"href":"https:\/\/everx.com\/es\/wp-json\/wp\/v2\/product_brand?post=22358"},{"taxonomy":"product_cat","embeddable":true,"href":"https:\/\/everx.com\/es\/wp-json\/wp\/v2\/product_cat?post=22358"},{"taxonomy":"product_tag","embeddable":true,"href":"https:\/\/everx.com\/es\/wp-json\/wp\/v2\/product_tag?post=22358"}],"curies":[{"name":"wp","href":"https:\/\/api.w.org\/{rel}","templated":true}]}}