{"id":22351,"date":"2024-11-02T12:59:04","date_gmt":"2024-11-02T12:59:04","guid":{"rendered":"https:\/\/everx.com\/product\/toshiba-viamo-portatil-4463\/"},"modified":"2024-11-23T10:53:46","modified_gmt":"2024-11-23T10:53:46","slug":"toshiba-viamo-portatil-4463","status":"publish","type":"product","link":"https:\/\/everx.com\/es\/product\/toshiba-viamo-portatil-4463\/","title":{"rendered":"Toshiba Viamo port\u00e1til 4463"},"content":{"rendered":"<p><span style=\"color: #cb2026;\"><strong>Este sistema se vende actualmente. Av\u00edsanos si buscas una m\u00e1quina similar. <\/strong><\/span><\/p>\n<p>Ec\u00f3grafo port\u00e1til Toshiba Viamo. Fabricado: 2011. Ubicaci\u00f3n actual: Australia (EX684) 4 sondas. 1.PVT 375 BT Convexa 2.PVT 661VT TVS 3.PLT 1204BT Lineal de alta frecuencia 4.PLT 704ST Lineal de baja frecuencia<\/p>\n","protected":false},"excerpt":{"rendered":"<p>Este sistema se vende actualmente. Av\u00edsanos si buscas una m\u00e1quina similar. Ec\u00f3grafo port\u00e1til Toshiba Viamo. Fabricado: 2011. Ubicaci\u00f3n actual: Australia (EX684) 4 sondas. 1.PVT 375 BT Convexa 2.PVT 661VT TVS 3.PLT 1204BT Lineal de alta frecuencia 4.PLT 704ST Lineal de baja frecuencia<\/p>\n","protected":false},"featured_media":28782,"comment_status":"open","ping_status":"closed","template":"","meta":{"_acf_changed":false},"product_brand":[],"product_cat":[158],"product_tag":[237,519,486],"class_list":{"0":"post-22351","1":"product","2":"type-product","3":"status-publish","4":"has-post-thumbnail","6":"product_cat-ecografia","7":"product_tag-australia-es","8":"product_tag-toshiba-es","9":"product_tag-vendido","11":"first","12":"outofstock","13":"shipping-taxable","14":"purchasable","15":"product-type-simple"},"acf":[],"jetpack_sharing_enabled":true,"_links":{"self":[{"href":"https:\/\/everx.com\/es\/wp-json\/wp\/v2\/product\/22351","targetHints":{"allow":["GET"]}}],"collection":[{"href":"https:\/\/everx.com\/es\/wp-json\/wp\/v2\/product"}],"about":[{"href":"https:\/\/everx.com\/es\/wp-json\/wp\/v2\/types\/product"}],"replies":[{"embeddable":true,"href":"https:\/\/everx.com\/es\/wp-json\/wp\/v2\/comments?post=22351"}],"wp:featuredmedia":[{"embeddable":true,"href":"https:\/\/everx.com\/es\/wp-json\/wp\/v2\/media\/28782"}],"wp:attachment":[{"href":"https:\/\/everx.com\/es\/wp-json\/wp\/v2\/media?parent=22351"}],"wp:term":[{"taxonomy":"product_brand","embeddable":true,"href":"https:\/\/everx.com\/es\/wp-json\/wp\/v2\/product_brand?post=22351"},{"taxonomy":"product_cat","embeddable":true,"href":"https:\/\/everx.com\/es\/wp-json\/wp\/v2\/product_cat?post=22351"},{"taxonomy":"product_tag","embeddable":true,"href":"https:\/\/everx.com\/es\/wp-json\/wp\/v2\/product_tag?post=22351"}],"curies":[{"name":"wp","href":"https:\/\/api.w.org\/{rel}","templated":true}]}}