{"id":22333,"date":"2024-11-02T12:59:01","date_gmt":"2024-11-02T12:59:01","guid":{"rendered":"https:\/\/everx.com\/product\/philips-allura-fd10c-4436\/"},"modified":"2024-11-23T10:59:04","modified_gmt":"2024-11-23T10:59:04","slug":"philips-allura-fd10c-4436","status":"publish","type":"product","link":"https:\/\/everx.com\/es\/product\/philips-allura-fd10c-4436\/","title":{"rendered":"Philips Allura FD10C &#8211; 4436"},"content":{"rendered":"<p><span style=\"color: #cb2026;\"><strong>Este sistema se vende actualmente. Av\u00edsanos si buscas una m\u00e1quina similar. <\/strong><\/span><\/p>\n<p>Philips Allura FD10C Fabricado: 2005 Versi\u00f3n del software: 1.2.9 Tubo Fabricado: 2015 Detector Sustituido: 2009 Ref. n\u00ba A3090<\/p>\n","protected":false},"excerpt":{"rendered":"<p>Este sistema se vende actualmente. Av\u00edsanos si buscas una m\u00e1quina similar. Philips Allura FD10C Fabricado: 2005 Versi\u00f3n del software: 1.2.9 Tubo Fabricado: 2015 Detector Sustituido: 2009 Ref. n\u00ba A3090<\/p>\n","protected":false},"featured_media":30763,"comment_status":"open","ping_status":"closed","template":"","meta":{"_acf_changed":false},"product_brand":[],"product_cat":[177],"product_tag":[521,486],"class_list":{"0":"post-22333","1":"product","2":"type-product","3":"status-publish","4":"has-post-thumbnail","6":"product_cat-cath-angio-lab-es","7":"product_tag-philips-es","8":"product_tag-vendido","10":"first","11":"outofstock","12":"shipping-taxable","13":"purchasable","14":"product-type-simple"},"acf":[],"jetpack_sharing_enabled":true,"_links":{"self":[{"href":"https:\/\/everx.com\/es\/wp-json\/wp\/v2\/product\/22333","targetHints":{"allow":["GET"]}}],"collection":[{"href":"https:\/\/everx.com\/es\/wp-json\/wp\/v2\/product"}],"about":[{"href":"https:\/\/everx.com\/es\/wp-json\/wp\/v2\/types\/product"}],"replies":[{"embeddable":true,"href":"https:\/\/everx.com\/es\/wp-json\/wp\/v2\/comments?post=22333"}],"wp:featuredmedia":[{"embeddable":true,"href":"https:\/\/everx.com\/es\/wp-json\/wp\/v2\/media\/30763"}],"wp:attachment":[{"href":"https:\/\/everx.com\/es\/wp-json\/wp\/v2\/media?parent=22333"}],"wp:term":[{"taxonomy":"product_brand","embeddable":true,"href":"https:\/\/everx.com\/es\/wp-json\/wp\/v2\/product_brand?post=22333"},{"taxonomy":"product_cat","embeddable":true,"href":"https:\/\/everx.com\/es\/wp-json\/wp\/v2\/product_cat?post=22333"},{"taxonomy":"product_tag","embeddable":true,"href":"https:\/\/everx.com\/es\/wp-json\/wp\/v2\/product_tag?post=22333"}],"curies":[{"name":"wp","href":"https:\/\/api.w.org\/{rel}","templated":true}]}}