{"id":22323,"date":"2024-11-02T12:58:58","date_gmt":"2024-11-02T12:58:58","guid":{"rendered":"https:\/\/everx.com\/product\/mamografo-philips-mammodiagnost-exa170705a\/"},"modified":"2024-11-23T11:04:56","modified_gmt":"2024-11-23T11:04:56","slug":"mamografo-philips-mammodiagnost-exa170705a","status":"publish","type":"product","link":"https:\/\/everx.com\/es\/product\/mamografo-philips-mammodiagnost-exa170705a\/","title":{"rendered":"Mam\u00f3grafo Philips MammoDiagnost &#8211; EXA170705A"},"content":{"rendered":"<p><span style=\"color: #cb2026;\">Este sistema est\u00e1 agotado. Ponte en contacto con nosotros si buscas algo similar.   <\/span><\/p>\n<p>Mam\u00f3grafo Philips MammoDiagnost usado. Fabricado: Diciembre de 2008. Ubicaci\u00f3n actual: Australia (EXA170705A) 2 Bucky &#8211; 18X24 &amp; 24X30<\/p>\n","protected":false},"excerpt":{"rendered":"<p>Este sistema est\u00e1 agotado. Ponte en contacto con nosotros si buscas algo similar. Mam\u00f3grafo Philips MammoDiagnost usado. Fabricado: Diciembre de 2008. Ubicaci\u00f3n actual: Australia (EXA170705A) 2 Bucky &#8211; 18X24 &amp; 24X30<\/p>\n","protected":false},"featured_media":31036,"comment_status":"open","ping_status":"closed","template":"","meta":{"_acf_changed":false},"product_brand":[],"product_cat":[176],"product_tag":[237,521,486],"class_list":{"0":"post-22323","1":"product","2":"type-product","3":"status-publish","4":"has-post-thumbnail","6":"product_cat-mammography-es","7":"product_tag-australia-es","8":"product_tag-philips-es","9":"product_tag-vendido","11":"first","12":"outofstock","13":"shipping-taxable","14":"purchasable","15":"product-type-simple"},"acf":[],"jetpack_sharing_enabled":true,"_links":{"self":[{"href":"https:\/\/everx.com\/es\/wp-json\/wp\/v2\/product\/22323","targetHints":{"allow":["GET"]}}],"collection":[{"href":"https:\/\/everx.com\/es\/wp-json\/wp\/v2\/product"}],"about":[{"href":"https:\/\/everx.com\/es\/wp-json\/wp\/v2\/types\/product"}],"replies":[{"embeddable":true,"href":"https:\/\/everx.com\/es\/wp-json\/wp\/v2\/comments?post=22323"}],"wp:featuredmedia":[{"embeddable":true,"href":"https:\/\/everx.com\/es\/wp-json\/wp\/v2\/media\/31036"}],"wp:attachment":[{"href":"https:\/\/everx.com\/es\/wp-json\/wp\/v2\/media?parent=22323"}],"wp:term":[{"taxonomy":"product_brand","embeddable":true,"href":"https:\/\/everx.com\/es\/wp-json\/wp\/v2\/product_brand?post=22323"},{"taxonomy":"product_cat","embeddable":true,"href":"https:\/\/everx.com\/es\/wp-json\/wp\/v2\/product_cat?post=22323"},{"taxonomy":"product_tag","embeddable":true,"href":"https:\/\/everx.com\/es\/wp-json\/wp\/v2\/product_tag?post=22323"}],"curies":[{"name":"wp","href":"https:\/\/api.w.org\/{rel}","templated":true}]}}