{"id":22316,"date":"2024-11-02T12:58:58","date_gmt":"2024-11-02T12:58:58","guid":{"rendered":"https:\/\/everx.com\/product\/mamografo-siemens-mammomat-1000-4327\/"},"modified":"2024-11-23T11:04:54","modified_gmt":"2024-11-23T11:04:54","slug":"mamografo-siemens-mammomat-1000-4327","status":"publish","type":"product","link":"https:\/\/everx.com\/es\/product\/mamografo-siemens-mammomat-1000-4327\/","title":{"rendered":"Mam\u00f3grafo Siemens Mammomat 1000 &#8211; 4327"},"content":{"rendered":"<p><span style=\"color: #cb2026;\"><strong>Este sistema se vende actualmente. Av\u00edsanos si buscas un producto similar. <\/strong><\/span><\/p>\n<p>Mam\u00f3grafo Siemens Mammomat 1000 de segunda mano Fabricado: Septiembre de 2011. Ubicaci\u00f3n actual: EXA161230 2 Bucky &#8211; 18X24 y 24X30<\/p>\n","protected":false},"excerpt":{"rendered":"<p>Este sistema se vende actualmente. Av\u00edsanos si buscas un producto similar. Mam\u00f3grafo Siemens Mammomat 1000 de segunda mano Fabricado: Septiembre de 2011. Ubicaci\u00f3n actual: EXA161230 2 Bucky &#8211; 18X24 y 24X30<\/p>\n","protected":false},"featured_media":31017,"comment_status":"open","ping_status":"closed","template":"","meta":{"_acf_changed":false},"product_brand":[],"product_cat":[176],"product_tag":[523,486],"class_list":{"0":"post-22316","1":"product","2":"type-product","3":"status-publish","4":"has-post-thumbnail","6":"product_cat-mammography-es","7":"product_tag-siemens-es","8":"product_tag-vendido","10":"first","11":"outofstock","12":"shipping-taxable","13":"purchasable","14":"product-type-simple"},"acf":[],"jetpack_sharing_enabled":true,"_links":{"self":[{"href":"https:\/\/everx.com\/es\/wp-json\/wp\/v2\/product\/22316","targetHints":{"allow":["GET"]}}],"collection":[{"href":"https:\/\/everx.com\/es\/wp-json\/wp\/v2\/product"}],"about":[{"href":"https:\/\/everx.com\/es\/wp-json\/wp\/v2\/types\/product"}],"replies":[{"embeddable":true,"href":"https:\/\/everx.com\/es\/wp-json\/wp\/v2\/comments?post=22316"}],"wp:featuredmedia":[{"embeddable":true,"href":"https:\/\/everx.com\/es\/wp-json\/wp\/v2\/media\/31017"}],"wp:attachment":[{"href":"https:\/\/everx.com\/es\/wp-json\/wp\/v2\/media?parent=22316"}],"wp:term":[{"taxonomy":"product_brand","embeddable":true,"href":"https:\/\/everx.com\/es\/wp-json\/wp\/v2\/product_brand?post=22316"},{"taxonomy":"product_cat","embeddable":true,"href":"https:\/\/everx.com\/es\/wp-json\/wp\/v2\/product_cat?post=22316"},{"taxonomy":"product_tag","embeddable":true,"href":"https:\/\/everx.com\/es\/wp-json\/wp\/v2\/product_tag?post=22316"}],"curies":[{"name":"wp","href":"https:\/\/api.w.org\/{rel}","templated":true}]}}