{"id":22315,"date":"2024-11-02T12:58:57","date_gmt":"2024-11-02T12:58:57","guid":{"rendered":"https:\/\/everx.com\/product\/ge-senographe-essentials-unidad-de-mamografia-digital-4503\/"},"modified":"2024-11-23T11:04:55","modified_gmt":"2024-11-23T11:04:55","slug":"ge-senographe-essentials-unidad-de-mamografia-digital-4503","status":"publish","type":"product","link":"https:\/\/everx.com\/es\/product\/ge-senographe-essentials-unidad-de-mamografia-digital-4503\/","title":{"rendered":"GE Senographe Essentials &#8211; Unidad de mamograf\u00eda digital -4503"},"content":{"rendered":"<p><span style=\"color: #cb2026;\"><strong>Este sistema se vende actualmente. Av\u00edsanos si buscas un producto similar. <\/strong><\/span><\/p>\n<p>GE Senographe Essentials &#8211; Unidad de mamograf\u00eda digital Fabricado: Febrero de 2009 Ubicaci\u00f3n actual: Australia (EX624) Excelente estado<\/p>\n","protected":false},"excerpt":{"rendered":"<p>Este sistema se vende actualmente. Av\u00edsanos si buscas un producto similar. GE Senographe Essentials &#8211; Unidad de mamograf\u00eda digital Fabricado: Febrero de 2009 Ubicaci\u00f3n actual: Australia (EX624) Excelente estado<\/p>\n","protected":false},"featured_media":31121,"comment_status":"open","ping_status":"closed","template":"","meta":{"_acf_changed":false},"product_brand":[],"product_cat":[176],"product_tag":[237,239,486],"class_list":{"0":"post-22315","1":"product","2":"type-product","3":"status-publish","4":"has-post-thumbnail","6":"product_cat-mammography-es","7":"product_tag-australia-es","8":"product_tag-ge-es","9":"product_tag-vendido","11":"first","12":"outofstock","13":"shipping-taxable","14":"purchasable","15":"product-type-simple"},"acf":[],"jetpack_sharing_enabled":true,"_links":{"self":[{"href":"https:\/\/everx.com\/es\/wp-json\/wp\/v2\/product\/22315","targetHints":{"allow":["GET"]}}],"collection":[{"href":"https:\/\/everx.com\/es\/wp-json\/wp\/v2\/product"}],"about":[{"href":"https:\/\/everx.com\/es\/wp-json\/wp\/v2\/types\/product"}],"replies":[{"embeddable":true,"href":"https:\/\/everx.com\/es\/wp-json\/wp\/v2\/comments?post=22315"}],"wp:featuredmedia":[{"embeddable":true,"href":"https:\/\/everx.com\/es\/wp-json\/wp\/v2\/media\/31121"}],"wp:attachment":[{"href":"https:\/\/everx.com\/es\/wp-json\/wp\/v2\/media?parent=22315"}],"wp:term":[{"taxonomy":"product_brand","embeddable":true,"href":"https:\/\/everx.com\/es\/wp-json\/wp\/v2\/product_brand?post=22315"},{"taxonomy":"product_cat","embeddable":true,"href":"https:\/\/everx.com\/es\/wp-json\/wp\/v2\/product_cat?post=22315"},{"taxonomy":"product_tag","embeddable":true,"href":"https:\/\/everx.com\/es\/wp-json\/wp\/v2\/product_tag?post=22315"}],"curies":[{"name":"wp","href":"https:\/\/api.w.org\/{rel}","templated":true}]}}